{"id":15365,"date":"2026-02-17T11:40:07","date_gmt":"2026-02-17T09:40:07","guid":{"rendered":"https:\/\/capribeautyline.com\/?post_type=product&#038;p=15365"},"modified":"2026-02-19T17:24:28","modified_gmt":"2026-02-19T15:24:28","slug":"peeling-dermorigenerante-esoyal","status":"publish","type":"product","link":"https:\/\/capribeautyline.com\/en\/prodotto\/peeling-dermorigenerante-esoyal\/","title":{"rendered":"Peeling Dermorigenerante Esoyal"},"content":{"rendered":"","protected":false},"excerpt":{"rendered":"<p>Con Acido Ialuronico, Esosomi Vegetali, Alpha Idrossiacidi e Peptidi Rimpolpanti<\/p>\n<p>Questo peeling \u00e8 il cuore tecnico della linea ESOYAL: un rinnovamento controllato che non impoverisce la barriera, ma la rinforza mentre lavora. La presenza combinata di AHA e di un complesso rimpolpante a base di Acido Jaluronico, Peptidi ed Esosomi Vegetali permette una doppia azione sincronizzata: in superficie gli Alpha Idrossiacidi levigano in modo progressivo e uniforme, eliminando le micro-adesioni che rendono la pelle spenta e segnata; in profondit\u00e0 invece l\u2019acido Jaluronico e gli esosomi aumentano l\u2019idratazione strutturale, migliorando elasticit\u00e0 e comfort e attivando la risposta rigenerativa delle zone assottigliate. Il tessuto apparir\u00e0 subito pi\u00f9 pieno, disteso, idratato e tecnicamente pi\u00f9 performante. Indicato per pelli disidratate, sottili, mature, stressate o che \u201ctirano\u201d, \u00e8 il peeling ideale quando si cerca un approccio anti-age delicato ma altamente efficace.<\/p>\n","protected":false},"featured_media":15366,"template":"","meta":[],"product_brand":[],"product_cat":[942],"product_tag":[],"linee":[937],"aree":[348],"soluzioni":[493,523,432,431,370],"class_list":{"0":"post-15365","1":"product","2":"type-product","3":"status-publish","4":"has-post-thumbnail","6":"product_cat-peeling","7":"linee-esoyal","8":"aree-viso","9":"soluzioni-anti-rughe","10":"soluzioni-idratante","11":"soluzioni-peeling","12":"soluzioni-esfoliante","13":"soluzioni-rughe","15":"first","16":"instock","17":"taxable","18":"shipping-taxable","19":"product-type-simple"},"yoast_head":"<!-- This site is optimized with the Yoast SEO plugin v25.4 - https:\/\/yoast.com\/wordpress\/plugins\/seo\/ -->\n<title>Peeling Dermorigenerante Esoyal | Capri Beauty Line<\/title>\n<meta name=\"description\" content=\"Con Acido Ialuronico, Esosomi Vegetali, Alpha Idrossiacidi e Peptidi Rimpolpanti  Questo peeling \u00e8 il cuore tecnico della linea ESOYAL: un rinnovamento controllato che non impoverisce la barriera, ma la rinforza mentre lavora. La presenza combinata di AHA e di un complesso rimpolpante a base di Acido Jaluronico, Peptidi ed Esosomi Vegetali permette una doppia azione sincronizzata: in superficie gli Alpha Idrossiacidi levigano in modo progressivo e uniforme, eliminando le micro-adesioni che rendono la pelle spenta e segnata; in profondit\u00e0 invece l\u2019acido Jaluronico e gli esosomi aumentano l\u2019idratazione strutturale, migliorando elasticit\u00e0 e comfort e attivando la risposta rigenerativa delle zone assottigliate. Il tessuto apparir\u00e0 subito pi\u00f9 pieno, disteso, idratato e tecnicamente pi\u00f9 performante. Indicato per pelli disidratate, sottili, mature, stressate o che \u201ctirano\u201d, \u00e8 il peeling ideale quando si cerca un approccio anti-age delicato ma altamente efficace.\" \/>\n<meta name=\"robots\" content=\"index, follow, max-snippet:-1, max-image-preview:large, max-video-preview:-1\" \/>\n<link rel=\"canonical\" href=\"https:\/\/capribeautyline.com\/en\/prodotto\/peeling-dermorigenerante-esoyal\/\" \/>\n<meta property=\"og:locale\" content=\"en_US\" \/>\n<meta property=\"og:type\" content=\"article\" \/>\n<meta property=\"og:title\" content=\"Peeling Dermorigenerante Esoyal | Capri Beauty Line\" \/>\n<meta property=\"og:description\" content=\"Con Acido Ialuronico, Esosomi Vegetali, Alpha Idrossiacidi e Peptidi Rimpolpanti  Questo peeling \u00e8 il cuore tecnico della linea ESOYAL: un rinnovamento controllato che non impoverisce la barriera, ma la rinforza mentre lavora. La presenza combinata di AHA e di un complesso rimpolpante a base di Acido Jaluronico, Peptidi ed Esosomi Vegetali permette una doppia azione sincronizzata: in superficie gli Alpha Idrossiacidi levigano in modo progressivo e uniforme, eliminando le micro-adesioni che rendono la pelle spenta e segnata; in profondit\u00e0 invece l\u2019acido Jaluronico e gli esosomi aumentano l\u2019idratazione strutturale, migliorando elasticit\u00e0 e comfort e attivando la risposta rigenerativa delle zone assottigliate. Il tessuto apparir\u00e0 subito pi\u00f9 pieno, disteso, idratato e tecnicamente pi\u00f9 performante. Indicato per pelli disidratate, sottili, mature, stressate o che \u201ctirano\u201d, \u00e8 il peeling ideale quando si cerca un approccio anti-age delicato ma altamente efficace.\" \/>\n<meta property=\"og:url\" content=\"https:\/\/capribeautyline.com\/en\/prodotto\/peeling-dermorigenerante-esoyal\/\" \/>\n<meta property=\"og:site_name\" content=\"Capri Beauty Line\" \/>\n<meta property=\"article:publisher\" content=\"https:\/\/www.facebook.com\/capribeautyline\" \/>\n<meta property=\"article:modified_time\" content=\"2026-02-19T15:24:28+00:00\" \/>\n<meta property=\"og:image\" content=\"https:\/\/capribeautyline.com\/wp-content\/uploads\/2026\/02\/58031-Peeling-Dermorigenerante-Esoyal.JPG.jpg\" \/>\n\t<meta property=\"og:image:width\" content=\"1080\" \/>\n\t<meta property=\"og:image:height\" content=\"1080\" \/>\n\t<meta property=\"og:image:type\" content=\"image\/jpeg\" \/>\n<meta name=\"twitter:card\" content=\"summary_large_image\" \/>\n<meta name=\"twitter:label1\" content=\"Est. reading time\" \/>\n\t<meta name=\"twitter:data1\" content=\"1 minute\" \/>\n<script type=\"application\/ld+json\" class=\"yoast-schema-graph\">{\"@context\":\"https:\/\/schema.org\",\"@graph\":[{\"@type\":\"WebPage\",\"@id\":\"https:\/\/capribeautyline.com\/en\/prodotto\/peeling-dermorigenerante-esoyal\/\",\"url\":\"https:\/\/capribeautyline.com\/en\/prodotto\/peeling-dermorigenerante-esoyal\/\",\"name\":\"Peeling Dermorigenerante Esoyal | Capri Beauty Line\",\"isPartOf\":{\"@id\":\"https:\/\/capribeautyline.com\/en\/#website\"},\"primaryImageOfPage\":{\"@id\":\"https:\/\/capribeautyline.com\/en\/prodotto\/peeling-dermorigenerante-esoyal\/#primaryimage\"},\"image\":{\"@id\":\"https:\/\/capribeautyline.com\/en\/prodotto\/peeling-dermorigenerante-esoyal\/#primaryimage\"},\"thumbnailUrl\":\"https:\/\/capribeautyline.com\/wp-content\/uploads\/2026\/02\/58031-Peeling-Dermorigenerante-Esoyal.JPG.jpg\",\"datePublished\":\"2026-02-17T09:40:07+00:00\",\"dateModified\":\"2026-02-19T15:24:28+00:00\",\"description\":\"Con Acido Ialuronico, Esosomi Vegetali, Alpha Idrossiacidi e Peptidi Rimpolpanti Questo peeling \u00e8 il cuore tecnico della linea ESOYAL: un rinnovamento controllato che non impoverisce la barriera, ma la rinforza mentre lavora. La presenza combinata di AHA e di un complesso rimpolpante a base di Acido Jaluronico, Peptidi ed Esosomi Vegetali permette una doppia azione sincronizzata: in superficie gli Alpha Idrossiacidi levigano in modo progressivo e uniforme, eliminando le micro-adesioni che rendono la pelle spenta e segnata; in profondit\u00e0 invece l\u2019acido Jaluronico e gli esosomi aumentano l\u2019idratazione strutturale, migliorando elasticit\u00e0 e comfort e attivando la risposta rigenerativa delle zone assottigliate. Il tessuto apparir\u00e0 subito pi\u00f9 pieno, disteso, idratato e tecnicamente pi\u00f9 performante. Indicato per pelli disidratate, sottili, mature, stressate o che \u201ctirano\u201d, \u00e8 il peeling ideale quando si cerca un approccio anti-age delicato ma altamente efficace.\",\"breadcrumb\":{\"@id\":\"https:\/\/capribeautyline.com\/en\/prodotto\/peeling-dermorigenerante-esoyal\/#breadcrumb\"},\"inLanguage\":\"en-US\",\"potentialAction\":[{\"@type\":\"ReadAction\",\"target\":[\"https:\/\/capribeautyline.com\/en\/prodotto\/peeling-dermorigenerante-esoyal\/\"]}]},{\"@type\":\"ImageObject\",\"inLanguage\":\"en-US\",\"@id\":\"https:\/\/capribeautyline.com\/en\/prodotto\/peeling-dermorigenerante-esoyal\/#primaryimage\",\"url\":\"https:\/\/capribeautyline.com\/wp-content\/uploads\/2026\/02\/58031-Peeling-Dermorigenerante-Esoyal.JPG.jpg\",\"contentUrl\":\"https:\/\/capribeautyline.com\/wp-content\/uploads\/2026\/02\/58031-Peeling-Dermorigenerante-Esoyal.JPG.jpg\",\"width\":1080,\"height\":1080},{\"@type\":\"BreadcrumbList\",\"@id\":\"https:\/\/capribeautyline.com\/en\/prodotto\/peeling-dermorigenerante-esoyal\/#breadcrumb\",\"itemListElement\":[{\"@type\":\"ListItem\",\"position\":1,\"name\":\"Home\",\"item\":\"https:\/\/capribeautyline.com\/en\/\"},{\"@type\":\"ListItem\",\"position\":2,\"name\":\"Shop\",\"item\":\"https:\/\/capribeautyline.com\/negozio\/\"},{\"@type\":\"ListItem\",\"position\":3,\"name\":\"Peeling Dermorigenerante Esoyal\"}]},{\"@type\":\"WebSite\",\"@id\":\"https:\/\/capribeautyline.com\/en\/#website\",\"url\":\"https:\/\/capribeautyline.com\/en\/\",\"name\":\"Capri Beauty Line\",\"description\":\"Cosmesi mediterranea\",\"publisher\":{\"@id\":\"https:\/\/capribeautyline.com\/en\/#organization\"},\"potentialAction\":[{\"@type\":\"SearchAction\",\"target\":{\"@type\":\"EntryPoint\",\"urlTemplate\":\"https:\/\/capribeautyline.com\/en\/?s={search_term_string}\"},\"query-input\":{\"@type\":\"PropertyValueSpecification\",\"valueRequired\":true,\"valueName\":\"search_term_string\"}}],\"inLanguage\":\"en-US\"},{\"@type\":\"Organization\",\"@id\":\"https:\/\/capribeautyline.com\/en\/#organization\",\"name\":\"Capri Beauty Line\",\"url\":\"https:\/\/capribeautyline.com\/en\/\",\"logo\":{\"@type\":\"ImageObject\",\"inLanguage\":\"en-US\",\"@id\":\"https:\/\/capribeautyline.com\/en\/#\/schema\/logo\/image\/\",\"url\":\"https:\/\/capribeautyline.com\/wp-content\/uploads\/2020\/10\/logo-capri-beuaty-line.png\",\"contentUrl\":\"https:\/\/capribeautyline.com\/wp-content\/uploads\/2020\/10\/logo-capri-beuaty-line.png\",\"width\":265,\"height\":86,\"caption\":\"Capri Beauty Line\"},\"image\":{\"@id\":\"https:\/\/capribeautyline.com\/en\/#\/schema\/logo\/image\/\"},\"sameAs\":[\"https:\/\/www.facebook.com\/capribeautyline\",\"https:\/\/www.instagram.com\/capri_beauty_line\"]}]}<\/script>\n<!-- \/ Yoast SEO plugin. -->","yoast_head_json":{"title":"Peeling Dermorigenerante Esoyal | Capri Beauty Line","description":"Con Acido Ialuronico, Esosomi Vegetali, Alpha Idrossiacidi e Peptidi Rimpolpanti  Questo peeling \u00e8 il cuore tecnico della linea ESOYAL: un rinnovamento controllato che non impoverisce la barriera, ma la rinforza mentre lavora. La presenza combinata di AHA e di un complesso rimpolpante a base di Acido Jaluronico, Peptidi ed Esosomi Vegetali permette una doppia azione sincronizzata: in superficie gli Alpha Idrossiacidi levigano in modo progressivo e uniforme, eliminando le micro-adesioni che rendono la pelle spenta e segnata; in profondit\u00e0 invece l\u2019acido Jaluronico e gli esosomi aumentano l\u2019idratazione strutturale, migliorando elasticit\u00e0 e comfort e attivando la risposta rigenerativa delle zone assottigliate. Il tessuto apparir\u00e0 subito pi\u00f9 pieno, disteso, idratato e tecnicamente pi\u00f9 performante. Indicato per pelli disidratate, sottili, mature, stressate o che \u201ctirano\u201d, \u00e8 il peeling ideale quando si cerca un approccio anti-age delicato ma altamente efficace.","robots":{"index":"index","follow":"follow","max-snippet":"max-snippet:-1","max-image-preview":"max-image-preview:large","max-video-preview":"max-video-preview:-1"},"canonical":"https:\/\/capribeautyline.com\/en\/prodotto\/peeling-dermorigenerante-esoyal\/","og_locale":"en_US","og_type":"article","og_title":"Peeling Dermorigenerante Esoyal | Capri Beauty Line","og_description":"Con Acido Ialuronico, Esosomi Vegetali, Alpha Idrossiacidi e Peptidi Rimpolpanti  Questo peeling \u00e8 il cuore tecnico della linea ESOYAL: un rinnovamento controllato che non impoverisce la barriera, ma la rinforza mentre lavora. La presenza combinata di AHA e di un complesso rimpolpante a base di Acido Jaluronico, Peptidi ed Esosomi Vegetali permette una doppia azione sincronizzata: in superficie gli Alpha Idrossiacidi levigano in modo progressivo e uniforme, eliminando le micro-adesioni che rendono la pelle spenta e segnata; in profondit\u00e0 invece l\u2019acido Jaluronico e gli esosomi aumentano l\u2019idratazione strutturale, migliorando elasticit\u00e0 e comfort e attivando la risposta rigenerativa delle zone assottigliate. Il tessuto apparir\u00e0 subito pi\u00f9 pieno, disteso, idratato e tecnicamente pi\u00f9 performante. Indicato per pelli disidratate, sottili, mature, stressate o che \u201ctirano\u201d, \u00e8 il peeling ideale quando si cerca un approccio anti-age delicato ma altamente efficace.","og_url":"https:\/\/capribeautyline.com\/en\/prodotto\/peeling-dermorigenerante-esoyal\/","og_site_name":"Capri Beauty Line","article_publisher":"https:\/\/www.facebook.com\/capribeautyline","article_modified_time":"2026-02-19T15:24:28+00:00","og_image":[{"width":1080,"height":1080,"url":"https:\/\/capribeautyline.com\/wp-content\/uploads\/2026\/02\/58031-Peeling-Dermorigenerante-Esoyal.JPG.jpg","type":"image\/jpeg"}],"twitter_card":"summary_large_image","twitter_misc":{"Est. reading time":"1 minute"},"schema":{"@context":"https:\/\/schema.org","@graph":[{"@type":"WebPage","@id":"https:\/\/capribeautyline.com\/en\/prodotto\/peeling-dermorigenerante-esoyal\/","url":"https:\/\/capribeautyline.com\/en\/prodotto\/peeling-dermorigenerante-esoyal\/","name":"Peeling Dermorigenerante Esoyal | Capri Beauty Line","isPartOf":{"@id":"https:\/\/capribeautyline.com\/en\/#website"},"primaryImageOfPage":{"@id":"https:\/\/capribeautyline.com\/en\/prodotto\/peeling-dermorigenerante-esoyal\/#primaryimage"},"image":{"@id":"https:\/\/capribeautyline.com\/en\/prodotto\/peeling-dermorigenerante-esoyal\/#primaryimage"},"thumbnailUrl":"https:\/\/capribeautyline.com\/wp-content\/uploads\/2026\/02\/58031-Peeling-Dermorigenerante-Esoyal.JPG.jpg","datePublished":"2026-02-17T09:40:07+00:00","dateModified":"2026-02-19T15:24:28+00:00","description":"Con Acido Ialuronico, Esosomi Vegetali, Alpha Idrossiacidi e Peptidi Rimpolpanti Questo peeling \u00e8 il cuore tecnico della linea ESOYAL: un rinnovamento controllato che non impoverisce la barriera, ma la rinforza mentre lavora. La presenza combinata di AHA e di un complesso rimpolpante a base di Acido Jaluronico, Peptidi ed Esosomi Vegetali permette una doppia azione sincronizzata: in superficie gli Alpha Idrossiacidi levigano in modo progressivo e uniforme, eliminando le micro-adesioni che rendono la pelle spenta e segnata; in profondit\u00e0 invece l\u2019acido Jaluronico e gli esosomi aumentano l\u2019idratazione strutturale, migliorando elasticit\u00e0 e comfort e attivando la risposta rigenerativa delle zone assottigliate. Il tessuto apparir\u00e0 subito pi\u00f9 pieno, disteso, idratato e tecnicamente pi\u00f9 performante. Indicato per pelli disidratate, sottili, mature, stressate o che \u201ctirano\u201d, \u00e8 il peeling ideale quando si cerca un approccio anti-age delicato ma altamente efficace.","breadcrumb":{"@id":"https:\/\/capribeautyline.com\/en\/prodotto\/peeling-dermorigenerante-esoyal\/#breadcrumb"},"inLanguage":"en-US","potentialAction":[{"@type":"ReadAction","target":["https:\/\/capribeautyline.com\/en\/prodotto\/peeling-dermorigenerante-esoyal\/"]}]},{"@type":"ImageObject","inLanguage":"en-US","@id":"https:\/\/capribeautyline.com\/en\/prodotto\/peeling-dermorigenerante-esoyal\/#primaryimage","url":"https:\/\/capribeautyline.com\/wp-content\/uploads\/2026\/02\/58031-Peeling-Dermorigenerante-Esoyal.JPG.jpg","contentUrl":"https:\/\/capribeautyline.com\/wp-content\/uploads\/2026\/02\/58031-Peeling-Dermorigenerante-Esoyal.JPG.jpg","width":1080,"height":1080},{"@type":"BreadcrumbList","@id":"https:\/\/capribeautyline.com\/en\/prodotto\/peeling-dermorigenerante-esoyal\/#breadcrumb","itemListElement":[{"@type":"ListItem","position":1,"name":"Home","item":"https:\/\/capribeautyline.com\/en\/"},{"@type":"ListItem","position":2,"name":"Shop","item":"https:\/\/capribeautyline.com\/negozio\/"},{"@type":"ListItem","position":3,"name":"Peeling Dermorigenerante Esoyal"}]},{"@type":"WebSite","@id":"https:\/\/capribeautyline.com\/en\/#website","url":"https:\/\/capribeautyline.com\/en\/","name":"Capri Beauty Line","description":"Cosmesi mediterranea","publisher":{"@id":"https:\/\/capribeautyline.com\/en\/#organization"},"potentialAction":[{"@type":"SearchAction","target":{"@type":"EntryPoint","urlTemplate":"https:\/\/capribeautyline.com\/en\/?s={search_term_string}"},"query-input":{"@type":"PropertyValueSpecification","valueRequired":true,"valueName":"search_term_string"}}],"inLanguage":"en-US"},{"@type":"Organization","@id":"https:\/\/capribeautyline.com\/en\/#organization","name":"Capri Beauty Line","url":"https:\/\/capribeautyline.com\/en\/","logo":{"@type":"ImageObject","inLanguage":"en-US","@id":"https:\/\/capribeautyline.com\/en\/#\/schema\/logo\/image\/","url":"https:\/\/capribeautyline.com\/wp-content\/uploads\/2020\/10\/logo-capri-beuaty-line.png","contentUrl":"https:\/\/capribeautyline.com\/wp-content\/uploads\/2020\/10\/logo-capri-beuaty-line.png","width":265,"height":86,"caption":"Capri Beauty Line"},"image":{"@id":"https:\/\/capribeautyline.com\/en\/#\/schema\/logo\/image\/"},"sameAs":["https:\/\/www.facebook.com\/capribeautyline","https:\/\/www.instagram.com\/capri_beauty_line"]}]}},"_links":{"self":[{"href":"https:\/\/capribeautyline.com\/en\/wp-json\/wp\/v2\/product\/15365","targetHints":{"allow":["GET"]}}],"collection":[{"href":"https:\/\/capribeautyline.com\/en\/wp-json\/wp\/v2\/product"}],"about":[{"href":"https:\/\/capribeautyline.com\/en\/wp-json\/wp\/v2\/types\/product"}],"wp:featuredmedia":[{"embeddable":true,"href":"https:\/\/capribeautyline.com\/en\/wp-json\/wp\/v2\/media\/15366"}],"wp:attachment":[{"href":"https:\/\/capribeautyline.com\/en\/wp-json\/wp\/v2\/media?parent=15365"}],"wp:term":[{"taxonomy":"product_brand","embeddable":true,"href":"https:\/\/capribeautyline.com\/en\/wp-json\/wp\/v2\/product_brand?post=15365"},{"taxonomy":"product_cat","embeddable":true,"href":"https:\/\/capribeautyline.com\/en\/wp-json\/wp\/v2\/product_cat?post=15365"},{"taxonomy":"product_tag","embeddable":true,"href":"https:\/\/capribeautyline.com\/en\/wp-json\/wp\/v2\/product_tag?post=15365"},{"taxonomy":"linee","embeddable":true,"href":"https:\/\/capribeautyline.com\/en\/wp-json\/wp\/v2\/linee?post=15365"},{"taxonomy":"aree","embeddable":true,"href":"https:\/\/capribeautyline.com\/en\/wp-json\/wp\/v2\/aree?post=15365"},{"taxonomy":"soluzioni","embeddable":true,"href":"https:\/\/capribeautyline.com\/en\/wp-json\/wp\/v2\/soluzioni?post=15365"}],"curies":[{"name":"wp","href":"https:\/\/api.w.org\/{rel}","templated":true}]}}