{"id":15396,"date":"2026-02-17T12:24:23","date_gmt":"2026-02-17T10:24:23","guid":{"rendered":"https:\/\/capribeautyline.com\/?post_type=product&#038;p=15396"},"modified":"2026-02-19T17:50:40","modified_gmt":"2026-02-19T15:50:40","slug":"attivatore-dermoveicolante-esoshine","status":"publish","type":"product","link":"https:\/\/capribeautyline.com\/en\/prodotto\/attivatore-dermoveicolante-esoshine\/","title":{"rendered":"Attivatore Dermoveicolante Esoshine"},"content":{"rendered":"","protected":false},"excerpt":{"rendered":"<p>Con Acido Tranexamico, Alpha Idrossiacidi calibrati, Vitamina C, Esosomi e Vitamina B2<\/p>\n<p>L\u2019Attivatore Dermoveicolante Esoshine \u00e8 la fase che porta in profondit\u00e0 l\u2019azione uniformante del protocollo, creando le condizioni ideali per un trattamento schiarente ad alta precisione. La sua formulazione favorisce un assorbimento graduale e controllato degli attivi, supportando la riduzione delle discromie e migliorando la trasparenza dell\u2019incarnato senza aggredire la barriera cutanea. La presenza di Esosomi e Vitamina B2 aiuta a stabilizzare la risposta cutanea, riducendo il rischio di nuove iperpigmentazioni e migliorando nel tempo la regolarit\u00e0 del tono. Il risultato \u00e8 un tessuto che appare pi\u00f9 luminoso, ordinato e omogeneo, perfetto nei protocolli antimacchia continuativi e nei percorsi di mantenimento.<\/p>\n","protected":false},"featured_media":15397,"template":"","meta":[],"product_brand":[],"product_cat":[639],"product_tag":[],"linee":[939],"aree":[348],"soluzioni":[432,366,431,429,498],"class_list":{"0":"post-15396","1":"product","2":"type-product","3":"status-publish","4":"has-post-thumbnail","6":"product_cat-maschere","7":"linee-esoshine","8":"aree-viso","9":"soluzioni-peeling","10":"soluzioni-anti-macchia","11":"soluzioni-esfoliante","12":"soluzioni-schiarente","13":"soluzioni-illuminante","15":"first","16":"instock","17":"taxable","18":"shipping-taxable","19":"product-type-simple"},"yoast_head":"<!-- This site is optimized with the Yoast SEO plugin v25.4 - https:\/\/yoast.com\/wordpress\/plugins\/seo\/ -->\n<title>Attivatore Dermoveicolante Esoshine | Capri Beauty Line<\/title>\n<meta name=\"description\" content=\"Con Acido Tranexamico, Alpha Idrossiacidi calibrati, Vitamina C, Esosomi e Vitamina B2  L\u2019Attivatore Dermoveicolante Esoshine \u00e8 la fase che porta in profondit\u00e0 l\u2019azione uniformante del protocollo, creando le condizioni ideali per un trattamento schiarente ad alta precisione. La sua formulazione favorisce un assorbimento graduale e controllato degli attivi, supportando la riduzione delle discromie e migliorando la trasparenza dell\u2019incarnato senza aggredire la barriera cutanea. La presenza di Esosomi e Vitamina B2 aiuta a stabilizzare la risposta cutanea, riducendo il rischio di nuove iperpigmentazioni e migliorando nel tempo la regolarit\u00e0 del tono. Il risultato \u00e8 un tessuto che appare pi\u00f9 luminoso, ordinato e omogeneo, perfetto nei protocolli antimacchia continuativi e nei percorsi di mantenimento.\" \/>\n<meta name=\"robots\" content=\"index, follow, max-snippet:-1, max-image-preview:large, max-video-preview:-1\" \/>\n<link rel=\"canonical\" href=\"https:\/\/capribeautyline.com\/en\/prodotto\/attivatore-dermoveicolante-esoshine\/\" \/>\n<meta property=\"og:locale\" content=\"en_US\" \/>\n<meta property=\"og:type\" content=\"article\" \/>\n<meta property=\"og:title\" content=\"Attivatore Dermoveicolante Esoshine | Capri Beauty Line\" \/>\n<meta property=\"og:description\" content=\"Con Acido Tranexamico, Alpha Idrossiacidi calibrati, Vitamina C, Esosomi e Vitamina B2  L\u2019Attivatore Dermoveicolante Esoshine \u00e8 la fase che porta in profondit\u00e0 l\u2019azione uniformante del protocollo, creando le condizioni ideali per un trattamento schiarente ad alta precisione. La sua formulazione favorisce un assorbimento graduale e controllato degli attivi, supportando la riduzione delle discromie e migliorando la trasparenza dell\u2019incarnato senza aggredire la barriera cutanea. La presenza di Esosomi e Vitamina B2 aiuta a stabilizzare la risposta cutanea, riducendo il rischio di nuove iperpigmentazioni e migliorando nel tempo la regolarit\u00e0 del tono. Il risultato \u00e8 un tessuto che appare pi\u00f9 luminoso, ordinato e omogeneo, perfetto nei protocolli antimacchia continuativi e nei percorsi di mantenimento.\" \/>\n<meta property=\"og:url\" content=\"https:\/\/capribeautyline.com\/en\/prodotto\/attivatore-dermoveicolante-esoshine\/\" \/>\n<meta property=\"og:site_name\" content=\"Capri Beauty Line\" \/>\n<meta property=\"article:publisher\" content=\"https:\/\/www.facebook.com\/capribeautyline\" \/>\n<meta property=\"article:modified_time\" content=\"2026-02-19T15:50:40+00:00\" \/>\n<meta property=\"og:image\" content=\"https:\/\/capribeautyline.com\/wp-content\/uploads\/2026\/02\/58053-Attivatore-Dermoveicolante-Esoshine.JPG.jpg\" \/>\n\t<meta property=\"og:image:width\" content=\"1080\" \/>\n\t<meta property=\"og:image:height\" content=\"1080\" \/>\n\t<meta property=\"og:image:type\" content=\"image\/jpeg\" \/>\n<meta name=\"twitter:card\" content=\"summary_large_image\" \/>\n<meta name=\"twitter:label1\" content=\"Est. reading time\" \/>\n\t<meta name=\"twitter:data1\" content=\"1 minute\" \/>\n<script type=\"application\/ld+json\" class=\"yoast-schema-graph\">{\"@context\":\"https:\/\/schema.org\",\"@graph\":[{\"@type\":\"WebPage\",\"@id\":\"https:\/\/capribeautyline.com\/en\/prodotto\/attivatore-dermoveicolante-esoshine\/\",\"url\":\"https:\/\/capribeautyline.com\/en\/prodotto\/attivatore-dermoveicolante-esoshine\/\",\"name\":\"Attivatore Dermoveicolante Esoshine | Capri Beauty Line\",\"isPartOf\":{\"@id\":\"https:\/\/capribeautyline.com\/en\/#website\"},\"primaryImageOfPage\":{\"@id\":\"https:\/\/capribeautyline.com\/en\/prodotto\/attivatore-dermoveicolante-esoshine\/#primaryimage\"},\"image\":{\"@id\":\"https:\/\/capribeautyline.com\/en\/prodotto\/attivatore-dermoveicolante-esoshine\/#primaryimage\"},\"thumbnailUrl\":\"https:\/\/capribeautyline.com\/wp-content\/uploads\/2026\/02\/58053-Attivatore-Dermoveicolante-Esoshine.JPG.jpg\",\"datePublished\":\"2026-02-17T10:24:23+00:00\",\"dateModified\":\"2026-02-19T15:50:40+00:00\",\"description\":\"Con Acido Tranexamico, Alpha Idrossiacidi calibrati, Vitamina C, Esosomi e Vitamina B2 L\u2019Attivatore Dermoveicolante Esoshine \u00e8 la fase che porta in profondit\u00e0 l\u2019azione uniformante del protocollo, creando le condizioni ideali per un trattamento schiarente ad alta precisione. La sua formulazione favorisce un assorbimento graduale e controllato degli attivi, supportando la riduzione delle discromie e migliorando la trasparenza dell\u2019incarnato senza aggredire la barriera cutanea. La presenza di Esosomi e Vitamina B2 aiuta a stabilizzare la risposta cutanea, riducendo il rischio di nuove iperpigmentazioni e migliorando nel tempo la regolarit\u00e0 del tono. Il risultato \u00e8 un tessuto che appare pi\u00f9 luminoso, ordinato e omogeneo, perfetto nei protocolli antimacchia continuativi e nei percorsi di mantenimento.\",\"breadcrumb\":{\"@id\":\"https:\/\/capribeautyline.com\/en\/prodotto\/attivatore-dermoveicolante-esoshine\/#breadcrumb\"},\"inLanguage\":\"en-US\",\"potentialAction\":[{\"@type\":\"ReadAction\",\"target\":[\"https:\/\/capribeautyline.com\/en\/prodotto\/attivatore-dermoveicolante-esoshine\/\"]}]},{\"@type\":\"ImageObject\",\"inLanguage\":\"en-US\",\"@id\":\"https:\/\/capribeautyline.com\/en\/prodotto\/attivatore-dermoveicolante-esoshine\/#primaryimage\",\"url\":\"https:\/\/capribeautyline.com\/wp-content\/uploads\/2026\/02\/58053-Attivatore-Dermoveicolante-Esoshine.JPG.jpg\",\"contentUrl\":\"https:\/\/capribeautyline.com\/wp-content\/uploads\/2026\/02\/58053-Attivatore-Dermoveicolante-Esoshine.JPG.jpg\",\"width\":1080,\"height\":1080},{\"@type\":\"BreadcrumbList\",\"@id\":\"https:\/\/capribeautyline.com\/en\/prodotto\/attivatore-dermoveicolante-esoshine\/#breadcrumb\",\"itemListElement\":[{\"@type\":\"ListItem\",\"position\":1,\"name\":\"Home\",\"item\":\"https:\/\/capribeautyline.com\/en\/\"},{\"@type\":\"ListItem\",\"position\":2,\"name\":\"Shop\",\"item\":\"https:\/\/capribeautyline.com\/negozio\/\"},{\"@type\":\"ListItem\",\"position\":3,\"name\":\"Attivatore Dermoveicolante Esoshine\"}]},{\"@type\":\"WebSite\",\"@id\":\"https:\/\/capribeautyline.com\/en\/#website\",\"url\":\"https:\/\/capribeautyline.com\/en\/\",\"name\":\"Capri Beauty Line\",\"description\":\"Cosmesi mediterranea\",\"publisher\":{\"@id\":\"https:\/\/capribeautyline.com\/en\/#organization\"},\"potentialAction\":[{\"@type\":\"SearchAction\",\"target\":{\"@type\":\"EntryPoint\",\"urlTemplate\":\"https:\/\/capribeautyline.com\/en\/?s={search_term_string}\"},\"query-input\":{\"@type\":\"PropertyValueSpecification\",\"valueRequired\":true,\"valueName\":\"search_term_string\"}}],\"inLanguage\":\"en-US\"},{\"@type\":\"Organization\",\"@id\":\"https:\/\/capribeautyline.com\/en\/#organization\",\"name\":\"Capri Beauty Line\",\"url\":\"https:\/\/capribeautyline.com\/en\/\",\"logo\":{\"@type\":\"ImageObject\",\"inLanguage\":\"en-US\",\"@id\":\"https:\/\/capribeautyline.com\/en\/#\/schema\/logo\/image\/\",\"url\":\"https:\/\/capribeautyline.com\/wp-content\/uploads\/2020\/10\/logo-capri-beuaty-line.png\",\"contentUrl\":\"https:\/\/capribeautyline.com\/wp-content\/uploads\/2020\/10\/logo-capri-beuaty-line.png\",\"width\":265,\"height\":86,\"caption\":\"Capri Beauty Line\"},\"image\":{\"@id\":\"https:\/\/capribeautyline.com\/en\/#\/schema\/logo\/image\/\"},\"sameAs\":[\"https:\/\/www.facebook.com\/capribeautyline\",\"https:\/\/www.instagram.com\/capri_beauty_line\"]}]}<\/script>\n<!-- \/ Yoast SEO plugin. -->","yoast_head_json":{"title":"Attivatore Dermoveicolante Esoshine | Capri Beauty Line","description":"Con Acido Tranexamico, Alpha Idrossiacidi calibrati, Vitamina C, Esosomi e Vitamina B2  L\u2019Attivatore Dermoveicolante Esoshine \u00e8 la fase che porta in profondit\u00e0 l\u2019azione uniformante del protocollo, creando le condizioni ideali per un trattamento schiarente ad alta precisione. La sua formulazione favorisce un assorbimento graduale e controllato degli attivi, supportando la riduzione delle discromie e migliorando la trasparenza dell\u2019incarnato senza aggredire la barriera cutanea. La presenza di Esosomi e Vitamina B2 aiuta a stabilizzare la risposta cutanea, riducendo il rischio di nuove iperpigmentazioni e migliorando nel tempo la regolarit\u00e0 del tono. Il risultato \u00e8 un tessuto che appare pi\u00f9 luminoso, ordinato e omogeneo, perfetto nei protocolli antimacchia continuativi e nei percorsi di mantenimento.","robots":{"index":"index","follow":"follow","max-snippet":"max-snippet:-1","max-image-preview":"max-image-preview:large","max-video-preview":"max-video-preview:-1"},"canonical":"https:\/\/capribeautyline.com\/en\/prodotto\/attivatore-dermoveicolante-esoshine\/","og_locale":"en_US","og_type":"article","og_title":"Attivatore Dermoveicolante Esoshine | Capri Beauty Line","og_description":"Con Acido Tranexamico, Alpha Idrossiacidi calibrati, Vitamina C, Esosomi e Vitamina B2  L\u2019Attivatore Dermoveicolante Esoshine \u00e8 la fase che porta in profondit\u00e0 l\u2019azione uniformante del protocollo, creando le condizioni ideali per un trattamento schiarente ad alta precisione. La sua formulazione favorisce un assorbimento graduale e controllato degli attivi, supportando la riduzione delle discromie e migliorando la trasparenza dell\u2019incarnato senza aggredire la barriera cutanea. La presenza di Esosomi e Vitamina B2 aiuta a stabilizzare la risposta cutanea, riducendo il rischio di nuove iperpigmentazioni e migliorando nel tempo la regolarit\u00e0 del tono. Il risultato \u00e8 un tessuto che appare pi\u00f9 luminoso, ordinato e omogeneo, perfetto nei protocolli antimacchia continuativi e nei percorsi di mantenimento.","og_url":"https:\/\/capribeautyline.com\/en\/prodotto\/attivatore-dermoveicolante-esoshine\/","og_site_name":"Capri Beauty Line","article_publisher":"https:\/\/www.facebook.com\/capribeautyline","article_modified_time":"2026-02-19T15:50:40+00:00","og_image":[{"width":1080,"height":1080,"url":"https:\/\/capribeautyline.com\/wp-content\/uploads\/2026\/02\/58053-Attivatore-Dermoveicolante-Esoshine.JPG.jpg","type":"image\/jpeg"}],"twitter_card":"summary_large_image","twitter_misc":{"Est. reading time":"1 minute"},"schema":{"@context":"https:\/\/schema.org","@graph":[{"@type":"WebPage","@id":"https:\/\/capribeautyline.com\/en\/prodotto\/attivatore-dermoveicolante-esoshine\/","url":"https:\/\/capribeautyline.com\/en\/prodotto\/attivatore-dermoveicolante-esoshine\/","name":"Attivatore Dermoveicolante Esoshine | Capri Beauty Line","isPartOf":{"@id":"https:\/\/capribeautyline.com\/en\/#website"},"primaryImageOfPage":{"@id":"https:\/\/capribeautyline.com\/en\/prodotto\/attivatore-dermoveicolante-esoshine\/#primaryimage"},"image":{"@id":"https:\/\/capribeautyline.com\/en\/prodotto\/attivatore-dermoveicolante-esoshine\/#primaryimage"},"thumbnailUrl":"https:\/\/capribeautyline.com\/wp-content\/uploads\/2026\/02\/58053-Attivatore-Dermoveicolante-Esoshine.JPG.jpg","datePublished":"2026-02-17T10:24:23+00:00","dateModified":"2026-02-19T15:50:40+00:00","description":"Con Acido Tranexamico, Alpha Idrossiacidi calibrati, Vitamina C, Esosomi e Vitamina B2 L\u2019Attivatore Dermoveicolante Esoshine \u00e8 la fase che porta in profondit\u00e0 l\u2019azione uniformante del protocollo, creando le condizioni ideali per un trattamento schiarente ad alta precisione. La sua formulazione favorisce un assorbimento graduale e controllato degli attivi, supportando la riduzione delle discromie e migliorando la trasparenza dell\u2019incarnato senza aggredire la barriera cutanea. La presenza di Esosomi e Vitamina B2 aiuta a stabilizzare la risposta cutanea, riducendo il rischio di nuove iperpigmentazioni e migliorando nel tempo la regolarit\u00e0 del tono. Il risultato \u00e8 un tessuto che appare pi\u00f9 luminoso, ordinato e omogeneo, perfetto nei protocolli antimacchia continuativi e nei percorsi di mantenimento.","breadcrumb":{"@id":"https:\/\/capribeautyline.com\/en\/prodotto\/attivatore-dermoveicolante-esoshine\/#breadcrumb"},"inLanguage":"en-US","potentialAction":[{"@type":"ReadAction","target":["https:\/\/capribeautyline.com\/en\/prodotto\/attivatore-dermoveicolante-esoshine\/"]}]},{"@type":"ImageObject","inLanguage":"en-US","@id":"https:\/\/capribeautyline.com\/en\/prodotto\/attivatore-dermoveicolante-esoshine\/#primaryimage","url":"https:\/\/capribeautyline.com\/wp-content\/uploads\/2026\/02\/58053-Attivatore-Dermoveicolante-Esoshine.JPG.jpg","contentUrl":"https:\/\/capribeautyline.com\/wp-content\/uploads\/2026\/02\/58053-Attivatore-Dermoveicolante-Esoshine.JPG.jpg","width":1080,"height":1080},{"@type":"BreadcrumbList","@id":"https:\/\/capribeautyline.com\/en\/prodotto\/attivatore-dermoveicolante-esoshine\/#breadcrumb","itemListElement":[{"@type":"ListItem","position":1,"name":"Home","item":"https:\/\/capribeautyline.com\/en\/"},{"@type":"ListItem","position":2,"name":"Shop","item":"https:\/\/capribeautyline.com\/negozio\/"},{"@type":"ListItem","position":3,"name":"Attivatore Dermoveicolante Esoshine"}]},{"@type":"WebSite","@id":"https:\/\/capribeautyline.com\/en\/#website","url":"https:\/\/capribeautyline.com\/en\/","name":"Capri Beauty Line","description":"Cosmesi mediterranea","publisher":{"@id":"https:\/\/capribeautyline.com\/en\/#organization"},"potentialAction":[{"@type":"SearchAction","target":{"@type":"EntryPoint","urlTemplate":"https:\/\/capribeautyline.com\/en\/?s={search_term_string}"},"query-input":{"@type":"PropertyValueSpecification","valueRequired":true,"valueName":"search_term_string"}}],"inLanguage":"en-US"},{"@type":"Organization","@id":"https:\/\/capribeautyline.com\/en\/#organization","name":"Capri Beauty Line","url":"https:\/\/capribeautyline.com\/en\/","logo":{"@type":"ImageObject","inLanguage":"en-US","@id":"https:\/\/capribeautyline.com\/en\/#\/schema\/logo\/image\/","url":"https:\/\/capribeautyline.com\/wp-content\/uploads\/2020\/10\/logo-capri-beuaty-line.png","contentUrl":"https:\/\/capribeautyline.com\/wp-content\/uploads\/2020\/10\/logo-capri-beuaty-line.png","width":265,"height":86,"caption":"Capri Beauty Line"},"image":{"@id":"https:\/\/capribeautyline.com\/en\/#\/schema\/logo\/image\/"},"sameAs":["https:\/\/www.facebook.com\/capribeautyline","https:\/\/www.instagram.com\/capri_beauty_line"]}]}},"_links":{"self":[{"href":"https:\/\/capribeautyline.com\/en\/wp-json\/wp\/v2\/product\/15396","targetHints":{"allow":["GET"]}}],"collection":[{"href":"https:\/\/capribeautyline.com\/en\/wp-json\/wp\/v2\/product"}],"about":[{"href":"https:\/\/capribeautyline.com\/en\/wp-json\/wp\/v2\/types\/product"}],"wp:featuredmedia":[{"embeddable":true,"href":"https:\/\/capribeautyline.com\/en\/wp-json\/wp\/v2\/media\/15397"}],"wp:attachment":[{"href":"https:\/\/capribeautyline.com\/en\/wp-json\/wp\/v2\/media?parent=15396"}],"wp:term":[{"taxonomy":"product_brand","embeddable":true,"href":"https:\/\/capribeautyline.com\/en\/wp-json\/wp\/v2\/product_brand?post=15396"},{"taxonomy":"product_cat","embeddable":true,"href":"https:\/\/capribeautyline.com\/en\/wp-json\/wp\/v2\/product_cat?post=15396"},{"taxonomy":"product_tag","embeddable":true,"href":"https:\/\/capribeautyline.com\/en\/wp-json\/wp\/v2\/product_tag?post=15396"},{"taxonomy":"linee","embeddable":true,"href":"https:\/\/capribeautyline.com\/en\/wp-json\/wp\/v2\/linee?post=15396"},{"taxonomy":"aree","embeddable":true,"href":"https:\/\/capribeautyline.com\/en\/wp-json\/wp\/v2\/aree?post=15396"},{"taxonomy":"soluzioni","embeddable":true,"href":"https:\/\/capribeautyline.com\/en\/wp-json\/wp\/v2\/soluzioni?post=15396"}],"curies":[{"name":"wp","href":"https:\/\/api.w.org\/{rel}","templated":true}]}}