{"id":15405,"date":"2026-02-17T12:32:08","date_gmt":"2026-02-17T10:32:08","guid":{"rendered":"https:\/\/capribeautyline.com\/?post_type=product&#038;p=15405"},"modified":"2026-02-19T17:57:43","modified_gmt":"2026-02-19T15:57:43","slug":"peeling-riducente-corpo-esoslim","status":"publish","type":"product","link":"https:\/\/capribeautyline.com\/en\/prodotto\/peeling-riducente-corpo-esoslim\/","title":{"rendered":"Peeling Riducente Corpo Esoslim"},"content":{"rendered":"","protected":false},"excerpt":{"rendered":"<p>Con Esosomi, Acido Poliglucuronico, Alpha Idrossiacidi, Estratto di Pianta Carnivora, Fosfatidilcolina e Carnitina<\/p>\n<p>Il Peeling Riducente Esoslim agisce in modo mirato su cellulite e ristagni. L\u2019Acido Poliglucuronico favorisce la mobilizzazione degli accumuli e un drenaggio pi\u00f9 rapido dei liquidi, alleggerendo progressivamente la tissutazione. Gli Esosomi supportano la risposta rigenerativa del tessuto, rendendolo pi\u00f9 vitale, ossigenato e reattivo al trattamento riducente. La sinergia con Fosfatidilcolina, Carnitina ed Estratto di Pianta Carnivora amplifica l\u2019effetto rimodellante. Seduta dopo seduta, le zone critiche appaiono meno compatte, pi\u00f9 drenate e pi\u00f9 leggere, con una grana cutanea visibilmente pi\u00f9 fine. Perfetto per cellulite fibrosa, compatta o dolorosa.<\/p>\n","protected":false},"featured_media":15406,"template":"","meta":[],"product_brand":[],"product_cat":[942,640],"product_tag":[],"linee":[940],"aree":[359],"soluzioni":[432,529,530,374],"class_list":{"0":"post-15405","1":"product","2":"type-product","3":"status-publish","4":"has-post-thumbnail","6":"product_cat-peeling","7":"product_cat-concentrati-attivi","8":"linee-esoslim","9":"aree-corpo","10":"soluzioni-peeling","11":"soluzioni-ritenzione-idrica","12":"soluzioni-buccia-darancia","13":"soluzioni-cellulite","15":"first","16":"instock","17":"taxable","18":"shipping-taxable","19":"product-type-simple"},"yoast_head":"<!-- This site is optimized with the Yoast SEO plugin v25.4 - https:\/\/yoast.com\/wordpress\/plugins\/seo\/ -->\n<title>Peeling Riducente Corpo Esoslim | Capri Beauty Line<\/title>\n<meta name=\"description\" content=\"Con Esosomi, Acido Poliglucuronico, Alpha Idrossiacidi, Estratto di Pianta Carnivora, Fosfatidilcolina e Carnitina  Il Peeling Riducente Esoslim agisce in modo mirato su cellulite e ristagni. L\u2019Acido Poliglucuronico favorisce la mobilizzazione degli accumuli e un drenaggio pi\u00f9 rapido dei liquidi, alleggerendo progressivamente la tissutazione. Gli Esosomi supportano la risposta rigenerativa del tessuto, rendendolo pi\u00f9 vitale, ossigenato e reattivo al trattamento riducente. La sinergia con Fosfatidilcolina, Carnitina ed Estratto di Pianta Carnivora amplifica l\u2019effetto rimodellante. Seduta dopo seduta, le zone critiche appaiono meno compatte, pi\u00f9 drenate e pi\u00f9 leggere, con una grana cutanea visibilmente pi\u00f9 fine. Perfetto per cellulite fibrosa, compatta o dolorosa.\" \/>\n<meta name=\"robots\" content=\"index, follow, max-snippet:-1, max-image-preview:large, max-video-preview:-1\" \/>\n<link rel=\"canonical\" href=\"https:\/\/capribeautyline.com\/en\/prodotto\/peeling-riducente-corpo-esoslim\/\" \/>\n<meta property=\"og:locale\" content=\"en_US\" \/>\n<meta property=\"og:type\" content=\"article\" \/>\n<meta property=\"og:title\" content=\"Peeling Riducente Corpo Esoslim | Capri Beauty Line\" \/>\n<meta property=\"og:description\" content=\"Con Esosomi, Acido Poliglucuronico, Alpha Idrossiacidi, Estratto di Pianta Carnivora, Fosfatidilcolina e Carnitina  Il Peeling Riducente Esoslim agisce in modo mirato su cellulite e ristagni. L\u2019Acido Poliglucuronico favorisce la mobilizzazione degli accumuli e un drenaggio pi\u00f9 rapido dei liquidi, alleggerendo progressivamente la tissutazione. Gli Esosomi supportano la risposta rigenerativa del tessuto, rendendolo pi\u00f9 vitale, ossigenato e reattivo al trattamento riducente. La sinergia con Fosfatidilcolina, Carnitina ed Estratto di Pianta Carnivora amplifica l\u2019effetto rimodellante. Seduta dopo seduta, le zone critiche appaiono meno compatte, pi\u00f9 drenate e pi\u00f9 leggere, con una grana cutanea visibilmente pi\u00f9 fine. Perfetto per cellulite fibrosa, compatta o dolorosa.\" \/>\n<meta property=\"og:url\" content=\"https:\/\/capribeautyline.com\/en\/prodotto\/peeling-riducente-corpo-esoslim\/\" \/>\n<meta property=\"og:site_name\" content=\"Capri Beauty Line\" \/>\n<meta property=\"article:publisher\" content=\"https:\/\/www.facebook.com\/capribeautyline\" \/>\n<meta property=\"article:modified_time\" content=\"2026-02-19T15:57:43+00:00\" \/>\n<meta property=\"og:image\" content=\"https:\/\/capribeautyline.com\/wp-content\/uploads\/2026\/02\/58062-Peeling-Riducente-Corpo-Esoslim.JPG.jpg\" \/>\n\t<meta property=\"og:image:width\" content=\"1080\" \/>\n\t<meta property=\"og:image:height\" content=\"1080\" \/>\n\t<meta property=\"og:image:type\" content=\"image\/jpeg\" \/>\n<meta name=\"twitter:card\" content=\"summary_large_image\" \/>\n<meta name=\"twitter:label1\" content=\"Est. reading time\" \/>\n\t<meta name=\"twitter:data1\" content=\"1 minute\" \/>\n<script type=\"application\/ld+json\" class=\"yoast-schema-graph\">{\"@context\":\"https:\/\/schema.org\",\"@graph\":[{\"@type\":\"WebPage\",\"@id\":\"https:\/\/capribeautyline.com\/en\/prodotto\/peeling-riducente-corpo-esoslim\/\",\"url\":\"https:\/\/capribeautyline.com\/en\/prodotto\/peeling-riducente-corpo-esoslim\/\",\"name\":\"Peeling Riducente Corpo Esoslim | Capri Beauty Line\",\"isPartOf\":{\"@id\":\"https:\/\/capribeautyline.com\/en\/#website\"},\"primaryImageOfPage\":{\"@id\":\"https:\/\/capribeautyline.com\/en\/prodotto\/peeling-riducente-corpo-esoslim\/#primaryimage\"},\"image\":{\"@id\":\"https:\/\/capribeautyline.com\/en\/prodotto\/peeling-riducente-corpo-esoslim\/#primaryimage\"},\"thumbnailUrl\":\"https:\/\/capribeautyline.com\/wp-content\/uploads\/2026\/02\/58062-Peeling-Riducente-Corpo-Esoslim.JPG.jpg\",\"datePublished\":\"2026-02-17T10:32:08+00:00\",\"dateModified\":\"2026-02-19T15:57:43+00:00\",\"description\":\"Con Esosomi, Acido Poliglucuronico, Alpha Idrossiacidi, Estratto di Pianta Carnivora, Fosfatidilcolina e Carnitina Il Peeling Riducente Esoslim agisce in modo mirato su cellulite e ristagni. L\u2019Acido Poliglucuronico favorisce la mobilizzazione degli accumuli e un drenaggio pi\u00f9 rapido dei liquidi, alleggerendo progressivamente la tissutazione. Gli Esosomi supportano la risposta rigenerativa del tessuto, rendendolo pi\u00f9 vitale, ossigenato e reattivo al trattamento riducente. La sinergia con Fosfatidilcolina, Carnitina ed Estratto di Pianta Carnivora amplifica l\u2019effetto rimodellante. Seduta dopo seduta, le zone critiche appaiono meno compatte, pi\u00f9 drenate e pi\u00f9 leggere, con una grana cutanea visibilmente pi\u00f9 fine. Perfetto per cellulite fibrosa, compatta o dolorosa.\",\"breadcrumb\":{\"@id\":\"https:\/\/capribeautyline.com\/en\/prodotto\/peeling-riducente-corpo-esoslim\/#breadcrumb\"},\"inLanguage\":\"en-US\",\"potentialAction\":[{\"@type\":\"ReadAction\",\"target\":[\"https:\/\/capribeautyline.com\/en\/prodotto\/peeling-riducente-corpo-esoslim\/\"]}]},{\"@type\":\"ImageObject\",\"inLanguage\":\"en-US\",\"@id\":\"https:\/\/capribeautyline.com\/en\/prodotto\/peeling-riducente-corpo-esoslim\/#primaryimage\",\"url\":\"https:\/\/capribeautyline.com\/wp-content\/uploads\/2026\/02\/58062-Peeling-Riducente-Corpo-Esoslim.JPG.jpg\",\"contentUrl\":\"https:\/\/capribeautyline.com\/wp-content\/uploads\/2026\/02\/58062-Peeling-Riducente-Corpo-Esoslim.JPG.jpg\",\"width\":1080,\"height\":1080},{\"@type\":\"BreadcrumbList\",\"@id\":\"https:\/\/capribeautyline.com\/en\/prodotto\/peeling-riducente-corpo-esoslim\/#breadcrumb\",\"itemListElement\":[{\"@type\":\"ListItem\",\"position\":1,\"name\":\"Home\",\"item\":\"https:\/\/capribeautyline.com\/en\/\"},{\"@type\":\"ListItem\",\"position\":2,\"name\":\"Shop\",\"item\":\"https:\/\/capribeautyline.com\/negozio\/\"},{\"@type\":\"ListItem\",\"position\":3,\"name\":\"Peeling Riducente Corpo Esoslim\"}]},{\"@type\":\"WebSite\",\"@id\":\"https:\/\/capribeautyline.com\/en\/#website\",\"url\":\"https:\/\/capribeautyline.com\/en\/\",\"name\":\"Capri Beauty Line\",\"description\":\"Cosmesi mediterranea\",\"publisher\":{\"@id\":\"https:\/\/capribeautyline.com\/en\/#organization\"},\"potentialAction\":[{\"@type\":\"SearchAction\",\"target\":{\"@type\":\"EntryPoint\",\"urlTemplate\":\"https:\/\/capribeautyline.com\/en\/?s={search_term_string}\"},\"query-input\":{\"@type\":\"PropertyValueSpecification\",\"valueRequired\":true,\"valueName\":\"search_term_string\"}}],\"inLanguage\":\"en-US\"},{\"@type\":\"Organization\",\"@id\":\"https:\/\/capribeautyline.com\/en\/#organization\",\"name\":\"Capri Beauty Line\",\"url\":\"https:\/\/capribeautyline.com\/en\/\",\"logo\":{\"@type\":\"ImageObject\",\"inLanguage\":\"en-US\",\"@id\":\"https:\/\/capribeautyline.com\/en\/#\/schema\/logo\/image\/\",\"url\":\"https:\/\/capribeautyline.com\/wp-content\/uploads\/2020\/10\/logo-capri-beuaty-line.png\",\"contentUrl\":\"https:\/\/capribeautyline.com\/wp-content\/uploads\/2020\/10\/logo-capri-beuaty-line.png\",\"width\":265,\"height\":86,\"caption\":\"Capri Beauty Line\"},\"image\":{\"@id\":\"https:\/\/capribeautyline.com\/en\/#\/schema\/logo\/image\/\"},\"sameAs\":[\"https:\/\/www.facebook.com\/capribeautyline\",\"https:\/\/www.instagram.com\/capri_beauty_line\"]}]}<\/script>\n<!-- \/ Yoast SEO plugin. -->","yoast_head_json":{"title":"Peeling Riducente Corpo Esoslim | Capri Beauty Line","description":"Con Esosomi, Acido Poliglucuronico, Alpha Idrossiacidi, Estratto di Pianta Carnivora, Fosfatidilcolina e Carnitina  Il Peeling Riducente Esoslim agisce in modo mirato su cellulite e ristagni. L\u2019Acido Poliglucuronico favorisce la mobilizzazione degli accumuli e un drenaggio pi\u00f9 rapido dei liquidi, alleggerendo progressivamente la tissutazione. Gli Esosomi supportano la risposta rigenerativa del tessuto, rendendolo pi\u00f9 vitale, ossigenato e reattivo al trattamento riducente. La sinergia con Fosfatidilcolina, Carnitina ed Estratto di Pianta Carnivora amplifica l\u2019effetto rimodellante. Seduta dopo seduta, le zone critiche appaiono meno compatte, pi\u00f9 drenate e pi\u00f9 leggere, con una grana cutanea visibilmente pi\u00f9 fine. Perfetto per cellulite fibrosa, compatta o dolorosa.","robots":{"index":"index","follow":"follow","max-snippet":"max-snippet:-1","max-image-preview":"max-image-preview:large","max-video-preview":"max-video-preview:-1"},"canonical":"https:\/\/capribeautyline.com\/en\/prodotto\/peeling-riducente-corpo-esoslim\/","og_locale":"en_US","og_type":"article","og_title":"Peeling Riducente Corpo Esoslim | Capri Beauty Line","og_description":"Con Esosomi, Acido Poliglucuronico, Alpha Idrossiacidi, Estratto di Pianta Carnivora, Fosfatidilcolina e Carnitina  Il Peeling Riducente Esoslim agisce in modo mirato su cellulite e ristagni. L\u2019Acido Poliglucuronico favorisce la mobilizzazione degli accumuli e un drenaggio pi\u00f9 rapido dei liquidi, alleggerendo progressivamente la tissutazione. Gli Esosomi supportano la risposta rigenerativa del tessuto, rendendolo pi\u00f9 vitale, ossigenato e reattivo al trattamento riducente. La sinergia con Fosfatidilcolina, Carnitina ed Estratto di Pianta Carnivora amplifica l\u2019effetto rimodellante. Seduta dopo seduta, le zone critiche appaiono meno compatte, pi\u00f9 drenate e pi\u00f9 leggere, con una grana cutanea visibilmente pi\u00f9 fine. Perfetto per cellulite fibrosa, compatta o dolorosa.","og_url":"https:\/\/capribeautyline.com\/en\/prodotto\/peeling-riducente-corpo-esoslim\/","og_site_name":"Capri Beauty Line","article_publisher":"https:\/\/www.facebook.com\/capribeautyline","article_modified_time":"2026-02-19T15:57:43+00:00","og_image":[{"width":1080,"height":1080,"url":"https:\/\/capribeautyline.com\/wp-content\/uploads\/2026\/02\/58062-Peeling-Riducente-Corpo-Esoslim.JPG.jpg","type":"image\/jpeg"}],"twitter_card":"summary_large_image","twitter_misc":{"Est. reading time":"1 minute"},"schema":{"@context":"https:\/\/schema.org","@graph":[{"@type":"WebPage","@id":"https:\/\/capribeautyline.com\/en\/prodotto\/peeling-riducente-corpo-esoslim\/","url":"https:\/\/capribeautyline.com\/en\/prodotto\/peeling-riducente-corpo-esoslim\/","name":"Peeling Riducente Corpo Esoslim | Capri Beauty Line","isPartOf":{"@id":"https:\/\/capribeautyline.com\/en\/#website"},"primaryImageOfPage":{"@id":"https:\/\/capribeautyline.com\/en\/prodotto\/peeling-riducente-corpo-esoslim\/#primaryimage"},"image":{"@id":"https:\/\/capribeautyline.com\/en\/prodotto\/peeling-riducente-corpo-esoslim\/#primaryimage"},"thumbnailUrl":"https:\/\/capribeautyline.com\/wp-content\/uploads\/2026\/02\/58062-Peeling-Riducente-Corpo-Esoslim.JPG.jpg","datePublished":"2026-02-17T10:32:08+00:00","dateModified":"2026-02-19T15:57:43+00:00","description":"Con Esosomi, Acido Poliglucuronico, Alpha Idrossiacidi, Estratto di Pianta Carnivora, Fosfatidilcolina e Carnitina Il Peeling Riducente Esoslim agisce in modo mirato su cellulite e ristagni. L\u2019Acido Poliglucuronico favorisce la mobilizzazione degli accumuli e un drenaggio pi\u00f9 rapido dei liquidi, alleggerendo progressivamente la tissutazione. Gli Esosomi supportano la risposta rigenerativa del tessuto, rendendolo pi\u00f9 vitale, ossigenato e reattivo al trattamento riducente. La sinergia con Fosfatidilcolina, Carnitina ed Estratto di Pianta Carnivora amplifica l\u2019effetto rimodellante. Seduta dopo seduta, le zone critiche appaiono meno compatte, pi\u00f9 drenate e pi\u00f9 leggere, con una grana cutanea visibilmente pi\u00f9 fine. Perfetto per cellulite fibrosa, compatta o dolorosa.","breadcrumb":{"@id":"https:\/\/capribeautyline.com\/en\/prodotto\/peeling-riducente-corpo-esoslim\/#breadcrumb"},"inLanguage":"en-US","potentialAction":[{"@type":"ReadAction","target":["https:\/\/capribeautyline.com\/en\/prodotto\/peeling-riducente-corpo-esoslim\/"]}]},{"@type":"ImageObject","inLanguage":"en-US","@id":"https:\/\/capribeautyline.com\/en\/prodotto\/peeling-riducente-corpo-esoslim\/#primaryimage","url":"https:\/\/capribeautyline.com\/wp-content\/uploads\/2026\/02\/58062-Peeling-Riducente-Corpo-Esoslim.JPG.jpg","contentUrl":"https:\/\/capribeautyline.com\/wp-content\/uploads\/2026\/02\/58062-Peeling-Riducente-Corpo-Esoslim.JPG.jpg","width":1080,"height":1080},{"@type":"BreadcrumbList","@id":"https:\/\/capribeautyline.com\/en\/prodotto\/peeling-riducente-corpo-esoslim\/#breadcrumb","itemListElement":[{"@type":"ListItem","position":1,"name":"Home","item":"https:\/\/capribeautyline.com\/en\/"},{"@type":"ListItem","position":2,"name":"Shop","item":"https:\/\/capribeautyline.com\/negozio\/"},{"@type":"ListItem","position":3,"name":"Peeling Riducente Corpo Esoslim"}]},{"@type":"WebSite","@id":"https:\/\/capribeautyline.com\/en\/#website","url":"https:\/\/capribeautyline.com\/en\/","name":"Capri Beauty Line","description":"Cosmesi mediterranea","publisher":{"@id":"https:\/\/capribeautyline.com\/en\/#organization"},"potentialAction":[{"@type":"SearchAction","target":{"@type":"EntryPoint","urlTemplate":"https:\/\/capribeautyline.com\/en\/?s={search_term_string}"},"query-input":{"@type":"PropertyValueSpecification","valueRequired":true,"valueName":"search_term_string"}}],"inLanguage":"en-US"},{"@type":"Organization","@id":"https:\/\/capribeautyline.com\/en\/#organization","name":"Capri Beauty Line","url":"https:\/\/capribeautyline.com\/en\/","logo":{"@type":"ImageObject","inLanguage":"en-US","@id":"https:\/\/capribeautyline.com\/en\/#\/schema\/logo\/image\/","url":"https:\/\/capribeautyline.com\/wp-content\/uploads\/2020\/10\/logo-capri-beuaty-line.png","contentUrl":"https:\/\/capribeautyline.com\/wp-content\/uploads\/2020\/10\/logo-capri-beuaty-line.png","width":265,"height":86,"caption":"Capri Beauty Line"},"image":{"@id":"https:\/\/capribeautyline.com\/en\/#\/schema\/logo\/image\/"},"sameAs":["https:\/\/www.facebook.com\/capribeautyline","https:\/\/www.instagram.com\/capri_beauty_line"]}]}},"_links":{"self":[{"href":"https:\/\/capribeautyline.com\/en\/wp-json\/wp\/v2\/product\/15405","targetHints":{"allow":["GET"]}}],"collection":[{"href":"https:\/\/capribeautyline.com\/en\/wp-json\/wp\/v2\/product"}],"about":[{"href":"https:\/\/capribeautyline.com\/en\/wp-json\/wp\/v2\/types\/product"}],"wp:featuredmedia":[{"embeddable":true,"href":"https:\/\/capribeautyline.com\/en\/wp-json\/wp\/v2\/media\/15406"}],"wp:attachment":[{"href":"https:\/\/capribeautyline.com\/en\/wp-json\/wp\/v2\/media?parent=15405"}],"wp:term":[{"taxonomy":"product_brand","embeddable":true,"href":"https:\/\/capribeautyline.com\/en\/wp-json\/wp\/v2\/product_brand?post=15405"},{"taxonomy":"product_cat","embeddable":true,"href":"https:\/\/capribeautyline.com\/en\/wp-json\/wp\/v2\/product_cat?post=15405"},{"taxonomy":"product_tag","embeddable":true,"href":"https:\/\/capribeautyline.com\/en\/wp-json\/wp\/v2\/product_tag?post=15405"},{"taxonomy":"linee","embeddable":true,"href":"https:\/\/capribeautyline.com\/en\/wp-json\/wp\/v2\/linee?post=15405"},{"taxonomy":"aree","embeddable":true,"href":"https:\/\/capribeautyline.com\/en\/wp-json\/wp\/v2\/aree?post=15405"},{"taxonomy":"soluzioni","embeddable":true,"href":"https:\/\/capribeautyline.com\/en\/wp-json\/wp\/v2\/soluzioni?post=15405"}],"curies":[{"name":"wp","href":"https:\/\/api.w.org\/{rel}","templated":true}]}}