{"id":15411,"date":"2026-02-17T12:35:21","date_gmt":"2026-02-17T10:35:21","guid":{"rendered":"https:\/\/capribeautyline.com\/?post_type=product&#038;p=15411"},"modified":"2026-02-19T18:01:58","modified_gmt":"2026-02-19T16:01:58","slug":"crema-acida-riducente-esoslim","status":"publish","type":"product","link":"https:\/\/capribeautyline.com\/en\/prodotto\/crema-acida-riducente-esoslim\/","title":{"rendered":"Crema Acida Riducente Esoslim"},"content":{"rendered":"","protected":false},"excerpt":{"rendered":"<p>Con Esosomi, Acido Poliglucuronico, Alpha Idrossiacidi, Estratto di Pianta Carnivora, Fosfatidilcolina e Carnitina<\/p>\n<p>La Crema Acida Riducente Esoslim \u00e8 la fase professionale che completa e potenzia il trattamento riducente, lavorando in sinergia con le manovre dell\u2019estetista. La sua formulazione attiva sostiene il rimodellamento gi\u00e0 avviato, favorendo una migliore mobilit\u00e0 del tessuto, una riduzione della compattezza tipica delle aree fibrose e una progressiva uniformit\u00e0 della superficie cutanea. Gli attivi lipolitici e riossigenanti aiutano a migliorare la qualit\u00e0 del tessuto, mentre gli Esosomi rendono la pelle pi\u00f9 reattiva e ricettiva allo stimolo manuale. La texture, ricca ma scorrevole, permette un massaggio tecnico efficace e prolungato, lasciando la pelle pi\u00f9 tonica, compatta e visivamente pi\u00f9 definita. \u00c8 la fase ideale per sigillare l\u2019intero protocollo Esoslim, amplificando i benefici ottenuti nelle fasi precedenti e prolungando la sensazione di leggerezza e rimodellamento.<\/p>\n","protected":false},"featured_media":15412,"template":"","meta":[],"product_brand":[],"product_cat":[650],"product_tag":[],"linee":[940],"aree":[359],"soluzioni":[578,530,374,379,524],"class_list":{"0":"post-15411","1":"product","2":"type-product","3":"status-publish","4":"has-post-thumbnail","6":"product_cat-creme-da-massaggio","7":"linee-esoslim","8":"aree-corpo","9":"soluzioni-riducente","10":"soluzioni-buccia-darancia","11":"soluzioni-cellulite","12":"soluzioni-massaggi","13":"soluzioni-drenare","15":"first","16":"instock","17":"taxable","18":"shipping-taxable","19":"product-type-simple"},"yoast_head":"<!-- This site is optimized with the Yoast SEO plugin v25.4 - https:\/\/yoast.com\/wordpress\/plugins\/seo\/ -->\n<title>Crema Acida Riducente Esoslim | Capri Beauty Line<\/title>\n<meta name=\"description\" content=\"Con Esosomi, Acido Poliglucuronico, Alpha Idrossiacidi, Estratto di Pianta Carnivora, Fosfatidilcolina e Carnitina  La Crema Acida Riducente Esoslim \u00e8 la fase professionale che completa e potenzia il trattamento riducente, lavorando in sinergia con le manovre dell\u2019estetista. La sua formulazione attiva sostiene il rimodellamento gi\u00e0 avviato, favorendo una migliore mobilit\u00e0 del tessuto, una riduzione della compattezza tipica delle aree fibrose e una progressiva uniformit\u00e0 della superficie cutanea. Gli attivi lipolitici e riossigenanti aiutano a migliorare la qualit\u00e0 del tessuto, mentre gli Esosomi rendono la pelle pi\u00f9 reattiva e ricettiva allo stimolo manuale. La texture, ricca ma scorrevole, permette un massaggio tecnico efficace e prolungato, lasciando la pelle pi\u00f9 tonica, compatta e visivamente pi\u00f9 definita. \u00c8 la fase ideale per sigillare l\u2019intero protocollo Esoslim, amplificando i benefici ottenuti nelle fasi precedenti e prolungando la sensazione di leggerezza e rimodellamento.\" \/>\n<meta name=\"robots\" content=\"index, follow, max-snippet:-1, max-image-preview:large, max-video-preview:-1\" \/>\n<link rel=\"canonical\" href=\"https:\/\/capribeautyline.com\/en\/prodotto\/crema-acida-riducente-esoslim\/\" \/>\n<meta property=\"og:locale\" content=\"en_US\" \/>\n<meta property=\"og:type\" content=\"article\" \/>\n<meta property=\"og:title\" content=\"Crema Acida Riducente Esoslim | Capri Beauty Line\" \/>\n<meta property=\"og:description\" content=\"Con Esosomi, Acido Poliglucuronico, Alpha Idrossiacidi, Estratto di Pianta Carnivora, Fosfatidilcolina e Carnitina  La Crema Acida Riducente Esoslim \u00e8 la fase professionale che completa e potenzia il trattamento riducente, lavorando in sinergia con le manovre dell\u2019estetista. La sua formulazione attiva sostiene il rimodellamento gi\u00e0 avviato, favorendo una migliore mobilit\u00e0 del tessuto, una riduzione della compattezza tipica delle aree fibrose e una progressiva uniformit\u00e0 della superficie cutanea. Gli attivi lipolitici e riossigenanti aiutano a migliorare la qualit\u00e0 del tessuto, mentre gli Esosomi rendono la pelle pi\u00f9 reattiva e ricettiva allo stimolo manuale. La texture, ricca ma scorrevole, permette un massaggio tecnico efficace e prolungato, lasciando la pelle pi\u00f9 tonica, compatta e visivamente pi\u00f9 definita. \u00c8 la fase ideale per sigillare l\u2019intero protocollo Esoslim, amplificando i benefici ottenuti nelle fasi precedenti e prolungando la sensazione di leggerezza e rimodellamento.\" \/>\n<meta property=\"og:url\" content=\"https:\/\/capribeautyline.com\/en\/prodotto\/crema-acida-riducente-esoslim\/\" \/>\n<meta property=\"og:site_name\" content=\"Capri Beauty Line\" \/>\n<meta property=\"article:publisher\" content=\"https:\/\/www.facebook.com\/capribeautyline\" \/>\n<meta property=\"article:modified_time\" content=\"2026-02-19T16:01:58+00:00\" \/>\n<meta property=\"og:image\" content=\"https:\/\/capribeautyline.com\/wp-content\/uploads\/2026\/02\/58064-Crema-da-massaggio-Acida-Riducente-Esoslim.JPG.jpg\" \/>\n\t<meta property=\"og:image:width\" content=\"1080\" \/>\n\t<meta property=\"og:image:height\" content=\"1080\" \/>\n\t<meta property=\"og:image:type\" content=\"image\/jpeg\" \/>\n<meta name=\"twitter:card\" content=\"summary_large_image\" \/>\n<meta name=\"twitter:label1\" content=\"Est. reading time\" \/>\n\t<meta name=\"twitter:data1\" content=\"1 minute\" \/>\n<script type=\"application\/ld+json\" class=\"yoast-schema-graph\">{\"@context\":\"https:\/\/schema.org\",\"@graph\":[{\"@type\":\"WebPage\",\"@id\":\"https:\/\/capribeautyline.com\/en\/prodotto\/crema-acida-riducente-esoslim\/\",\"url\":\"https:\/\/capribeautyline.com\/en\/prodotto\/crema-acida-riducente-esoslim\/\",\"name\":\"Crema Acida Riducente Esoslim | Capri Beauty Line\",\"isPartOf\":{\"@id\":\"https:\/\/capribeautyline.com\/en\/#website\"},\"primaryImageOfPage\":{\"@id\":\"https:\/\/capribeautyline.com\/en\/prodotto\/crema-acida-riducente-esoslim\/#primaryimage\"},\"image\":{\"@id\":\"https:\/\/capribeautyline.com\/en\/prodotto\/crema-acida-riducente-esoslim\/#primaryimage\"},\"thumbnailUrl\":\"https:\/\/capribeautyline.com\/wp-content\/uploads\/2026\/02\/58064-Crema-da-massaggio-Acida-Riducente-Esoslim.JPG.jpg\",\"datePublished\":\"2026-02-17T10:35:21+00:00\",\"dateModified\":\"2026-02-19T16:01:58+00:00\",\"description\":\"Con Esosomi, Acido Poliglucuronico, Alpha Idrossiacidi, Estratto di Pianta Carnivora, Fosfatidilcolina e Carnitina La Crema Acida Riducente Esoslim \u00e8 la fase professionale che completa e potenzia il trattamento riducente, lavorando in sinergia con le manovre dell\u2019estetista. La sua formulazione attiva sostiene il rimodellamento gi\u00e0 avviato, favorendo una migliore mobilit\u00e0 del tessuto, una riduzione della compattezza tipica delle aree fibrose e una progressiva uniformit\u00e0 della superficie cutanea. Gli attivi lipolitici e riossigenanti aiutano a migliorare la qualit\u00e0 del tessuto, mentre gli Esosomi rendono la pelle pi\u00f9 reattiva e ricettiva allo stimolo manuale. La texture, ricca ma scorrevole, permette un massaggio tecnico efficace e prolungato, lasciando la pelle pi\u00f9 tonica, compatta e visivamente pi\u00f9 definita. \u00c8 la fase ideale per sigillare l\u2019intero protocollo Esoslim, amplificando i benefici ottenuti nelle fasi precedenti e prolungando la sensazione di leggerezza e rimodellamento.\",\"breadcrumb\":{\"@id\":\"https:\/\/capribeautyline.com\/en\/prodotto\/crema-acida-riducente-esoslim\/#breadcrumb\"},\"inLanguage\":\"en-US\",\"potentialAction\":[{\"@type\":\"ReadAction\",\"target\":[\"https:\/\/capribeautyline.com\/en\/prodotto\/crema-acida-riducente-esoslim\/\"]}]},{\"@type\":\"ImageObject\",\"inLanguage\":\"en-US\",\"@id\":\"https:\/\/capribeautyline.com\/en\/prodotto\/crema-acida-riducente-esoslim\/#primaryimage\",\"url\":\"https:\/\/capribeautyline.com\/wp-content\/uploads\/2026\/02\/58064-Crema-da-massaggio-Acida-Riducente-Esoslim.JPG.jpg\",\"contentUrl\":\"https:\/\/capribeautyline.com\/wp-content\/uploads\/2026\/02\/58064-Crema-da-massaggio-Acida-Riducente-Esoslim.JPG.jpg\",\"width\":1080,\"height\":1080},{\"@type\":\"BreadcrumbList\",\"@id\":\"https:\/\/capribeautyline.com\/en\/prodotto\/crema-acida-riducente-esoslim\/#breadcrumb\",\"itemListElement\":[{\"@type\":\"ListItem\",\"position\":1,\"name\":\"Home\",\"item\":\"https:\/\/capribeautyline.com\/en\/\"},{\"@type\":\"ListItem\",\"position\":2,\"name\":\"Shop\",\"item\":\"https:\/\/capribeautyline.com\/negozio\/\"},{\"@type\":\"ListItem\",\"position\":3,\"name\":\"Crema Acida Riducente Esoslim\"}]},{\"@type\":\"WebSite\",\"@id\":\"https:\/\/capribeautyline.com\/en\/#website\",\"url\":\"https:\/\/capribeautyline.com\/en\/\",\"name\":\"Capri Beauty Line\",\"description\":\"Cosmesi mediterranea\",\"publisher\":{\"@id\":\"https:\/\/capribeautyline.com\/en\/#organization\"},\"potentialAction\":[{\"@type\":\"SearchAction\",\"target\":{\"@type\":\"EntryPoint\",\"urlTemplate\":\"https:\/\/capribeautyline.com\/en\/?s={search_term_string}\"},\"query-input\":{\"@type\":\"PropertyValueSpecification\",\"valueRequired\":true,\"valueName\":\"search_term_string\"}}],\"inLanguage\":\"en-US\"},{\"@type\":\"Organization\",\"@id\":\"https:\/\/capribeautyline.com\/en\/#organization\",\"name\":\"Capri Beauty Line\",\"url\":\"https:\/\/capribeautyline.com\/en\/\",\"logo\":{\"@type\":\"ImageObject\",\"inLanguage\":\"en-US\",\"@id\":\"https:\/\/capribeautyline.com\/en\/#\/schema\/logo\/image\/\",\"url\":\"https:\/\/capribeautyline.com\/wp-content\/uploads\/2020\/10\/logo-capri-beuaty-line.png\",\"contentUrl\":\"https:\/\/capribeautyline.com\/wp-content\/uploads\/2020\/10\/logo-capri-beuaty-line.png\",\"width\":265,\"height\":86,\"caption\":\"Capri Beauty Line\"},\"image\":{\"@id\":\"https:\/\/capribeautyline.com\/en\/#\/schema\/logo\/image\/\"},\"sameAs\":[\"https:\/\/www.facebook.com\/capribeautyline\",\"https:\/\/www.instagram.com\/capri_beauty_line\"]}]}<\/script>\n<!-- \/ Yoast SEO plugin. -->","yoast_head_json":{"title":"Crema Acida Riducente Esoslim | Capri Beauty Line","description":"Con Esosomi, Acido Poliglucuronico, Alpha Idrossiacidi, Estratto di Pianta Carnivora, Fosfatidilcolina e Carnitina  La Crema Acida Riducente Esoslim \u00e8 la fase professionale che completa e potenzia il trattamento riducente, lavorando in sinergia con le manovre dell\u2019estetista. La sua formulazione attiva sostiene il rimodellamento gi\u00e0 avviato, favorendo una migliore mobilit\u00e0 del tessuto, una riduzione della compattezza tipica delle aree fibrose e una progressiva uniformit\u00e0 della superficie cutanea. Gli attivi lipolitici e riossigenanti aiutano a migliorare la qualit\u00e0 del tessuto, mentre gli Esosomi rendono la pelle pi\u00f9 reattiva e ricettiva allo stimolo manuale. La texture, ricca ma scorrevole, permette un massaggio tecnico efficace e prolungato, lasciando la pelle pi\u00f9 tonica, compatta e visivamente pi\u00f9 definita. \u00c8 la fase ideale per sigillare l\u2019intero protocollo Esoslim, amplificando i benefici ottenuti nelle fasi precedenti e prolungando la sensazione di leggerezza e rimodellamento.","robots":{"index":"index","follow":"follow","max-snippet":"max-snippet:-1","max-image-preview":"max-image-preview:large","max-video-preview":"max-video-preview:-1"},"canonical":"https:\/\/capribeautyline.com\/en\/prodotto\/crema-acida-riducente-esoslim\/","og_locale":"en_US","og_type":"article","og_title":"Crema Acida Riducente Esoslim | Capri Beauty Line","og_description":"Con Esosomi, Acido Poliglucuronico, Alpha Idrossiacidi, Estratto di Pianta Carnivora, Fosfatidilcolina e Carnitina  La Crema Acida Riducente Esoslim \u00e8 la fase professionale che completa e potenzia il trattamento riducente, lavorando in sinergia con le manovre dell\u2019estetista. La sua formulazione attiva sostiene il rimodellamento gi\u00e0 avviato, favorendo una migliore mobilit\u00e0 del tessuto, una riduzione della compattezza tipica delle aree fibrose e una progressiva uniformit\u00e0 della superficie cutanea. Gli attivi lipolitici e riossigenanti aiutano a migliorare la qualit\u00e0 del tessuto, mentre gli Esosomi rendono la pelle pi\u00f9 reattiva e ricettiva allo stimolo manuale. La texture, ricca ma scorrevole, permette un massaggio tecnico efficace e prolungato, lasciando la pelle pi\u00f9 tonica, compatta e visivamente pi\u00f9 definita. \u00c8 la fase ideale per sigillare l\u2019intero protocollo Esoslim, amplificando i benefici ottenuti nelle fasi precedenti e prolungando la sensazione di leggerezza e rimodellamento.","og_url":"https:\/\/capribeautyline.com\/en\/prodotto\/crema-acida-riducente-esoslim\/","og_site_name":"Capri Beauty Line","article_publisher":"https:\/\/www.facebook.com\/capribeautyline","article_modified_time":"2026-02-19T16:01:58+00:00","og_image":[{"width":1080,"height":1080,"url":"https:\/\/capribeautyline.com\/wp-content\/uploads\/2026\/02\/58064-Crema-da-massaggio-Acida-Riducente-Esoslim.JPG.jpg","type":"image\/jpeg"}],"twitter_card":"summary_large_image","twitter_misc":{"Est. reading time":"1 minute"},"schema":{"@context":"https:\/\/schema.org","@graph":[{"@type":"WebPage","@id":"https:\/\/capribeautyline.com\/en\/prodotto\/crema-acida-riducente-esoslim\/","url":"https:\/\/capribeautyline.com\/en\/prodotto\/crema-acida-riducente-esoslim\/","name":"Crema Acida Riducente Esoslim | Capri Beauty Line","isPartOf":{"@id":"https:\/\/capribeautyline.com\/en\/#website"},"primaryImageOfPage":{"@id":"https:\/\/capribeautyline.com\/en\/prodotto\/crema-acida-riducente-esoslim\/#primaryimage"},"image":{"@id":"https:\/\/capribeautyline.com\/en\/prodotto\/crema-acida-riducente-esoslim\/#primaryimage"},"thumbnailUrl":"https:\/\/capribeautyline.com\/wp-content\/uploads\/2026\/02\/58064-Crema-da-massaggio-Acida-Riducente-Esoslim.JPG.jpg","datePublished":"2026-02-17T10:35:21+00:00","dateModified":"2026-02-19T16:01:58+00:00","description":"Con Esosomi, Acido Poliglucuronico, Alpha Idrossiacidi, Estratto di Pianta Carnivora, Fosfatidilcolina e Carnitina La Crema Acida Riducente Esoslim \u00e8 la fase professionale che completa e potenzia il trattamento riducente, lavorando in sinergia con le manovre dell\u2019estetista. La sua formulazione attiva sostiene il rimodellamento gi\u00e0 avviato, favorendo una migliore mobilit\u00e0 del tessuto, una riduzione della compattezza tipica delle aree fibrose e una progressiva uniformit\u00e0 della superficie cutanea. Gli attivi lipolitici e riossigenanti aiutano a migliorare la qualit\u00e0 del tessuto, mentre gli Esosomi rendono la pelle pi\u00f9 reattiva e ricettiva allo stimolo manuale. La texture, ricca ma scorrevole, permette un massaggio tecnico efficace e prolungato, lasciando la pelle pi\u00f9 tonica, compatta e visivamente pi\u00f9 definita. \u00c8 la fase ideale per sigillare l\u2019intero protocollo Esoslim, amplificando i benefici ottenuti nelle fasi precedenti e prolungando la sensazione di leggerezza e rimodellamento.","breadcrumb":{"@id":"https:\/\/capribeautyline.com\/en\/prodotto\/crema-acida-riducente-esoslim\/#breadcrumb"},"inLanguage":"en-US","potentialAction":[{"@type":"ReadAction","target":["https:\/\/capribeautyline.com\/en\/prodotto\/crema-acida-riducente-esoslim\/"]}]},{"@type":"ImageObject","inLanguage":"en-US","@id":"https:\/\/capribeautyline.com\/en\/prodotto\/crema-acida-riducente-esoslim\/#primaryimage","url":"https:\/\/capribeautyline.com\/wp-content\/uploads\/2026\/02\/58064-Crema-da-massaggio-Acida-Riducente-Esoslim.JPG.jpg","contentUrl":"https:\/\/capribeautyline.com\/wp-content\/uploads\/2026\/02\/58064-Crema-da-massaggio-Acida-Riducente-Esoslim.JPG.jpg","width":1080,"height":1080},{"@type":"BreadcrumbList","@id":"https:\/\/capribeautyline.com\/en\/prodotto\/crema-acida-riducente-esoslim\/#breadcrumb","itemListElement":[{"@type":"ListItem","position":1,"name":"Home","item":"https:\/\/capribeautyline.com\/en\/"},{"@type":"ListItem","position":2,"name":"Shop","item":"https:\/\/capribeautyline.com\/negozio\/"},{"@type":"ListItem","position":3,"name":"Crema Acida Riducente Esoslim"}]},{"@type":"WebSite","@id":"https:\/\/capribeautyline.com\/en\/#website","url":"https:\/\/capribeautyline.com\/en\/","name":"Capri Beauty Line","description":"Cosmesi mediterranea","publisher":{"@id":"https:\/\/capribeautyline.com\/en\/#organization"},"potentialAction":[{"@type":"SearchAction","target":{"@type":"EntryPoint","urlTemplate":"https:\/\/capribeautyline.com\/en\/?s={search_term_string}"},"query-input":{"@type":"PropertyValueSpecification","valueRequired":true,"valueName":"search_term_string"}}],"inLanguage":"en-US"},{"@type":"Organization","@id":"https:\/\/capribeautyline.com\/en\/#organization","name":"Capri Beauty Line","url":"https:\/\/capribeautyline.com\/en\/","logo":{"@type":"ImageObject","inLanguage":"en-US","@id":"https:\/\/capribeautyline.com\/en\/#\/schema\/logo\/image\/","url":"https:\/\/capribeautyline.com\/wp-content\/uploads\/2020\/10\/logo-capri-beuaty-line.png","contentUrl":"https:\/\/capribeautyline.com\/wp-content\/uploads\/2020\/10\/logo-capri-beuaty-line.png","width":265,"height":86,"caption":"Capri Beauty Line"},"image":{"@id":"https:\/\/capribeautyline.com\/en\/#\/schema\/logo\/image\/"},"sameAs":["https:\/\/www.facebook.com\/capribeautyline","https:\/\/www.instagram.com\/capri_beauty_line"]}]}},"_links":{"self":[{"href":"https:\/\/capribeautyline.com\/en\/wp-json\/wp\/v2\/product\/15411","targetHints":{"allow":["GET"]}}],"collection":[{"href":"https:\/\/capribeautyline.com\/en\/wp-json\/wp\/v2\/product"}],"about":[{"href":"https:\/\/capribeautyline.com\/en\/wp-json\/wp\/v2\/types\/product"}],"wp:featuredmedia":[{"embeddable":true,"href":"https:\/\/capribeautyline.com\/en\/wp-json\/wp\/v2\/media\/15412"}],"wp:attachment":[{"href":"https:\/\/capribeautyline.com\/en\/wp-json\/wp\/v2\/media?parent=15411"}],"wp:term":[{"taxonomy":"product_brand","embeddable":true,"href":"https:\/\/capribeautyline.com\/en\/wp-json\/wp\/v2\/product_brand?post=15411"},{"taxonomy":"product_cat","embeddable":true,"href":"https:\/\/capribeautyline.com\/en\/wp-json\/wp\/v2\/product_cat?post=15411"},{"taxonomy":"product_tag","embeddable":true,"href":"https:\/\/capribeautyline.com\/en\/wp-json\/wp\/v2\/product_tag?post=15411"},{"taxonomy":"linee","embeddable":true,"href":"https:\/\/capribeautyline.com\/en\/wp-json\/wp\/v2\/linee?post=15411"},{"taxonomy":"aree","embeddable":true,"href":"https:\/\/capribeautyline.com\/en\/wp-json\/wp\/v2\/aree?post=15411"},{"taxonomy":"soluzioni","embeddable":true,"href":"https:\/\/capribeautyline.com\/en\/wp-json\/wp\/v2\/soluzioni?post=15411"}],"curies":[{"name":"wp","href":"https:\/\/api.w.org\/{rel}","templated":true}]}}