{"id":15414,"date":"2026-02-17T12:36:56","date_gmt":"2026-02-17T10:36:56","guid":{"rendered":"https:\/\/capribeautyline.com\/?post_type=product&#038;p=15414"},"modified":"2026-02-19T18:03:38","modified_gmt":"2026-02-19T16:03:38","slug":"crema-acida-riducente-esoslim-2","status":"publish","type":"product","link":"https:\/\/capribeautyline.com\/en\/prodotto\/crema-acida-riducente-esoslim-2\/","title":{"rendered":"Crema Acida Riducente Esoslim"},"content":{"rendered":"","protected":false},"excerpt":{"rendered":"<p>Con Esosomi, Acido Poliglucuronico, Alpha Idrossiacidi, Estratto di Pianta Carnivora, Fosfatidilcolina e Carnitina<\/p>\n<p>Studiata per aiutare a migliorare l\u2019aspetto di cellulite e adiposit\u00e0 localizzate, rende la pelle visibilmente pi\u00f9 liscia, compatta e uniforme. La sua formula avanzata sostiene il rimodellamento cutaneo e favorisce una pelle pi\u00f9 reattiva e tonica. La texture, ricca ma a rapido assorbimento, \u00e8 ideale per il massaggio quotidiano e lascia la pelle morbida e levigata. Un gesto quotidiano che accompagna il corpo verso una silhouette pi\u00f9 armoniosa e definita, mantenendo pi\u00f9 a lungo i benefici del trattamento in cabina.<\/p>\n","protected":false},"featured_media":15415,"template":"","meta":[],"product_brand":[],"product_cat":[637],"product_tag":[],"linee":[940],"aree":[359],"soluzioni":[578,529,530,374,524],"class_list":{"0":"post-15414","1":"product","2":"type-product","3":"status-publish","4":"has-post-thumbnail","6":"product_cat-creme","7":"linee-esoslim","8":"aree-corpo","9":"soluzioni-riducente","10":"soluzioni-ritenzione-idrica","11":"soluzioni-buccia-darancia","12":"soluzioni-cellulite","13":"soluzioni-drenare","15":"first","16":"instock","17":"taxable","18":"shipping-taxable","19":"product-type-simple"},"yoast_head":"<!-- This site is optimized with the Yoast SEO plugin v25.4 - https:\/\/yoast.com\/wordpress\/plugins\/seo\/ -->\n<title>Crema Acida Riducente Esoslim | Capri Beauty Line<\/title>\n<meta name=\"description\" content=\"Con Esosomi, Acido Poliglucuronico, Alpha Idrossiacidi, Estratto di Pianta Carnivora, Fosfatidilcolina e Carnitina  Studiata per aiutare a migliorare l\u2019aspetto di cellulite e adiposit\u00e0 localizzate, rende la pelle visibilmente pi\u00f9 liscia, compatta e uniforme. La sua formula avanzata sostiene il rimodellamento cutaneo e favorisce una pelle pi\u00f9 reattiva e tonica. La texture, ricca ma a rapido assorbimento, \u00e8 ideale per il massaggio quotidiano e lascia la pelle morbida e levigata. Un gesto quotidiano che accompagna il corpo verso una silhouette pi\u00f9 armoniosa e definita, mantenendo pi\u00f9 a lungo i benefici del trattamento in cabina.\" \/>\n<meta name=\"robots\" content=\"index, follow, max-snippet:-1, max-image-preview:large, max-video-preview:-1\" \/>\n<link rel=\"canonical\" href=\"https:\/\/capribeautyline.com\/en\/prodotto\/crema-acida-riducente-esoslim-2\/\" \/>\n<meta property=\"og:locale\" content=\"en_US\" \/>\n<meta property=\"og:type\" content=\"article\" \/>\n<meta property=\"og:title\" content=\"Crema Acida Riducente Esoslim | Capri Beauty Line\" \/>\n<meta property=\"og:description\" content=\"Con Esosomi, Acido Poliglucuronico, Alpha Idrossiacidi, Estratto di Pianta Carnivora, Fosfatidilcolina e Carnitina  Studiata per aiutare a migliorare l\u2019aspetto di cellulite e adiposit\u00e0 localizzate, rende la pelle visibilmente pi\u00f9 liscia, compatta e uniforme. La sua formula avanzata sostiene il rimodellamento cutaneo e favorisce una pelle pi\u00f9 reattiva e tonica. La texture, ricca ma a rapido assorbimento, \u00e8 ideale per il massaggio quotidiano e lascia la pelle morbida e levigata. Un gesto quotidiano che accompagna il corpo verso una silhouette pi\u00f9 armoniosa e definita, mantenendo pi\u00f9 a lungo i benefici del trattamento in cabina.\" \/>\n<meta property=\"og:url\" content=\"https:\/\/capribeautyline.com\/en\/prodotto\/crema-acida-riducente-esoslim-2\/\" \/>\n<meta property=\"og:site_name\" content=\"Capri Beauty Line\" \/>\n<meta property=\"article:publisher\" content=\"https:\/\/www.facebook.com\/capribeautyline\" \/>\n<meta property=\"article:modified_time\" content=\"2026-02-19T16:03:38+00:00\" \/>\n<meta property=\"og:image\" content=\"https:\/\/capribeautyline.com\/wp-content\/uploads\/2026\/02\/58065-Crema-Acida-Riducente-Esoslim-Rivendita.JPG.jpg\" \/>\n\t<meta property=\"og:image:width\" content=\"1080\" \/>\n\t<meta property=\"og:image:height\" content=\"1080\" \/>\n\t<meta property=\"og:image:type\" content=\"image\/jpeg\" \/>\n<meta name=\"twitter:card\" content=\"summary_large_image\" \/>\n<meta name=\"twitter:label1\" content=\"Est. reading time\" \/>\n\t<meta name=\"twitter:data1\" content=\"1 minute\" \/>\n<script type=\"application\/ld+json\" class=\"yoast-schema-graph\">{\"@context\":\"https:\/\/schema.org\",\"@graph\":[{\"@type\":\"WebPage\",\"@id\":\"https:\/\/capribeautyline.com\/en\/prodotto\/crema-acida-riducente-esoslim-2\/\",\"url\":\"https:\/\/capribeautyline.com\/en\/prodotto\/crema-acida-riducente-esoslim-2\/\",\"name\":\"Crema Acida Riducente Esoslim | Capri Beauty Line\",\"isPartOf\":{\"@id\":\"https:\/\/capribeautyline.com\/en\/#website\"},\"primaryImageOfPage\":{\"@id\":\"https:\/\/capribeautyline.com\/en\/prodotto\/crema-acida-riducente-esoslim-2\/#primaryimage\"},\"image\":{\"@id\":\"https:\/\/capribeautyline.com\/en\/prodotto\/crema-acida-riducente-esoslim-2\/#primaryimage\"},\"thumbnailUrl\":\"https:\/\/capribeautyline.com\/wp-content\/uploads\/2026\/02\/58065-Crema-Acida-Riducente-Esoslim-Rivendita.JPG.jpg\",\"datePublished\":\"2026-02-17T10:36:56+00:00\",\"dateModified\":\"2026-02-19T16:03:38+00:00\",\"description\":\"Con Esosomi, Acido Poliglucuronico, Alpha Idrossiacidi, Estratto di Pianta Carnivora, Fosfatidilcolina e Carnitina Studiata per aiutare a migliorare l\u2019aspetto di cellulite e adiposit\u00e0 localizzate, rende la pelle visibilmente pi\u00f9 liscia, compatta e uniforme. La sua formula avanzata sostiene il rimodellamento cutaneo e favorisce una pelle pi\u00f9 reattiva e tonica. La texture, ricca ma a rapido assorbimento, \u00e8 ideale per il massaggio quotidiano e lascia la pelle morbida e levigata. Un gesto quotidiano che accompagna il corpo verso una silhouette pi\u00f9 armoniosa e definita, mantenendo pi\u00f9 a lungo i benefici del trattamento in cabina.\",\"breadcrumb\":{\"@id\":\"https:\/\/capribeautyline.com\/en\/prodotto\/crema-acida-riducente-esoslim-2\/#breadcrumb\"},\"inLanguage\":\"en-US\",\"potentialAction\":[{\"@type\":\"ReadAction\",\"target\":[\"https:\/\/capribeautyline.com\/en\/prodotto\/crema-acida-riducente-esoslim-2\/\"]}]},{\"@type\":\"ImageObject\",\"inLanguage\":\"en-US\",\"@id\":\"https:\/\/capribeautyline.com\/en\/prodotto\/crema-acida-riducente-esoslim-2\/#primaryimage\",\"url\":\"https:\/\/capribeautyline.com\/wp-content\/uploads\/2026\/02\/58065-Crema-Acida-Riducente-Esoslim-Rivendita.JPG.jpg\",\"contentUrl\":\"https:\/\/capribeautyline.com\/wp-content\/uploads\/2026\/02\/58065-Crema-Acida-Riducente-Esoslim-Rivendita.JPG.jpg\",\"width\":1080,\"height\":1080},{\"@type\":\"BreadcrumbList\",\"@id\":\"https:\/\/capribeautyline.com\/en\/prodotto\/crema-acida-riducente-esoslim-2\/#breadcrumb\",\"itemListElement\":[{\"@type\":\"ListItem\",\"position\":1,\"name\":\"Home\",\"item\":\"https:\/\/capribeautyline.com\/en\/\"},{\"@type\":\"ListItem\",\"position\":2,\"name\":\"Shop\",\"item\":\"https:\/\/capribeautyline.com\/negozio\/\"},{\"@type\":\"ListItem\",\"position\":3,\"name\":\"Crema Acida Riducente Esoslim\"}]},{\"@type\":\"WebSite\",\"@id\":\"https:\/\/capribeautyline.com\/en\/#website\",\"url\":\"https:\/\/capribeautyline.com\/en\/\",\"name\":\"Capri Beauty Line\",\"description\":\"Cosmesi mediterranea\",\"publisher\":{\"@id\":\"https:\/\/capribeautyline.com\/en\/#organization\"},\"potentialAction\":[{\"@type\":\"SearchAction\",\"target\":{\"@type\":\"EntryPoint\",\"urlTemplate\":\"https:\/\/capribeautyline.com\/en\/?s={search_term_string}\"},\"query-input\":{\"@type\":\"PropertyValueSpecification\",\"valueRequired\":true,\"valueName\":\"search_term_string\"}}],\"inLanguage\":\"en-US\"},{\"@type\":\"Organization\",\"@id\":\"https:\/\/capribeautyline.com\/en\/#organization\",\"name\":\"Capri Beauty Line\",\"url\":\"https:\/\/capribeautyline.com\/en\/\",\"logo\":{\"@type\":\"ImageObject\",\"inLanguage\":\"en-US\",\"@id\":\"https:\/\/capribeautyline.com\/en\/#\/schema\/logo\/image\/\",\"url\":\"https:\/\/capribeautyline.com\/wp-content\/uploads\/2020\/10\/logo-capri-beuaty-line.png\",\"contentUrl\":\"https:\/\/capribeautyline.com\/wp-content\/uploads\/2020\/10\/logo-capri-beuaty-line.png\",\"width\":265,\"height\":86,\"caption\":\"Capri Beauty Line\"},\"image\":{\"@id\":\"https:\/\/capribeautyline.com\/en\/#\/schema\/logo\/image\/\"},\"sameAs\":[\"https:\/\/www.facebook.com\/capribeautyline\",\"https:\/\/www.instagram.com\/capri_beauty_line\"]}]}<\/script>\n<!-- \/ Yoast SEO plugin. -->","yoast_head_json":{"title":"Crema Acida Riducente Esoslim | Capri Beauty Line","description":"Con Esosomi, Acido Poliglucuronico, Alpha Idrossiacidi, Estratto di Pianta Carnivora, Fosfatidilcolina e Carnitina  Studiata per aiutare a migliorare l\u2019aspetto di cellulite e adiposit\u00e0 localizzate, rende la pelle visibilmente pi\u00f9 liscia, compatta e uniforme. La sua formula avanzata sostiene il rimodellamento cutaneo e favorisce una pelle pi\u00f9 reattiva e tonica. La texture, ricca ma a rapido assorbimento, \u00e8 ideale per il massaggio quotidiano e lascia la pelle morbida e levigata. Un gesto quotidiano che accompagna il corpo verso una silhouette pi\u00f9 armoniosa e definita, mantenendo pi\u00f9 a lungo i benefici del trattamento in cabina.","robots":{"index":"index","follow":"follow","max-snippet":"max-snippet:-1","max-image-preview":"max-image-preview:large","max-video-preview":"max-video-preview:-1"},"canonical":"https:\/\/capribeautyline.com\/en\/prodotto\/crema-acida-riducente-esoslim-2\/","og_locale":"en_US","og_type":"article","og_title":"Crema Acida Riducente Esoslim | Capri Beauty Line","og_description":"Con Esosomi, Acido Poliglucuronico, Alpha Idrossiacidi, Estratto di Pianta Carnivora, Fosfatidilcolina e Carnitina  Studiata per aiutare a migliorare l\u2019aspetto di cellulite e adiposit\u00e0 localizzate, rende la pelle visibilmente pi\u00f9 liscia, compatta e uniforme. La sua formula avanzata sostiene il rimodellamento cutaneo e favorisce una pelle pi\u00f9 reattiva e tonica. La texture, ricca ma a rapido assorbimento, \u00e8 ideale per il massaggio quotidiano e lascia la pelle morbida e levigata. Un gesto quotidiano che accompagna il corpo verso una silhouette pi\u00f9 armoniosa e definita, mantenendo pi\u00f9 a lungo i benefici del trattamento in cabina.","og_url":"https:\/\/capribeautyline.com\/en\/prodotto\/crema-acida-riducente-esoslim-2\/","og_site_name":"Capri Beauty Line","article_publisher":"https:\/\/www.facebook.com\/capribeautyline","article_modified_time":"2026-02-19T16:03:38+00:00","og_image":[{"width":1080,"height":1080,"url":"https:\/\/capribeautyline.com\/wp-content\/uploads\/2026\/02\/58065-Crema-Acida-Riducente-Esoslim-Rivendita.JPG.jpg","type":"image\/jpeg"}],"twitter_card":"summary_large_image","twitter_misc":{"Est. reading time":"1 minute"},"schema":{"@context":"https:\/\/schema.org","@graph":[{"@type":"WebPage","@id":"https:\/\/capribeautyline.com\/en\/prodotto\/crema-acida-riducente-esoslim-2\/","url":"https:\/\/capribeautyline.com\/en\/prodotto\/crema-acida-riducente-esoslim-2\/","name":"Crema Acida Riducente Esoslim | Capri Beauty Line","isPartOf":{"@id":"https:\/\/capribeautyline.com\/en\/#website"},"primaryImageOfPage":{"@id":"https:\/\/capribeautyline.com\/en\/prodotto\/crema-acida-riducente-esoslim-2\/#primaryimage"},"image":{"@id":"https:\/\/capribeautyline.com\/en\/prodotto\/crema-acida-riducente-esoslim-2\/#primaryimage"},"thumbnailUrl":"https:\/\/capribeautyline.com\/wp-content\/uploads\/2026\/02\/58065-Crema-Acida-Riducente-Esoslim-Rivendita.JPG.jpg","datePublished":"2026-02-17T10:36:56+00:00","dateModified":"2026-02-19T16:03:38+00:00","description":"Con Esosomi, Acido Poliglucuronico, Alpha Idrossiacidi, Estratto di Pianta Carnivora, Fosfatidilcolina e Carnitina Studiata per aiutare a migliorare l\u2019aspetto di cellulite e adiposit\u00e0 localizzate, rende la pelle visibilmente pi\u00f9 liscia, compatta e uniforme. La sua formula avanzata sostiene il rimodellamento cutaneo e favorisce una pelle pi\u00f9 reattiva e tonica. La texture, ricca ma a rapido assorbimento, \u00e8 ideale per il massaggio quotidiano e lascia la pelle morbida e levigata. Un gesto quotidiano che accompagna il corpo verso una silhouette pi\u00f9 armoniosa e definita, mantenendo pi\u00f9 a lungo i benefici del trattamento in cabina.","breadcrumb":{"@id":"https:\/\/capribeautyline.com\/en\/prodotto\/crema-acida-riducente-esoslim-2\/#breadcrumb"},"inLanguage":"en-US","potentialAction":[{"@type":"ReadAction","target":["https:\/\/capribeautyline.com\/en\/prodotto\/crema-acida-riducente-esoslim-2\/"]}]},{"@type":"ImageObject","inLanguage":"en-US","@id":"https:\/\/capribeautyline.com\/en\/prodotto\/crema-acida-riducente-esoslim-2\/#primaryimage","url":"https:\/\/capribeautyline.com\/wp-content\/uploads\/2026\/02\/58065-Crema-Acida-Riducente-Esoslim-Rivendita.JPG.jpg","contentUrl":"https:\/\/capribeautyline.com\/wp-content\/uploads\/2026\/02\/58065-Crema-Acida-Riducente-Esoslim-Rivendita.JPG.jpg","width":1080,"height":1080},{"@type":"BreadcrumbList","@id":"https:\/\/capribeautyline.com\/en\/prodotto\/crema-acida-riducente-esoslim-2\/#breadcrumb","itemListElement":[{"@type":"ListItem","position":1,"name":"Home","item":"https:\/\/capribeautyline.com\/en\/"},{"@type":"ListItem","position":2,"name":"Shop","item":"https:\/\/capribeautyline.com\/negozio\/"},{"@type":"ListItem","position":3,"name":"Crema Acida Riducente Esoslim"}]},{"@type":"WebSite","@id":"https:\/\/capribeautyline.com\/en\/#website","url":"https:\/\/capribeautyline.com\/en\/","name":"Capri Beauty Line","description":"Cosmesi mediterranea","publisher":{"@id":"https:\/\/capribeautyline.com\/en\/#organization"},"potentialAction":[{"@type":"SearchAction","target":{"@type":"EntryPoint","urlTemplate":"https:\/\/capribeautyline.com\/en\/?s={search_term_string}"},"query-input":{"@type":"PropertyValueSpecification","valueRequired":true,"valueName":"search_term_string"}}],"inLanguage":"en-US"},{"@type":"Organization","@id":"https:\/\/capribeautyline.com\/en\/#organization","name":"Capri Beauty Line","url":"https:\/\/capribeautyline.com\/en\/","logo":{"@type":"ImageObject","inLanguage":"en-US","@id":"https:\/\/capribeautyline.com\/en\/#\/schema\/logo\/image\/","url":"https:\/\/capribeautyline.com\/wp-content\/uploads\/2020\/10\/logo-capri-beuaty-line.png","contentUrl":"https:\/\/capribeautyline.com\/wp-content\/uploads\/2020\/10\/logo-capri-beuaty-line.png","width":265,"height":86,"caption":"Capri Beauty Line"},"image":{"@id":"https:\/\/capribeautyline.com\/en\/#\/schema\/logo\/image\/"},"sameAs":["https:\/\/www.facebook.com\/capribeautyline","https:\/\/www.instagram.com\/capri_beauty_line"]}]}},"_links":{"self":[{"href":"https:\/\/capribeautyline.com\/en\/wp-json\/wp\/v2\/product\/15414","targetHints":{"allow":["GET"]}}],"collection":[{"href":"https:\/\/capribeautyline.com\/en\/wp-json\/wp\/v2\/product"}],"about":[{"href":"https:\/\/capribeautyline.com\/en\/wp-json\/wp\/v2\/types\/product"}],"wp:featuredmedia":[{"embeddable":true,"href":"https:\/\/capribeautyline.com\/en\/wp-json\/wp\/v2\/media\/15415"}],"wp:attachment":[{"href":"https:\/\/capribeautyline.com\/en\/wp-json\/wp\/v2\/media?parent=15414"}],"wp:term":[{"taxonomy":"product_brand","embeddable":true,"href":"https:\/\/capribeautyline.com\/en\/wp-json\/wp\/v2\/product_brand?post=15414"},{"taxonomy":"product_cat","embeddable":true,"href":"https:\/\/capribeautyline.com\/en\/wp-json\/wp\/v2\/product_cat?post=15414"},{"taxonomy":"product_tag","embeddable":true,"href":"https:\/\/capribeautyline.com\/en\/wp-json\/wp\/v2\/product_tag?post=15414"},{"taxonomy":"linee","embeddable":true,"href":"https:\/\/capribeautyline.com\/en\/wp-json\/wp\/v2\/linee?post=15414"},{"taxonomy":"aree","embeddable":true,"href":"https:\/\/capribeautyline.com\/en\/wp-json\/wp\/v2\/aree?post=15414"},{"taxonomy":"soluzioni","embeddable":true,"href":"https:\/\/capribeautyline.com\/en\/wp-json\/wp\/v2\/soluzioni?post=15414"}],"curies":[{"name":"wp","href":"https:\/\/api.w.org\/{rel}","templated":true}]}}