{"id":5709,"date":"2023-10-05T13:01:32","date_gmt":"2023-10-05T12:01:32","guid":{"rendered":"https:\/\/new.capribeauty.it\/prodotto\/revolution-collagen-kit-lultima-frontiera-della-cosmetica-avanzata-che-cambia-forma-al-collagene-contiene-15-pezzi\/"},"modified":"2026-01-22T10:50:44","modified_gmt":"2026-01-22T08:50:44","slug":"revolution-collagen-kit-lultima-frontiera-della-cosmetica-avanzata-che-cambia-forma-al-collagene-contiene-15-pezzi","status":"publish","type":"product","link":"https:\/\/capribeautyline.com\/en\/prodotto\/revolution-collagen-kit-lultima-frontiera-della-cosmetica-avanzata-che-cambia-forma-al-collagene-contiene-15-pezzi\/","title":{"rendered":"Revolution Collagen Kit"},"content":{"rendered":"","protected":false},"excerpt":{"rendered":"<p>Da oggi il collagene ha una nuova forma! Lo abbiamo idrolizzato, spezzettato in piccolissimi filamenti e rimodellato come fosse una nuvola, chiamata COLLAGEN CLOUD, che applicato sul viso si allarga come fosse un reticolo di cotone e una volta sciolto ha la capacit\u00e0 di penetrare all\u2019interno del derma stimolando i fibroblasti alla produzione di collegene ed elastina. Immediatamente la parte trattata si sollever\u00e0, apparir\u00e0 pi\u00f9 tonica, schiarita ed idratata! I pori si restringeranno con un beneficio anche per la pelle acneica e la pigmentazione si ridurr\u00e0 notevolmente grazie al suo spiccato effetto schiarente.<\/p>\n<p>Nel Revolution Collagen Kit troverai anche un\u2019innovativo sistema per riempire le rughe profonde e di espressione in modo naturale, visibile e originale! Con i FILI \u00a0DERMO RIASSORBIBILI RIEMPITIVI infatti si andranno letteralmente a riempire le rughe con un\u2019 azione biostimolante sia Liftante che Riempitiva.<\/p>\n<p>Il <strong>Revolution Collagen Kit<\/strong> \u00e8 stato studiato per un uso esclusivamente professionale per effettuare 5 trattamenti con la dotazione di altri due prodotti complementari: i <strong>CONCENTRATI ATTIVI AL COLLAGENE SUPER IDRATANTI<\/strong> serviranno a creare la base di lavoro su cui applicare il Collagen Cloud e i Fili Dermo Riassorbibili, mentre l\u2019 <strong>ACTIVE COLLAGEN SOLUTION<\/strong> andr\u00e0 ad attivare il rilascio delle sostanze attive e contribuir\u00e0 alla distensione della ruga con effetto liftante e tensore.<\/p>\n<p>Il Kit \u00e8 composto quindi da:<\/p>\n<ul>\n<li>5 pezzi di Collagen Cloud<\/li>\n<li>5 bustine di Fili Dermo Riassorbibili (ogni bustina contiene 12 fili)<\/li>\n<li>2 pezzi di Fialoidi al Collagene Super Idratanti da 10 ml<\/li>\n<li>3 pezzi di Soluzione attivante ACTIVE COLLAGEN SOLUTION da 20 ml cad.<\/li>\n<\/ul>\n","protected":false},"featured_media":4541,"template":"","meta":[],"product_brand":[],"product_cat":[676],"product_tag":[692,693,694,695,696],"linee":[678],"aree":[604],"soluzioni":[833,834,892,859],"class_list":{"0":"post-5709","1":"product","2":"type-product","3":"status-publish","4":"has-post-thumbnail","6":"product_cat-revolution-collagen-kit-en","7":"product_tag-anti-rughe-en","8":"product_tag-collagene-en","9":"product_tag-fili-di-collagene-en","10":"product_tag-reticolo-di-collagene-en","11":"product_tag-super-idratante-en","12":"linee-over-boost","13":"aree-face","14":"soluzioni-anti-wrinkle","15":"soluzioni-anti-age","16":"soluzioni-rempolishing","17":"soluzioni-moisturizer","19":"first","20":"instock","21":"taxable","22":"shipping-taxable","23":"product-type-simple"},"yoast_head":"<!-- This site is optimized with the Yoast SEO plugin v25.4 - https:\/\/yoast.com\/wordpress\/plugins\/seo\/ -->\n<title>Revolution Collagen Kit | Capri Beauty Line<\/title>\n<meta name=\"description\" content=\"Da oggi il collagene ha una nuova forma! Lo abbiamo idrolizzato, spezzettato in piccolissimi filamenti e rimodellato come fosse una nuvola, chiamata COLLAGEN CLOUD, che applicato sul viso si allarga come fosse un reticolo di cotone e una volta sciolto ha la capacit\u00e0 di penetrare all\u2019interno del derma stimolando i fibroblasti alla produzione di collegene ed elastina. Immediatamente la parte trattata si sollever\u00e0, apparir\u00e0 pi\u00f9 tonica, schiarita ed idratata! I pori si restringeranno con un beneficio anche per la pelle acneica e la pigmentazione si ridurr\u00e0 notevolmente grazie al suo spiccato effetto schiarente.  Nel Revolution Collagen Kit troverai anche un\u2019innovativo sistema per riempire le rughe profonde e di espressione in modo naturale, visibile e originale! Con i FILI \u00a0DERMO RIASSORBIBILI RIEMPITIVI infatti si andranno letteralmente a riempire le rughe con un\u2019 azione biostimolante sia Liftante che Riempitiva.  Il Revolution Collagen Kit \u00e8 stato studiato per un uso esclusivamente professionale per effettuare 5 trattamenti con la dotazione di altri due prodotti complementari: i CONCENTRATI ATTIVI AL COLLAGENE SUPER IDRATANTI serviranno a creare la base di lavoro su cui applicare il Collagen Cloud e i Fili Dermo Riassorbibili, mentre l\u2019 ACTIVE COLLAGEN SOLUTION andr\u00e0 ad attivare il rilascio delle sostanze attive e contribuir\u00e0 alla distensione della ruga con effetto liftante e tensore.  Il Kit \u00e8 composto quindi da:   5 pezzi di Collagen Cloud  5 bustine di Fili Dermo Riassorbibili (ogni bustina contiene 12 fili)  2 pezzi di Fialoidi al Collagene Super Idratanti da 10 ml  3 pezzi di Soluzione attivante ACTIVE COLLAGEN SOLUTION da 20 ml cad.\" \/>\n<meta name=\"robots\" content=\"index, follow, max-snippet:-1, max-image-preview:large, max-video-preview:-1\" \/>\n<link rel=\"canonical\" href=\"https:\/\/capribeautyline.com\/en\/prodotto\/revolution-collagen-kit-lultima-frontiera-della-cosmetica-avanzata-che-cambia-forma-al-collagene-contiene-15-pezzi\/\" \/>\n<meta property=\"og:locale\" content=\"en_US\" \/>\n<meta property=\"og:type\" content=\"article\" \/>\n<meta property=\"og:title\" content=\"Revolution Collagen Kit | Capri Beauty Line\" \/>\n<meta property=\"og:description\" content=\"Da oggi il collagene ha una nuova forma! Lo abbiamo idrolizzato, spezzettato in piccolissimi filamenti e rimodellato come fosse una nuvola, chiamata COLLAGEN CLOUD, che applicato sul viso si allarga come fosse un reticolo di cotone e una volta sciolto ha la capacit\u00e0 di penetrare all\u2019interno del derma stimolando i fibroblasti alla produzione di collegene ed elastina. Immediatamente la parte trattata si sollever\u00e0, apparir\u00e0 pi\u00f9 tonica, schiarita ed idratata! I pori si restringeranno con un beneficio anche per la pelle acneica e la pigmentazione si ridurr\u00e0 notevolmente grazie al suo spiccato effetto schiarente.  Nel Revolution Collagen Kit troverai anche un\u2019innovativo sistema per riempire le rughe profonde e di espressione in modo naturale, visibile e originale! Con i FILI \u00a0DERMO RIASSORBIBILI RIEMPITIVI infatti si andranno letteralmente a riempire le rughe con un\u2019 azione biostimolante sia Liftante che Riempitiva.  Il Revolution Collagen Kit \u00e8 stato studiato per un uso esclusivamente professionale per effettuare 5 trattamenti con la dotazione di altri due prodotti complementari: i CONCENTRATI ATTIVI AL COLLAGENE SUPER IDRATANTI serviranno a creare la base di lavoro su cui applicare il Collagen Cloud e i Fili Dermo Riassorbibili, mentre l\u2019 ACTIVE COLLAGEN SOLUTION andr\u00e0 ad attivare il rilascio delle sostanze attive e contribuir\u00e0 alla distensione della ruga con effetto liftante e tensore.  Il Kit \u00e8 composto quindi da:   5 pezzi di Collagen Cloud  5 bustine di Fili Dermo Riassorbibili (ogni bustina contiene 12 fili)  2 pezzi di Fialoidi al Collagene Super Idratanti da 10 ml  3 pezzi di Soluzione attivante ACTIVE COLLAGEN SOLUTION da 20 ml cad.\" \/>\n<meta property=\"og:url\" content=\"https:\/\/capribeautyline.com\/en\/prodotto\/revolution-collagen-kit-lultima-frontiera-della-cosmetica-avanzata-che-cambia-forma-al-collagene-contiene-15-pezzi\/\" \/>\n<meta property=\"og:site_name\" content=\"Capri Beauty Line\" \/>\n<meta property=\"article:publisher\" content=\"https:\/\/www.facebook.com\/capribeautyline\" \/>\n<meta property=\"article:modified_time\" content=\"2026-01-22T08:50:44+00:00\" \/>\n<meta property=\"og:image\" content=\"https:\/\/capribeautyline.com\/wp-content\/uploads\/2023\/10\/796A8704-scatola-revolution-new-scaled.jpg\" \/>\n\t<meta property=\"og:image:width\" content=\"2548\" \/>\n\t<meta property=\"og:image:height\" content=\"2560\" \/>\n\t<meta property=\"og:image:type\" content=\"image\/jpeg\" \/>\n<meta name=\"twitter:card\" content=\"summary_large_image\" \/>\n<script type=\"application\/ld+json\" class=\"yoast-schema-graph\">{\"@context\":\"https:\/\/schema.org\",\"@graph\":[{\"@type\":\"WebPage\",\"@id\":\"https:\/\/capribeautyline.com\/en\/prodotto\/revolution-collagen-kit-lultima-frontiera-della-cosmetica-avanzata-che-cambia-forma-al-collagene-contiene-15-pezzi\/\",\"url\":\"https:\/\/capribeautyline.com\/en\/prodotto\/revolution-collagen-kit-lultima-frontiera-della-cosmetica-avanzata-che-cambia-forma-al-collagene-contiene-15-pezzi\/\",\"name\":\"Revolution Collagen Kit | Capri Beauty Line\",\"isPartOf\":{\"@id\":\"https:\/\/capribeautyline.com\/en\/#website\"},\"primaryImageOfPage\":{\"@id\":\"https:\/\/capribeautyline.com\/en\/prodotto\/revolution-collagen-kit-lultima-frontiera-della-cosmetica-avanzata-che-cambia-forma-al-collagene-contiene-15-pezzi\/#primaryimage\"},\"image\":{\"@id\":\"https:\/\/capribeautyline.com\/en\/prodotto\/revolution-collagen-kit-lultima-frontiera-della-cosmetica-avanzata-che-cambia-forma-al-collagene-contiene-15-pezzi\/#primaryimage\"},\"thumbnailUrl\":\"https:\/\/capribeautyline.com\/wp-content\/uploads\/2023\/10\/796A8704-scatola-revolution-new-scaled.jpg\",\"datePublished\":\"2023-10-05T12:01:32+00:00\",\"dateModified\":\"2026-01-22T08:50:44+00:00\",\"description\":\"Da oggi il collagene ha una nuova forma! Lo abbiamo idrolizzato, spezzettato in piccolissimi filamenti e rimodellato come fosse una nuvola, chiamata COLLAGEN CLOUD, che applicato sul viso si allarga come fosse un reticolo di cotone e una volta sciolto ha la capacit\u00e0 di penetrare all\u2019interno del derma stimolando i fibroblasti alla produzione di collegene ed elastina. Immediatamente la parte trattata si sollever\u00e0, apparir\u00e0 pi\u00f9 tonica, schiarita ed idratata! I pori si restringeranno con un beneficio anche per la pelle acneica e la pigmentazione si ridurr\u00e0 notevolmente grazie al suo spiccato effetto schiarente. Nel Revolution Collagen Kit troverai anche un\u2019innovativo sistema per riempire le rughe profonde e di espressione in modo naturale, visibile e originale! Con i FILI \u00a0DERMO RIASSORBIBILI RIEMPITIVI infatti si andranno letteralmente a riempire le rughe con un\u2019 azione biostimolante sia Liftante che Riempitiva. Il Revolution Collagen Kit \u00e8 stato studiato per un uso esclusivamente professionale per effettuare 5 trattamenti con la dotazione di altri due prodotti complementari: i CONCENTRATI ATTIVI AL COLLAGENE SUPER IDRATANTI serviranno a creare la base di lavoro su cui applicare il Collagen Cloud e i Fili Dermo Riassorbibili, mentre l\u2019 ACTIVE COLLAGEN SOLUTION andr\u00e0 ad attivare il rilascio delle sostanze attive e contribuir\u00e0 alla distensione della ruga con effetto liftante e tensore. Il Kit \u00e8 composto quindi da: 5 pezzi di Collagen Cloud 5 bustine di Fili Dermo Riassorbibili (ogni bustina contiene 12 fili) 2 pezzi di Fialoidi al Collagene Super Idratanti da 10 ml 3 pezzi di Soluzione attivante ACTIVE COLLAGEN SOLUTION da 20 ml cad.\",\"breadcrumb\":{\"@id\":\"https:\/\/capribeautyline.com\/en\/prodotto\/revolution-collagen-kit-lultima-frontiera-della-cosmetica-avanzata-che-cambia-forma-al-collagene-contiene-15-pezzi\/#breadcrumb\"},\"inLanguage\":\"en-US\",\"potentialAction\":[{\"@type\":\"ReadAction\",\"target\":[\"https:\/\/capribeautyline.com\/en\/prodotto\/revolution-collagen-kit-lultima-frontiera-della-cosmetica-avanzata-che-cambia-forma-al-collagene-contiene-15-pezzi\/\"]}]},{\"@type\":\"ImageObject\",\"inLanguage\":\"en-US\",\"@id\":\"https:\/\/capribeautyline.com\/en\/prodotto\/revolution-collagen-kit-lultima-frontiera-della-cosmetica-avanzata-che-cambia-forma-al-collagene-contiene-15-pezzi\/#primaryimage\",\"url\":\"https:\/\/capribeautyline.com\/wp-content\/uploads\/2023\/10\/796A8704-scatola-revolution-new-scaled.jpg\",\"contentUrl\":\"https:\/\/capribeautyline.com\/wp-content\/uploads\/2023\/10\/796A8704-scatola-revolution-new-scaled.jpg\",\"width\":2548,\"height\":2560},{\"@type\":\"BreadcrumbList\",\"@id\":\"https:\/\/capribeautyline.com\/en\/prodotto\/revolution-collagen-kit-lultima-frontiera-della-cosmetica-avanzata-che-cambia-forma-al-collagene-contiene-15-pezzi\/#breadcrumb\",\"itemListElement\":[{\"@type\":\"ListItem\",\"position\":1,\"name\":\"Home\",\"item\":\"https:\/\/capribeautyline.com\/en\/\"},{\"@type\":\"ListItem\",\"position\":2,\"name\":\"Shop\",\"item\":\"https:\/\/capribeautyline.com\/negozio\/\"},{\"@type\":\"ListItem\",\"position\":3,\"name\":\"Revolution Collagen Kit\"}]},{\"@type\":\"WebSite\",\"@id\":\"https:\/\/capribeautyline.com\/en\/#website\",\"url\":\"https:\/\/capribeautyline.com\/en\/\",\"name\":\"Capri Beauty Line\",\"description\":\"Cosmesi mediterranea\",\"publisher\":{\"@id\":\"https:\/\/capribeautyline.com\/en\/#organization\"},\"potentialAction\":[{\"@type\":\"SearchAction\",\"target\":{\"@type\":\"EntryPoint\",\"urlTemplate\":\"https:\/\/capribeautyline.com\/en\/?s={search_term_string}\"},\"query-input\":{\"@type\":\"PropertyValueSpecification\",\"valueRequired\":true,\"valueName\":\"search_term_string\"}}],\"inLanguage\":\"en-US\"},{\"@type\":\"Organization\",\"@id\":\"https:\/\/capribeautyline.com\/en\/#organization\",\"name\":\"Capri Beauty Line\",\"url\":\"https:\/\/capribeautyline.com\/en\/\",\"logo\":{\"@type\":\"ImageObject\",\"inLanguage\":\"en-US\",\"@id\":\"https:\/\/capribeautyline.com\/en\/#\/schema\/logo\/image\/\",\"url\":\"https:\/\/capribeautyline.com\/wp-content\/uploads\/2020\/10\/logo-capri-beuaty-line.png\",\"contentUrl\":\"https:\/\/capribeautyline.com\/wp-content\/uploads\/2020\/10\/logo-capri-beuaty-line.png\",\"width\":265,\"height\":86,\"caption\":\"Capri Beauty Line\"},\"image\":{\"@id\":\"https:\/\/capribeautyline.com\/en\/#\/schema\/logo\/image\/\"},\"sameAs\":[\"https:\/\/www.facebook.com\/capribeautyline\",\"https:\/\/www.instagram.com\/capri_beauty_line\"]}]}<\/script>\n<!-- \/ Yoast SEO plugin. -->","yoast_head_json":{"title":"Revolution Collagen Kit | Capri Beauty Line","description":"Da oggi il collagene ha una nuova forma! Lo abbiamo idrolizzato, spezzettato in piccolissimi filamenti e rimodellato come fosse una nuvola, chiamata COLLAGEN CLOUD, che applicato sul viso si allarga come fosse un reticolo di cotone e una volta sciolto ha la capacit\u00e0 di penetrare all\u2019interno del derma stimolando i fibroblasti alla produzione di collegene ed elastina. Immediatamente la parte trattata si sollever\u00e0, apparir\u00e0 pi\u00f9 tonica, schiarita ed idratata! I pori si restringeranno con un beneficio anche per la pelle acneica e la pigmentazione si ridurr\u00e0 notevolmente grazie al suo spiccato effetto schiarente.  Nel Revolution Collagen Kit troverai anche un\u2019innovativo sistema per riempire le rughe profonde e di espressione in modo naturale, visibile e originale! Con i FILI \u00a0DERMO RIASSORBIBILI RIEMPITIVI infatti si andranno letteralmente a riempire le rughe con un\u2019 azione biostimolante sia Liftante che Riempitiva.  Il Revolution Collagen Kit \u00e8 stato studiato per un uso esclusivamente professionale per effettuare 5 trattamenti con la dotazione di altri due prodotti complementari: i CONCENTRATI ATTIVI AL COLLAGENE SUPER IDRATANTI serviranno a creare la base di lavoro su cui applicare il Collagen Cloud e i Fili Dermo Riassorbibili, mentre l\u2019 ACTIVE COLLAGEN SOLUTION andr\u00e0 ad attivare il rilascio delle sostanze attive e contribuir\u00e0 alla distensione della ruga con effetto liftante e tensore.  Il Kit \u00e8 composto quindi da:   5 pezzi di Collagen Cloud  5 bustine di Fili Dermo Riassorbibili (ogni bustina contiene 12 fili)  2 pezzi di Fialoidi al Collagene Super Idratanti da 10 ml  3 pezzi di Soluzione attivante ACTIVE COLLAGEN SOLUTION da 20 ml cad.","robots":{"index":"index","follow":"follow","max-snippet":"max-snippet:-1","max-image-preview":"max-image-preview:large","max-video-preview":"max-video-preview:-1"},"canonical":"https:\/\/capribeautyline.com\/en\/prodotto\/revolution-collagen-kit-lultima-frontiera-della-cosmetica-avanzata-che-cambia-forma-al-collagene-contiene-15-pezzi\/","og_locale":"en_US","og_type":"article","og_title":"Revolution Collagen Kit | Capri Beauty Line","og_description":"Da oggi il collagene ha una nuova forma! Lo abbiamo idrolizzato, spezzettato in piccolissimi filamenti e rimodellato come fosse una nuvola, chiamata COLLAGEN CLOUD, che applicato sul viso si allarga come fosse un reticolo di cotone e una volta sciolto ha la capacit\u00e0 di penetrare all\u2019interno del derma stimolando i fibroblasti alla produzione di collegene ed elastina. Immediatamente la parte trattata si sollever\u00e0, apparir\u00e0 pi\u00f9 tonica, schiarita ed idratata! I pori si restringeranno con un beneficio anche per la pelle acneica e la pigmentazione si ridurr\u00e0 notevolmente grazie al suo spiccato effetto schiarente.  Nel Revolution Collagen Kit troverai anche un\u2019innovativo sistema per riempire le rughe profonde e di espressione in modo naturale, visibile e originale! Con i FILI \u00a0DERMO RIASSORBIBILI RIEMPITIVI infatti si andranno letteralmente a riempire le rughe con un\u2019 azione biostimolante sia Liftante che Riempitiva.  Il Revolution Collagen Kit \u00e8 stato studiato per un uso esclusivamente professionale per effettuare 5 trattamenti con la dotazione di altri due prodotti complementari: i CONCENTRATI ATTIVI AL COLLAGENE SUPER IDRATANTI serviranno a creare la base di lavoro su cui applicare il Collagen Cloud e i Fili Dermo Riassorbibili, mentre l\u2019 ACTIVE COLLAGEN SOLUTION andr\u00e0 ad attivare il rilascio delle sostanze attive e contribuir\u00e0 alla distensione della ruga con effetto liftante e tensore.  Il Kit \u00e8 composto quindi da:   5 pezzi di Collagen Cloud  5 bustine di Fili Dermo Riassorbibili (ogni bustina contiene 12 fili)  2 pezzi di Fialoidi al Collagene Super Idratanti da 10 ml  3 pezzi di Soluzione attivante ACTIVE COLLAGEN SOLUTION da 20 ml cad.","og_url":"https:\/\/capribeautyline.com\/en\/prodotto\/revolution-collagen-kit-lultima-frontiera-della-cosmetica-avanzata-che-cambia-forma-al-collagene-contiene-15-pezzi\/","og_site_name":"Capri Beauty Line","article_publisher":"https:\/\/www.facebook.com\/capribeautyline","article_modified_time":"2026-01-22T08:50:44+00:00","og_image":[{"width":2548,"height":2560,"url":"https:\/\/capribeautyline.com\/wp-content\/uploads\/2023\/10\/796A8704-scatola-revolution-new-scaled.jpg","type":"image\/jpeg"}],"twitter_card":"summary_large_image","schema":{"@context":"https:\/\/schema.org","@graph":[{"@type":"WebPage","@id":"https:\/\/capribeautyline.com\/en\/prodotto\/revolution-collagen-kit-lultima-frontiera-della-cosmetica-avanzata-che-cambia-forma-al-collagene-contiene-15-pezzi\/","url":"https:\/\/capribeautyline.com\/en\/prodotto\/revolution-collagen-kit-lultima-frontiera-della-cosmetica-avanzata-che-cambia-forma-al-collagene-contiene-15-pezzi\/","name":"Revolution Collagen Kit | Capri Beauty Line","isPartOf":{"@id":"https:\/\/capribeautyline.com\/en\/#website"},"primaryImageOfPage":{"@id":"https:\/\/capribeautyline.com\/en\/prodotto\/revolution-collagen-kit-lultima-frontiera-della-cosmetica-avanzata-che-cambia-forma-al-collagene-contiene-15-pezzi\/#primaryimage"},"image":{"@id":"https:\/\/capribeautyline.com\/en\/prodotto\/revolution-collagen-kit-lultima-frontiera-della-cosmetica-avanzata-che-cambia-forma-al-collagene-contiene-15-pezzi\/#primaryimage"},"thumbnailUrl":"https:\/\/capribeautyline.com\/wp-content\/uploads\/2023\/10\/796A8704-scatola-revolution-new-scaled.jpg","datePublished":"2023-10-05T12:01:32+00:00","dateModified":"2026-01-22T08:50:44+00:00","description":"Da oggi il collagene ha una nuova forma! Lo abbiamo idrolizzato, spezzettato in piccolissimi filamenti e rimodellato come fosse una nuvola, chiamata COLLAGEN CLOUD, che applicato sul viso si allarga come fosse un reticolo di cotone e una volta sciolto ha la capacit\u00e0 di penetrare all\u2019interno del derma stimolando i fibroblasti alla produzione di collegene ed elastina. Immediatamente la parte trattata si sollever\u00e0, apparir\u00e0 pi\u00f9 tonica, schiarita ed idratata! I pori si restringeranno con un beneficio anche per la pelle acneica e la pigmentazione si ridurr\u00e0 notevolmente grazie al suo spiccato effetto schiarente. Nel Revolution Collagen Kit troverai anche un\u2019innovativo sistema per riempire le rughe profonde e di espressione in modo naturale, visibile e originale! Con i FILI \u00a0DERMO RIASSORBIBILI RIEMPITIVI infatti si andranno letteralmente a riempire le rughe con un\u2019 azione biostimolante sia Liftante che Riempitiva. Il Revolution Collagen Kit \u00e8 stato studiato per un uso esclusivamente professionale per effettuare 5 trattamenti con la dotazione di altri due prodotti complementari: i CONCENTRATI ATTIVI AL COLLAGENE SUPER IDRATANTI serviranno a creare la base di lavoro su cui applicare il Collagen Cloud e i Fili Dermo Riassorbibili, mentre l\u2019 ACTIVE COLLAGEN SOLUTION andr\u00e0 ad attivare il rilascio delle sostanze attive e contribuir\u00e0 alla distensione della ruga con effetto liftante e tensore. Il Kit \u00e8 composto quindi da: 5 pezzi di Collagen Cloud 5 bustine di Fili Dermo Riassorbibili (ogni bustina contiene 12 fili) 2 pezzi di Fialoidi al Collagene Super Idratanti da 10 ml 3 pezzi di Soluzione attivante ACTIVE COLLAGEN SOLUTION da 20 ml cad.","breadcrumb":{"@id":"https:\/\/capribeautyline.com\/en\/prodotto\/revolution-collagen-kit-lultima-frontiera-della-cosmetica-avanzata-che-cambia-forma-al-collagene-contiene-15-pezzi\/#breadcrumb"},"inLanguage":"en-US","potentialAction":[{"@type":"ReadAction","target":["https:\/\/capribeautyline.com\/en\/prodotto\/revolution-collagen-kit-lultima-frontiera-della-cosmetica-avanzata-che-cambia-forma-al-collagene-contiene-15-pezzi\/"]}]},{"@type":"ImageObject","inLanguage":"en-US","@id":"https:\/\/capribeautyline.com\/en\/prodotto\/revolution-collagen-kit-lultima-frontiera-della-cosmetica-avanzata-che-cambia-forma-al-collagene-contiene-15-pezzi\/#primaryimage","url":"https:\/\/capribeautyline.com\/wp-content\/uploads\/2023\/10\/796A8704-scatola-revolution-new-scaled.jpg","contentUrl":"https:\/\/capribeautyline.com\/wp-content\/uploads\/2023\/10\/796A8704-scatola-revolution-new-scaled.jpg","width":2548,"height":2560},{"@type":"BreadcrumbList","@id":"https:\/\/capribeautyline.com\/en\/prodotto\/revolution-collagen-kit-lultima-frontiera-della-cosmetica-avanzata-che-cambia-forma-al-collagene-contiene-15-pezzi\/#breadcrumb","itemListElement":[{"@type":"ListItem","position":1,"name":"Home","item":"https:\/\/capribeautyline.com\/en\/"},{"@type":"ListItem","position":2,"name":"Shop","item":"https:\/\/capribeautyline.com\/negozio\/"},{"@type":"ListItem","position":3,"name":"Revolution Collagen Kit"}]},{"@type":"WebSite","@id":"https:\/\/capribeautyline.com\/en\/#website","url":"https:\/\/capribeautyline.com\/en\/","name":"Capri Beauty Line","description":"Cosmesi mediterranea","publisher":{"@id":"https:\/\/capribeautyline.com\/en\/#organization"},"potentialAction":[{"@type":"SearchAction","target":{"@type":"EntryPoint","urlTemplate":"https:\/\/capribeautyline.com\/en\/?s={search_term_string}"},"query-input":{"@type":"PropertyValueSpecification","valueRequired":true,"valueName":"search_term_string"}}],"inLanguage":"en-US"},{"@type":"Organization","@id":"https:\/\/capribeautyline.com\/en\/#organization","name":"Capri Beauty Line","url":"https:\/\/capribeautyline.com\/en\/","logo":{"@type":"ImageObject","inLanguage":"en-US","@id":"https:\/\/capribeautyline.com\/en\/#\/schema\/logo\/image\/","url":"https:\/\/capribeautyline.com\/wp-content\/uploads\/2020\/10\/logo-capri-beuaty-line.png","contentUrl":"https:\/\/capribeautyline.com\/wp-content\/uploads\/2020\/10\/logo-capri-beuaty-line.png","width":265,"height":86,"caption":"Capri Beauty Line"},"image":{"@id":"https:\/\/capribeautyline.com\/en\/#\/schema\/logo\/image\/"},"sameAs":["https:\/\/www.facebook.com\/capribeautyline","https:\/\/www.instagram.com\/capri_beauty_line"]}]}},"_links":{"self":[{"href":"https:\/\/capribeautyline.com\/en\/wp-json\/wp\/v2\/product\/5709","targetHints":{"allow":["GET"]}}],"collection":[{"href":"https:\/\/capribeautyline.com\/en\/wp-json\/wp\/v2\/product"}],"about":[{"href":"https:\/\/capribeautyline.com\/en\/wp-json\/wp\/v2\/types\/product"}],"wp:featuredmedia":[{"embeddable":true,"href":"https:\/\/capribeautyline.com\/en\/wp-json\/wp\/v2\/media\/4541"}],"wp:attachment":[{"href":"https:\/\/capribeautyline.com\/en\/wp-json\/wp\/v2\/media?parent=5709"}],"wp:term":[{"taxonomy":"product_brand","embeddable":true,"href":"https:\/\/capribeautyline.com\/en\/wp-json\/wp\/v2\/product_brand?post=5709"},{"taxonomy":"product_cat","embeddable":true,"href":"https:\/\/capribeautyline.com\/en\/wp-json\/wp\/v2\/product_cat?post=5709"},{"taxonomy":"product_tag","embeddable":true,"href":"https:\/\/capribeautyline.com\/en\/wp-json\/wp\/v2\/product_tag?post=5709"},{"taxonomy":"linee","embeddable":true,"href":"https:\/\/capribeautyline.com\/en\/wp-json\/wp\/v2\/linee?post=5709"},{"taxonomy":"aree","embeddable":true,"href":"https:\/\/capribeautyline.com\/en\/wp-json\/wp\/v2\/aree?post=5709"},{"taxonomy":"soluzioni","embeddable":true,"href":"https:\/\/capribeautyline.com\/en\/wp-json\/wp\/v2\/soluzioni?post=5709"}],"curies":[{"name":"wp","href":"https:\/\/api.w.org\/{rel}","templated":true}]}}