{"id":5902,"date":"2020-11-27T16:21:43","date_gmt":"2020-11-27T15:21:43","guid":{"rendered":"https:\/\/new.capribeauty.it\/prodotto\/latte-corpo-idratante-al-karite-e-collagene-ml200\/"},"modified":"2026-01-22T11:42:13","modified_gmt":"2026-01-22T09:42:13","slug":"latte-corpo-idratante-al-karite-e-collagene-ml200","status":"publish","type":"product","link":"https:\/\/capribeautyline.com\/en\/prodotto\/latte-corpo-idratante-al-karite-e-collagene-ml200\/","title":{"rendered":"Latte Corpo Idratante con Karite&#8217; e Collagene"},"content":{"rendered":"","protected":false},"excerpt":{"rendered":"<p>La delicata e profumata emulsione per il corpo \u00e8 ricca di emollienti preziosi e svolge un\u2019azione idratante, rigenerante, emolliente, dopo bagno e dopo sole. La sua formula a base di Burro di Karit\u00e9 \u00e8 molto nutriente ed \u00e8 indicata anche per pelli pi\u00f9 secche grazie alla sua azione rigenerante che apporta un nutrimento completo per l\u2019assoluto confort. Si assorbe velocemente, non lascia la pelle unta, ma vellutata e gradevolmente profumata.<\/p>\n<p>Attivi Fondamentali: Burro di Karit\u00e8, Collagene e Malva<\/p>\n","protected":false},"featured_media":4220,"template":"","meta":[],"product_brand":[],"product_cat":[817],"product_tag":[751],"linee":[673],"aree":[603,610],"soluzioni":[859,837,854],"class_list":{"0":"post-5902","1":"product","2":"type-product","3":"status-publish","4":"has-post-thumbnail","6":"product_cat-moisturizers","7":"product_tag-benessere-corpo-en","8":"linee-total-wellness","9":"aree-body","10":"aree-spa-en","11":"soluzioni-moisturizer","12":"soluzioni-wellness-body","13":"soluzioni-elasticizing","15":"first","16":"instock","17":"taxable","18":"shipping-taxable","19":"product-type-simple"},"yoast_head":"<!-- This site is optimized with the Yoast SEO plugin v25.4 - https:\/\/yoast.com\/wordpress\/plugins\/seo\/ -->\n<title>Latte Corpo Idratante con Karite&#039; e Collagene | Capri Beauty Line<\/title>\n<meta name=\"description\" content=\"La delicata e profumata emulsione per il corpo \u00e8 ricca di emollienti preziosi e svolge un\u2019azione idratante, rigenerante, emolliente, dopo bagno e dopo sole. La sua formula a base di Burro di Karit\u00e9 \u00e8 molto nutriente ed \u00e8 indicata anche per pelli pi\u00f9 secche grazie alla sua azione rigenerante che apporta un nutrimento completo per l\u2019assoluto confort. Si assorbe velocemente, non lascia la pelle unta, ma vellutata e gradevolmente profumata.  Attivi Fondamentali: Burro di Karit\u00e8, Collagene e Malva\" \/>\n<meta name=\"robots\" content=\"index, follow, max-snippet:-1, max-image-preview:large, max-video-preview:-1\" \/>\n<link rel=\"canonical\" href=\"https:\/\/capribeautyline.com\/en\/prodotto\/latte-corpo-idratante-al-karite-e-collagene-ml200\/\" \/>\n<meta property=\"og:locale\" content=\"en_US\" \/>\n<meta property=\"og:type\" content=\"article\" \/>\n<meta property=\"og:title\" content=\"Latte Corpo Idratante con Karite&#039; e Collagene | Capri Beauty Line\" \/>\n<meta property=\"og:description\" content=\"La delicata e profumata emulsione per il corpo \u00e8 ricca di emollienti preziosi e svolge un\u2019azione idratante, rigenerante, emolliente, dopo bagno e dopo sole. La sua formula a base di Burro di Karit\u00e9 \u00e8 molto nutriente ed \u00e8 indicata anche per pelli pi\u00f9 secche grazie alla sua azione rigenerante che apporta un nutrimento completo per l\u2019assoluto confort. Si assorbe velocemente, non lascia la pelle unta, ma vellutata e gradevolmente profumata.  Attivi Fondamentali: Burro di Karit\u00e8, Collagene e Malva\" \/>\n<meta property=\"og:url\" content=\"https:\/\/capribeautyline.com\/en\/prodotto\/latte-corpo-idratante-al-karite-e-collagene-ml200\/\" \/>\n<meta property=\"og:site_name\" content=\"Capri Beauty Line\" \/>\n<meta property=\"article:publisher\" content=\"https:\/\/www.facebook.com\/capribeautyline\" \/>\n<meta property=\"article:modified_time\" content=\"2026-01-22T09:42:13+00:00\" \/>\n<meta property=\"og:image\" content=\"https:\/\/capribeautyline.com\/wp-content\/uploads\/2020\/11\/53013.jpg\" \/>\n\t<meta property=\"og:image:width\" content=\"1378\" \/>\n\t<meta property=\"og:image:height\" content=\"1378\" \/>\n\t<meta property=\"og:image:type\" content=\"image\/jpeg\" \/>\n<meta name=\"twitter:card\" content=\"summary_large_image\" \/>\n<script type=\"application\/ld+json\" class=\"yoast-schema-graph\">{\"@context\":\"https:\/\/schema.org\",\"@graph\":[{\"@type\":\"WebPage\",\"@id\":\"https:\/\/capribeautyline.com\/en\/prodotto\/latte-corpo-idratante-al-karite-e-collagene-ml200\/\",\"url\":\"https:\/\/capribeautyline.com\/en\/prodotto\/latte-corpo-idratante-al-karite-e-collagene-ml200\/\",\"name\":\"Latte Corpo Idratante con Karite' e Collagene | Capri Beauty Line\",\"isPartOf\":{\"@id\":\"https:\/\/capribeautyline.com\/en\/#website\"},\"primaryImageOfPage\":{\"@id\":\"https:\/\/capribeautyline.com\/en\/prodotto\/latte-corpo-idratante-al-karite-e-collagene-ml200\/#primaryimage\"},\"image\":{\"@id\":\"https:\/\/capribeautyline.com\/en\/prodotto\/latte-corpo-idratante-al-karite-e-collagene-ml200\/#primaryimage\"},\"thumbnailUrl\":\"https:\/\/capribeautyline.com\/wp-content\/uploads\/2020\/11\/53013.jpg\",\"datePublished\":\"2020-11-27T15:21:43+00:00\",\"dateModified\":\"2026-01-22T09:42:13+00:00\",\"description\":\"La delicata e profumata emulsione per il corpo \u00e8 ricca di emollienti preziosi e svolge un\u2019azione idratante, rigenerante, emolliente, dopo bagno e dopo sole. La sua formula a base di Burro di Karit\u00e9 \u00e8 molto nutriente ed \u00e8 indicata anche per pelli pi\u00f9 secche grazie alla sua azione rigenerante che apporta un nutrimento completo per l\u2019assoluto confort. Si assorbe velocemente, non lascia la pelle unta, ma vellutata e gradevolmente profumata. Attivi Fondamentali: Burro di Karit\u00e8, Collagene e Malva\",\"breadcrumb\":{\"@id\":\"https:\/\/capribeautyline.com\/en\/prodotto\/latte-corpo-idratante-al-karite-e-collagene-ml200\/#breadcrumb\"},\"inLanguage\":\"en-US\",\"potentialAction\":[{\"@type\":\"ReadAction\",\"target\":[\"https:\/\/capribeautyline.com\/en\/prodotto\/latte-corpo-idratante-al-karite-e-collagene-ml200\/\"]}]},{\"@type\":\"ImageObject\",\"inLanguage\":\"en-US\",\"@id\":\"https:\/\/capribeautyline.com\/en\/prodotto\/latte-corpo-idratante-al-karite-e-collagene-ml200\/#primaryimage\",\"url\":\"https:\/\/capribeautyline.com\/wp-content\/uploads\/2020\/11\/53013.jpg\",\"contentUrl\":\"https:\/\/capribeautyline.com\/wp-content\/uploads\/2020\/11\/53013.jpg\",\"width\":1378,\"height\":1378},{\"@type\":\"BreadcrumbList\",\"@id\":\"https:\/\/capribeautyline.com\/en\/prodotto\/latte-corpo-idratante-al-karite-e-collagene-ml200\/#breadcrumb\",\"itemListElement\":[{\"@type\":\"ListItem\",\"position\":1,\"name\":\"Home\",\"item\":\"https:\/\/capribeautyline.com\/en\/\"},{\"@type\":\"ListItem\",\"position\":2,\"name\":\"Shop\",\"item\":\"https:\/\/capribeautyline.com\/negozio\/\"},{\"@type\":\"ListItem\",\"position\":3,\"name\":\"Latte Corpo Idratante con Karite&#8217; e Collagene\"}]},{\"@type\":\"WebSite\",\"@id\":\"https:\/\/capribeautyline.com\/en\/#website\",\"url\":\"https:\/\/capribeautyline.com\/en\/\",\"name\":\"Capri Beauty Line\",\"description\":\"Cosmesi mediterranea\",\"publisher\":{\"@id\":\"https:\/\/capribeautyline.com\/en\/#organization\"},\"potentialAction\":[{\"@type\":\"SearchAction\",\"target\":{\"@type\":\"EntryPoint\",\"urlTemplate\":\"https:\/\/capribeautyline.com\/en\/?s={search_term_string}\"},\"query-input\":{\"@type\":\"PropertyValueSpecification\",\"valueRequired\":true,\"valueName\":\"search_term_string\"}}],\"inLanguage\":\"en-US\"},{\"@type\":\"Organization\",\"@id\":\"https:\/\/capribeautyline.com\/en\/#organization\",\"name\":\"Capri Beauty Line\",\"url\":\"https:\/\/capribeautyline.com\/en\/\",\"logo\":{\"@type\":\"ImageObject\",\"inLanguage\":\"en-US\",\"@id\":\"https:\/\/capribeautyline.com\/en\/#\/schema\/logo\/image\/\",\"url\":\"https:\/\/capribeautyline.com\/wp-content\/uploads\/2020\/10\/logo-capri-beuaty-line.png\",\"contentUrl\":\"https:\/\/capribeautyline.com\/wp-content\/uploads\/2020\/10\/logo-capri-beuaty-line.png\",\"width\":265,\"height\":86,\"caption\":\"Capri Beauty Line\"},\"image\":{\"@id\":\"https:\/\/capribeautyline.com\/en\/#\/schema\/logo\/image\/\"},\"sameAs\":[\"https:\/\/www.facebook.com\/capribeautyline\",\"https:\/\/www.instagram.com\/capri_beauty_line\"]}]}<\/script>\n<!-- \/ Yoast SEO plugin. -->","yoast_head_json":{"title":"Latte Corpo Idratante con Karite' e Collagene | Capri Beauty Line","description":"La delicata e profumata emulsione per il corpo \u00e8 ricca di emollienti preziosi e svolge un\u2019azione idratante, rigenerante, emolliente, dopo bagno e dopo sole. La sua formula a base di Burro di Karit\u00e9 \u00e8 molto nutriente ed \u00e8 indicata anche per pelli pi\u00f9 secche grazie alla sua azione rigenerante che apporta un nutrimento completo per l\u2019assoluto confort. Si assorbe velocemente, non lascia la pelle unta, ma vellutata e gradevolmente profumata.  Attivi Fondamentali: Burro di Karit\u00e8, Collagene e Malva","robots":{"index":"index","follow":"follow","max-snippet":"max-snippet:-1","max-image-preview":"max-image-preview:large","max-video-preview":"max-video-preview:-1"},"canonical":"https:\/\/capribeautyline.com\/en\/prodotto\/latte-corpo-idratante-al-karite-e-collagene-ml200\/","og_locale":"en_US","og_type":"article","og_title":"Latte Corpo Idratante con Karite' e Collagene | Capri Beauty Line","og_description":"La delicata e profumata emulsione per il corpo \u00e8 ricca di emollienti preziosi e svolge un\u2019azione idratante, rigenerante, emolliente, dopo bagno e dopo sole. La sua formula a base di Burro di Karit\u00e9 \u00e8 molto nutriente ed \u00e8 indicata anche per pelli pi\u00f9 secche grazie alla sua azione rigenerante che apporta un nutrimento completo per l\u2019assoluto confort. Si assorbe velocemente, non lascia la pelle unta, ma vellutata e gradevolmente profumata.  Attivi Fondamentali: Burro di Karit\u00e8, Collagene e Malva","og_url":"https:\/\/capribeautyline.com\/en\/prodotto\/latte-corpo-idratante-al-karite-e-collagene-ml200\/","og_site_name":"Capri Beauty Line","article_publisher":"https:\/\/www.facebook.com\/capribeautyline","article_modified_time":"2026-01-22T09:42:13+00:00","og_image":[{"width":1378,"height":1378,"url":"https:\/\/capribeautyline.com\/wp-content\/uploads\/2020\/11\/53013.jpg","type":"image\/jpeg"}],"twitter_card":"summary_large_image","schema":{"@context":"https:\/\/schema.org","@graph":[{"@type":"WebPage","@id":"https:\/\/capribeautyline.com\/en\/prodotto\/latte-corpo-idratante-al-karite-e-collagene-ml200\/","url":"https:\/\/capribeautyline.com\/en\/prodotto\/latte-corpo-idratante-al-karite-e-collagene-ml200\/","name":"Latte Corpo Idratante con Karite' e Collagene | Capri Beauty Line","isPartOf":{"@id":"https:\/\/capribeautyline.com\/en\/#website"},"primaryImageOfPage":{"@id":"https:\/\/capribeautyline.com\/en\/prodotto\/latte-corpo-idratante-al-karite-e-collagene-ml200\/#primaryimage"},"image":{"@id":"https:\/\/capribeautyline.com\/en\/prodotto\/latte-corpo-idratante-al-karite-e-collagene-ml200\/#primaryimage"},"thumbnailUrl":"https:\/\/capribeautyline.com\/wp-content\/uploads\/2020\/11\/53013.jpg","datePublished":"2020-11-27T15:21:43+00:00","dateModified":"2026-01-22T09:42:13+00:00","description":"La delicata e profumata emulsione per il corpo \u00e8 ricca di emollienti preziosi e svolge un\u2019azione idratante, rigenerante, emolliente, dopo bagno e dopo sole. La sua formula a base di Burro di Karit\u00e9 \u00e8 molto nutriente ed \u00e8 indicata anche per pelli pi\u00f9 secche grazie alla sua azione rigenerante che apporta un nutrimento completo per l\u2019assoluto confort. Si assorbe velocemente, non lascia la pelle unta, ma vellutata e gradevolmente profumata. Attivi Fondamentali: Burro di Karit\u00e8, Collagene e Malva","breadcrumb":{"@id":"https:\/\/capribeautyline.com\/en\/prodotto\/latte-corpo-idratante-al-karite-e-collagene-ml200\/#breadcrumb"},"inLanguage":"en-US","potentialAction":[{"@type":"ReadAction","target":["https:\/\/capribeautyline.com\/en\/prodotto\/latte-corpo-idratante-al-karite-e-collagene-ml200\/"]}]},{"@type":"ImageObject","inLanguage":"en-US","@id":"https:\/\/capribeautyline.com\/en\/prodotto\/latte-corpo-idratante-al-karite-e-collagene-ml200\/#primaryimage","url":"https:\/\/capribeautyline.com\/wp-content\/uploads\/2020\/11\/53013.jpg","contentUrl":"https:\/\/capribeautyline.com\/wp-content\/uploads\/2020\/11\/53013.jpg","width":1378,"height":1378},{"@type":"BreadcrumbList","@id":"https:\/\/capribeautyline.com\/en\/prodotto\/latte-corpo-idratante-al-karite-e-collagene-ml200\/#breadcrumb","itemListElement":[{"@type":"ListItem","position":1,"name":"Home","item":"https:\/\/capribeautyline.com\/en\/"},{"@type":"ListItem","position":2,"name":"Shop","item":"https:\/\/capribeautyline.com\/negozio\/"},{"@type":"ListItem","position":3,"name":"Latte Corpo Idratante con Karite&#8217; e Collagene"}]},{"@type":"WebSite","@id":"https:\/\/capribeautyline.com\/en\/#website","url":"https:\/\/capribeautyline.com\/en\/","name":"Capri Beauty Line","description":"Cosmesi mediterranea","publisher":{"@id":"https:\/\/capribeautyline.com\/en\/#organization"},"potentialAction":[{"@type":"SearchAction","target":{"@type":"EntryPoint","urlTemplate":"https:\/\/capribeautyline.com\/en\/?s={search_term_string}"},"query-input":{"@type":"PropertyValueSpecification","valueRequired":true,"valueName":"search_term_string"}}],"inLanguage":"en-US"},{"@type":"Organization","@id":"https:\/\/capribeautyline.com\/en\/#organization","name":"Capri Beauty Line","url":"https:\/\/capribeautyline.com\/en\/","logo":{"@type":"ImageObject","inLanguage":"en-US","@id":"https:\/\/capribeautyline.com\/en\/#\/schema\/logo\/image\/","url":"https:\/\/capribeautyline.com\/wp-content\/uploads\/2020\/10\/logo-capri-beuaty-line.png","contentUrl":"https:\/\/capribeautyline.com\/wp-content\/uploads\/2020\/10\/logo-capri-beuaty-line.png","width":265,"height":86,"caption":"Capri Beauty Line"},"image":{"@id":"https:\/\/capribeautyline.com\/en\/#\/schema\/logo\/image\/"},"sameAs":["https:\/\/www.facebook.com\/capribeautyline","https:\/\/www.instagram.com\/capri_beauty_line"]}]}},"_links":{"self":[{"href":"https:\/\/capribeautyline.com\/en\/wp-json\/wp\/v2\/product\/5902","targetHints":{"allow":["GET"]}}],"collection":[{"href":"https:\/\/capribeautyline.com\/en\/wp-json\/wp\/v2\/product"}],"about":[{"href":"https:\/\/capribeautyline.com\/en\/wp-json\/wp\/v2\/types\/product"}],"wp:featuredmedia":[{"embeddable":true,"href":"https:\/\/capribeautyline.com\/en\/wp-json\/wp\/v2\/media\/4220"}],"wp:attachment":[{"href":"https:\/\/capribeautyline.com\/en\/wp-json\/wp\/v2\/media?parent=5902"}],"wp:term":[{"taxonomy":"product_brand","embeddable":true,"href":"https:\/\/capribeautyline.com\/en\/wp-json\/wp\/v2\/product_brand?post=5902"},{"taxonomy":"product_cat","embeddable":true,"href":"https:\/\/capribeautyline.com\/en\/wp-json\/wp\/v2\/product_cat?post=5902"},{"taxonomy":"product_tag","embeddable":true,"href":"https:\/\/capribeautyline.com\/en\/wp-json\/wp\/v2\/product_tag?post=5902"},{"taxonomy":"linee","embeddable":true,"href":"https:\/\/capribeautyline.com\/en\/wp-json\/wp\/v2\/linee?post=5902"},{"taxonomy":"aree","embeddable":true,"href":"https:\/\/capribeautyline.com\/en\/wp-json\/wp\/v2\/aree?post=5902"},{"taxonomy":"soluzioni","embeddable":true,"href":"https:\/\/capribeautyline.com\/en\/wp-json\/wp\/v2\/soluzioni?post=5902"}],"curies":[{"name":"wp","href":"https:\/\/api.w.org\/{rel}","templated":true}]}}