{"id":5920,"date":"2020-11-20T11:33:42","date_gmt":"2020-11-20T10:33:42","guid":{"rendered":"https:\/\/new.capribeauty.it\/prodotto\/siero-rimpolpante-infinity-ml30\/"},"modified":"2026-01-22T11:47:12","modified_gmt":"2026-01-22T09:47:12","slug":"siero-rimpolpante-infinity-ml30","status":"publish","type":"product","link":"https:\/\/capribeautyline.com\/en\/prodotto\/siero-rimpolpante-infinity-ml30\/","title":{"rendered":"Siero Rimpolpante Liftante Botox Like"},"content":{"rendered":"","protected":false},"excerpt":{"rendered":"<p>Trattamento intensivo anti-age ad effetto lifting, favorisce l&#8217;idratazione, la progressiva distensione delle rughe, migliora e rivitalizza il tessuto cutaneo. Estremamente ricco di principi attivi tra cui Collagene, Ciclodestrine, Peptide Attivo e Acido Jaluronico, offre risultati straordinari con un notevole effetto lifting a breve e a lungo termine. Gi\u00e0 dalle primissime applicazioni l\u2019aspetto del viso appare pi\u00f9 disteso. Delicatamente profumato con fragranze non allergeniche, \u00e8 privo di Parabeni e Paraffine e pu\u00f2 essere usato anche per le pelli pi\u00f9 sensibili.<\/p>\n<p>Attivi Fondamentali: Peptide Attivo, Collagene, Ciclodestrine, Estratto di Vite Rossa, Acido Jaluronico<\/p>\n","protected":false},"featured_media":4202,"template":"","meta":[],"product_brand":[],"product_cat":[729],"product_tag":[728,734],"linee":[586],"aree":[604],"soluzioni":[833,834,892,839,865],"class_list":{"0":"post-5920","1":"product","2":"type-product","3":"status-publish","4":"has-post-thumbnail","6":"product_cat-serums","7":"product_tag-anti-eta-en","8":"product_tag-rughe-profonde-en","9":"linee-infinity-perfect-lift","10":"aree-face","11":"soluzioni-anti-wrinkle","12":"soluzioni-anti-age","13":"soluzioni-rempolishing","14":"soluzioni-botox-like-en","15":"soluzioni-lifting","17":"first","18":"instock","19":"taxable","20":"shipping-taxable","21":"product-type-simple"},"yoast_head":"<!-- This site is optimized with the Yoast SEO plugin v25.4 - https:\/\/yoast.com\/wordpress\/plugins\/seo\/ -->\n<title>Siero Rimpolpante Liftante Botox Like | Capri Beauty Line<\/title>\n<meta name=\"description\" content=\"Trattamento intensivo anti-age ad effetto lifting, favorisce l&#039;idratazione, la progressiva distensione delle rughe, migliora e rivitalizza il tessuto cutaneo. Estremamente ricco di principi attivi tra cui Collagene, Ciclodestrine, Peptide Attivo e Acido Jaluronico, offre risultati straordinari con un notevole effetto lifting a breve e a lungo termine. Gi\u00e0 dalle primissime applicazioni l\u2019aspetto del viso appare pi\u00f9 disteso. Delicatamente profumato con fragranze non allergeniche, \u00e8 privo di Parabeni e Paraffine e pu\u00f2 essere usato anche per le pelli pi\u00f9 sensibili.  Attivi Fondamentali: Peptide Attivo, Collagene, Ciclodestrine, Estratto di Vite Rossa, Acido Jaluronico\" \/>\n<meta name=\"robots\" content=\"index, follow, max-snippet:-1, max-image-preview:large, max-video-preview:-1\" \/>\n<link rel=\"canonical\" href=\"https:\/\/capribeautyline.com\/en\/prodotto\/siero-rimpolpante-infinity-ml30\/\" \/>\n<meta property=\"og:locale\" content=\"en_US\" \/>\n<meta property=\"og:type\" content=\"article\" \/>\n<meta property=\"og:title\" content=\"Siero Rimpolpante Liftante Botox Like | Capri Beauty Line\" \/>\n<meta property=\"og:description\" content=\"Trattamento intensivo anti-age ad effetto lifting, favorisce l&#039;idratazione, la progressiva distensione delle rughe, migliora e rivitalizza il tessuto cutaneo. Estremamente ricco di principi attivi tra cui Collagene, Ciclodestrine, Peptide Attivo e Acido Jaluronico, offre risultati straordinari con un notevole effetto lifting a breve e a lungo termine. Gi\u00e0 dalle primissime applicazioni l\u2019aspetto del viso appare pi\u00f9 disteso. Delicatamente profumato con fragranze non allergeniche, \u00e8 privo di Parabeni e Paraffine e pu\u00f2 essere usato anche per le pelli pi\u00f9 sensibili.  Attivi Fondamentali: Peptide Attivo, Collagene, Ciclodestrine, Estratto di Vite Rossa, Acido Jaluronico\" \/>\n<meta property=\"og:url\" content=\"https:\/\/capribeautyline.com\/en\/prodotto\/siero-rimpolpante-infinity-ml30\/\" \/>\n<meta property=\"og:site_name\" content=\"Capri Beauty Line\" \/>\n<meta property=\"article:publisher\" content=\"https:\/\/www.facebook.com\/capribeautyline\" \/>\n<meta property=\"article:modified_time\" content=\"2026-01-22T09:47:12+00:00\" \/>\n<meta property=\"og:image\" content=\"https:\/\/capribeautyline.com\/wp-content\/uploads\/2020\/11\/51029.jpg\" \/>\n\t<meta property=\"og:image:width\" content=\"1378\" \/>\n\t<meta property=\"og:image:height\" content=\"1378\" \/>\n\t<meta property=\"og:image:type\" content=\"image\/jpeg\" \/>\n<meta name=\"twitter:card\" content=\"summary_large_image\" \/>\n<script type=\"application\/ld+json\" class=\"yoast-schema-graph\">{\"@context\":\"https:\/\/schema.org\",\"@graph\":[{\"@type\":\"WebPage\",\"@id\":\"https:\/\/capribeautyline.com\/en\/prodotto\/siero-rimpolpante-infinity-ml30\/\",\"url\":\"https:\/\/capribeautyline.com\/en\/prodotto\/siero-rimpolpante-infinity-ml30\/\",\"name\":\"Siero Rimpolpante Liftante Botox Like | Capri Beauty Line\",\"isPartOf\":{\"@id\":\"https:\/\/capribeautyline.com\/en\/#website\"},\"primaryImageOfPage\":{\"@id\":\"https:\/\/capribeautyline.com\/en\/prodotto\/siero-rimpolpante-infinity-ml30\/#primaryimage\"},\"image\":{\"@id\":\"https:\/\/capribeautyline.com\/en\/prodotto\/siero-rimpolpante-infinity-ml30\/#primaryimage\"},\"thumbnailUrl\":\"https:\/\/capribeautyline.com\/wp-content\/uploads\/2020\/11\/51029.jpg\",\"datePublished\":\"2020-11-20T10:33:42+00:00\",\"dateModified\":\"2026-01-22T09:47:12+00:00\",\"description\":\"Trattamento intensivo anti-age ad effetto lifting, favorisce l'idratazione, la progressiva distensione delle rughe, migliora e rivitalizza il tessuto cutaneo. Estremamente ricco di principi attivi tra cui Collagene, Ciclodestrine, Peptide Attivo e Acido Jaluronico, offre risultati straordinari con un notevole effetto lifting a breve e a lungo termine. Gi\u00e0 dalle primissime applicazioni l\u2019aspetto del viso appare pi\u00f9 disteso. Delicatamente profumato con fragranze non allergeniche, \u00e8 privo di Parabeni e Paraffine e pu\u00f2 essere usato anche per le pelli pi\u00f9 sensibili. Attivi Fondamentali: Peptide Attivo, Collagene, Ciclodestrine, Estratto di Vite Rossa, Acido Jaluronico\",\"breadcrumb\":{\"@id\":\"https:\/\/capribeautyline.com\/en\/prodotto\/siero-rimpolpante-infinity-ml30\/#breadcrumb\"},\"inLanguage\":\"en-US\",\"potentialAction\":[{\"@type\":\"ReadAction\",\"target\":[\"https:\/\/capribeautyline.com\/en\/prodotto\/siero-rimpolpante-infinity-ml30\/\"]}]},{\"@type\":\"ImageObject\",\"inLanguage\":\"en-US\",\"@id\":\"https:\/\/capribeautyline.com\/en\/prodotto\/siero-rimpolpante-infinity-ml30\/#primaryimage\",\"url\":\"https:\/\/capribeautyline.com\/wp-content\/uploads\/2020\/11\/51029.jpg\",\"contentUrl\":\"https:\/\/capribeautyline.com\/wp-content\/uploads\/2020\/11\/51029.jpg\",\"width\":1378,\"height\":1378},{\"@type\":\"BreadcrumbList\",\"@id\":\"https:\/\/capribeautyline.com\/en\/prodotto\/siero-rimpolpante-infinity-ml30\/#breadcrumb\",\"itemListElement\":[{\"@type\":\"ListItem\",\"position\":1,\"name\":\"Home\",\"item\":\"https:\/\/capribeautyline.com\/en\/\"},{\"@type\":\"ListItem\",\"position\":2,\"name\":\"Shop\",\"item\":\"https:\/\/capribeautyline.com\/negozio\/\"},{\"@type\":\"ListItem\",\"position\":3,\"name\":\"Siero Rimpolpante Liftante Botox Like\"}]},{\"@type\":\"WebSite\",\"@id\":\"https:\/\/capribeautyline.com\/en\/#website\",\"url\":\"https:\/\/capribeautyline.com\/en\/\",\"name\":\"Capri Beauty Line\",\"description\":\"Cosmesi mediterranea\",\"publisher\":{\"@id\":\"https:\/\/capribeautyline.com\/en\/#organization\"},\"potentialAction\":[{\"@type\":\"SearchAction\",\"target\":{\"@type\":\"EntryPoint\",\"urlTemplate\":\"https:\/\/capribeautyline.com\/en\/?s={search_term_string}\"},\"query-input\":{\"@type\":\"PropertyValueSpecification\",\"valueRequired\":true,\"valueName\":\"search_term_string\"}}],\"inLanguage\":\"en-US\"},{\"@type\":\"Organization\",\"@id\":\"https:\/\/capribeautyline.com\/en\/#organization\",\"name\":\"Capri Beauty Line\",\"url\":\"https:\/\/capribeautyline.com\/en\/\",\"logo\":{\"@type\":\"ImageObject\",\"inLanguage\":\"en-US\",\"@id\":\"https:\/\/capribeautyline.com\/en\/#\/schema\/logo\/image\/\",\"url\":\"https:\/\/capribeautyline.com\/wp-content\/uploads\/2020\/10\/logo-capri-beuaty-line.png\",\"contentUrl\":\"https:\/\/capribeautyline.com\/wp-content\/uploads\/2020\/10\/logo-capri-beuaty-line.png\",\"width\":265,\"height\":86,\"caption\":\"Capri Beauty Line\"},\"image\":{\"@id\":\"https:\/\/capribeautyline.com\/en\/#\/schema\/logo\/image\/\"},\"sameAs\":[\"https:\/\/www.facebook.com\/capribeautyline\",\"https:\/\/www.instagram.com\/capri_beauty_line\"]}]}<\/script>\n<!-- \/ Yoast SEO plugin. -->","yoast_head_json":{"title":"Siero Rimpolpante Liftante Botox Like | Capri Beauty Line","description":"Trattamento intensivo anti-age ad effetto lifting, favorisce l'idratazione, la progressiva distensione delle rughe, migliora e rivitalizza il tessuto cutaneo. Estremamente ricco di principi attivi tra cui Collagene, Ciclodestrine, Peptide Attivo e Acido Jaluronico, offre risultati straordinari con un notevole effetto lifting a breve e a lungo termine. Gi\u00e0 dalle primissime applicazioni l\u2019aspetto del viso appare pi\u00f9 disteso. Delicatamente profumato con fragranze non allergeniche, \u00e8 privo di Parabeni e Paraffine e pu\u00f2 essere usato anche per le pelli pi\u00f9 sensibili.  Attivi Fondamentali: Peptide Attivo, Collagene, Ciclodestrine, Estratto di Vite Rossa, Acido Jaluronico","robots":{"index":"index","follow":"follow","max-snippet":"max-snippet:-1","max-image-preview":"max-image-preview:large","max-video-preview":"max-video-preview:-1"},"canonical":"https:\/\/capribeautyline.com\/en\/prodotto\/siero-rimpolpante-infinity-ml30\/","og_locale":"en_US","og_type":"article","og_title":"Siero Rimpolpante Liftante Botox Like | Capri Beauty Line","og_description":"Trattamento intensivo anti-age ad effetto lifting, favorisce l'idratazione, la progressiva distensione delle rughe, migliora e rivitalizza il tessuto cutaneo. Estremamente ricco di principi attivi tra cui Collagene, Ciclodestrine, Peptide Attivo e Acido Jaluronico, offre risultati straordinari con un notevole effetto lifting a breve e a lungo termine. Gi\u00e0 dalle primissime applicazioni l\u2019aspetto del viso appare pi\u00f9 disteso. Delicatamente profumato con fragranze non allergeniche, \u00e8 privo di Parabeni e Paraffine e pu\u00f2 essere usato anche per le pelli pi\u00f9 sensibili.  Attivi Fondamentali: Peptide Attivo, Collagene, Ciclodestrine, Estratto di Vite Rossa, Acido Jaluronico","og_url":"https:\/\/capribeautyline.com\/en\/prodotto\/siero-rimpolpante-infinity-ml30\/","og_site_name":"Capri Beauty Line","article_publisher":"https:\/\/www.facebook.com\/capribeautyline","article_modified_time":"2026-01-22T09:47:12+00:00","og_image":[{"width":1378,"height":1378,"url":"https:\/\/capribeautyline.com\/wp-content\/uploads\/2020\/11\/51029.jpg","type":"image\/jpeg"}],"twitter_card":"summary_large_image","schema":{"@context":"https:\/\/schema.org","@graph":[{"@type":"WebPage","@id":"https:\/\/capribeautyline.com\/en\/prodotto\/siero-rimpolpante-infinity-ml30\/","url":"https:\/\/capribeautyline.com\/en\/prodotto\/siero-rimpolpante-infinity-ml30\/","name":"Siero Rimpolpante Liftante Botox Like | Capri Beauty Line","isPartOf":{"@id":"https:\/\/capribeautyline.com\/en\/#website"},"primaryImageOfPage":{"@id":"https:\/\/capribeautyline.com\/en\/prodotto\/siero-rimpolpante-infinity-ml30\/#primaryimage"},"image":{"@id":"https:\/\/capribeautyline.com\/en\/prodotto\/siero-rimpolpante-infinity-ml30\/#primaryimage"},"thumbnailUrl":"https:\/\/capribeautyline.com\/wp-content\/uploads\/2020\/11\/51029.jpg","datePublished":"2020-11-20T10:33:42+00:00","dateModified":"2026-01-22T09:47:12+00:00","description":"Trattamento intensivo anti-age ad effetto lifting, favorisce l'idratazione, la progressiva distensione delle rughe, migliora e rivitalizza il tessuto cutaneo. Estremamente ricco di principi attivi tra cui Collagene, Ciclodestrine, Peptide Attivo e Acido Jaluronico, offre risultati straordinari con un notevole effetto lifting a breve e a lungo termine. Gi\u00e0 dalle primissime applicazioni l\u2019aspetto del viso appare pi\u00f9 disteso. Delicatamente profumato con fragranze non allergeniche, \u00e8 privo di Parabeni e Paraffine e pu\u00f2 essere usato anche per le pelli pi\u00f9 sensibili. Attivi Fondamentali: Peptide Attivo, Collagene, Ciclodestrine, Estratto di Vite Rossa, Acido Jaluronico","breadcrumb":{"@id":"https:\/\/capribeautyline.com\/en\/prodotto\/siero-rimpolpante-infinity-ml30\/#breadcrumb"},"inLanguage":"en-US","potentialAction":[{"@type":"ReadAction","target":["https:\/\/capribeautyline.com\/en\/prodotto\/siero-rimpolpante-infinity-ml30\/"]}]},{"@type":"ImageObject","inLanguage":"en-US","@id":"https:\/\/capribeautyline.com\/en\/prodotto\/siero-rimpolpante-infinity-ml30\/#primaryimage","url":"https:\/\/capribeautyline.com\/wp-content\/uploads\/2020\/11\/51029.jpg","contentUrl":"https:\/\/capribeautyline.com\/wp-content\/uploads\/2020\/11\/51029.jpg","width":1378,"height":1378},{"@type":"BreadcrumbList","@id":"https:\/\/capribeautyline.com\/en\/prodotto\/siero-rimpolpante-infinity-ml30\/#breadcrumb","itemListElement":[{"@type":"ListItem","position":1,"name":"Home","item":"https:\/\/capribeautyline.com\/en\/"},{"@type":"ListItem","position":2,"name":"Shop","item":"https:\/\/capribeautyline.com\/negozio\/"},{"@type":"ListItem","position":3,"name":"Siero Rimpolpante Liftante Botox Like"}]},{"@type":"WebSite","@id":"https:\/\/capribeautyline.com\/en\/#website","url":"https:\/\/capribeautyline.com\/en\/","name":"Capri Beauty Line","description":"Cosmesi mediterranea","publisher":{"@id":"https:\/\/capribeautyline.com\/en\/#organization"},"potentialAction":[{"@type":"SearchAction","target":{"@type":"EntryPoint","urlTemplate":"https:\/\/capribeautyline.com\/en\/?s={search_term_string}"},"query-input":{"@type":"PropertyValueSpecification","valueRequired":true,"valueName":"search_term_string"}}],"inLanguage":"en-US"},{"@type":"Organization","@id":"https:\/\/capribeautyline.com\/en\/#organization","name":"Capri Beauty Line","url":"https:\/\/capribeautyline.com\/en\/","logo":{"@type":"ImageObject","inLanguage":"en-US","@id":"https:\/\/capribeautyline.com\/en\/#\/schema\/logo\/image\/","url":"https:\/\/capribeautyline.com\/wp-content\/uploads\/2020\/10\/logo-capri-beuaty-line.png","contentUrl":"https:\/\/capribeautyline.com\/wp-content\/uploads\/2020\/10\/logo-capri-beuaty-line.png","width":265,"height":86,"caption":"Capri Beauty Line"},"image":{"@id":"https:\/\/capribeautyline.com\/en\/#\/schema\/logo\/image\/"},"sameAs":["https:\/\/www.facebook.com\/capribeautyline","https:\/\/www.instagram.com\/capri_beauty_line"]}]}},"_links":{"self":[{"href":"https:\/\/capribeautyline.com\/en\/wp-json\/wp\/v2\/product\/5920","targetHints":{"allow":["GET"]}}],"collection":[{"href":"https:\/\/capribeautyline.com\/en\/wp-json\/wp\/v2\/product"}],"about":[{"href":"https:\/\/capribeautyline.com\/en\/wp-json\/wp\/v2\/types\/product"}],"wp:featuredmedia":[{"embeddable":true,"href":"https:\/\/capribeautyline.com\/en\/wp-json\/wp\/v2\/media\/4202"}],"wp:attachment":[{"href":"https:\/\/capribeautyline.com\/en\/wp-json\/wp\/v2\/media?parent=5920"}],"wp:term":[{"taxonomy":"product_brand","embeddable":true,"href":"https:\/\/capribeautyline.com\/en\/wp-json\/wp\/v2\/product_brand?post=5920"},{"taxonomy":"product_cat","embeddable":true,"href":"https:\/\/capribeautyline.com\/en\/wp-json\/wp\/v2\/product_cat?post=5920"},{"taxonomy":"product_tag","embeddable":true,"href":"https:\/\/capribeautyline.com\/en\/wp-json\/wp\/v2\/product_tag?post=5920"},{"taxonomy":"linee","embeddable":true,"href":"https:\/\/capribeautyline.com\/en\/wp-json\/wp\/v2\/linee?post=5920"},{"taxonomy":"aree","embeddable":true,"href":"https:\/\/capribeautyline.com\/en\/wp-json\/wp\/v2\/aree?post=5920"},{"taxonomy":"soluzioni","embeddable":true,"href":"https:\/\/capribeautyline.com\/en\/wp-json\/wp\/v2\/soluzioni?post=5920"}],"curies":[{"name":"wp","href":"https:\/\/api.w.org\/{rel}","templated":true}]}}