{"id":5936,"date":"2020-11-19T16:11:34","date_gmt":"2020-11-19T15:11:34","guid":{"rendered":"https:\/\/new.capribeauty.it\/prodotto\/mandelic-crema-bio-stimolante-rinnovante-ml50\/"},"modified":"2026-01-22T11:50:15","modified_gmt":"2026-01-22T09:50:15","slug":"mandelic-crema-bio-stimolante-rinnovante-ml50","status":"publish","type":"product","link":"https:\/\/capribeautyline.com\/en\/prodotto\/mandelic-crema-bio-stimolante-rinnovante-ml50\/","title":{"rendered":"Crema Bio Stimolante Rinnovante con Acido Mandelico"},"content":{"rendered":"","protected":false},"excerpt":{"rendered":"<p>Formulata secondo le pi\u00f9 recenti acquisizioni nel campo della bio stimolazione, \u00e8 un trattamento intensivo che ricompatta e ristruttura il derma assicurando un equilibrato livello di idratazione e la giusta tonicit\u00e0, luminosit\u00e0 e vitalit\u00e0 alla pelle. Con Acido Mandelico, Acido Glicolico e Cellule Staminali di Vite Rossa, stimola la rigenerazione dell\u2019epidermide e la riparazione cutanea, protegge dai raggi solari (UVA e UVB) causa dall\u2019invecchiamento foto indotto e ottimizza il naturale ciclo di rinnovamento cellulare. Contiene un Filtro solare.<\/p>\n<p>Attivi Fondamentali: Acido Mandelico, Acido Glicolico, Cellule Staminali di Vite Rossa<\/p>\n","protected":false},"featured_media":4185,"template":"","meta":[],"product_brand":[],"product_cat":[674],"product_tag":[697,786],"linee":[620],"aree":[606],"soluzioni":[885,876,831,844,829,856,898,849,897],"class_list":{"0":"post-5936","1":"product","2":"type-product","3":"status-publish","4":"has-post-thumbnail","6":"product_cat-creams","7":"product_tag-anti-macchia-en","8":"product_tag-luminosita-en","9":"linee-mandelic-complex","10":"aree-specialist","11":"soluzioni-deep-cleaning","12":"soluzioni-peeling-en","13":"soluzioni-anti-stain","14":"soluzioni-scars","15":"soluzioni-acne-en","16":"soluzioni-exfoliating","17":"soluzioni-whitening","18":"soluzioni-detoxifying","19":"soluzioni-wrinkles","21":"first","22":"instock","23":"taxable","24":"shipping-taxable","25":"product-type-simple"},"yoast_head":"<!-- This site is optimized with the Yoast SEO plugin v25.4 - https:\/\/yoast.com\/wordpress\/plugins\/seo\/ -->\n<title>Crema Bio Stimolante Rinnovante con Acido Mandelico | Capri Beauty Line<\/title>\n<meta name=\"description\" content=\"Formulata secondo le pi\u00f9 recenti acquisizioni nel campo della bio stimolazione, \u00e8 un trattamento intensivo che ricompatta e ristruttura il derma assicurando un equilibrato livello di idratazione e la giusta tonicit\u00e0, luminosit\u00e0 e vitalit\u00e0 alla pelle. Con Acido Mandelico, Acido Glicolico e Cellule Staminali di Vite Rossa, stimola la rigenerazione dell\u2019epidermide e la riparazione cutanea, protegge dai raggi solari (UVA e UVB) causa dall\u2019invecchiamento foto indotto e ottimizza il naturale ciclo di rinnovamento cellulare. Contiene un Filtro solare.  Attivi Fondamentali: Acido Mandelico, Acido Glicolico, Cellule Staminali di Vite Rossa\" \/>\n<meta name=\"robots\" content=\"index, follow, max-snippet:-1, max-image-preview:large, max-video-preview:-1\" \/>\n<link rel=\"canonical\" href=\"https:\/\/capribeautyline.com\/en\/prodotto\/mandelic-crema-bio-stimolante-rinnovante-ml50\/\" \/>\n<meta property=\"og:locale\" content=\"en_US\" \/>\n<meta property=\"og:type\" content=\"article\" \/>\n<meta property=\"og:title\" content=\"Crema Bio Stimolante Rinnovante con Acido Mandelico | Capri Beauty Line\" \/>\n<meta property=\"og:description\" content=\"Formulata secondo le pi\u00f9 recenti acquisizioni nel campo della bio stimolazione, \u00e8 un trattamento intensivo che ricompatta e ristruttura il derma assicurando un equilibrato livello di idratazione e la giusta tonicit\u00e0, luminosit\u00e0 e vitalit\u00e0 alla pelle. Con Acido Mandelico, Acido Glicolico e Cellule Staminali di Vite Rossa, stimola la rigenerazione dell\u2019epidermide e la riparazione cutanea, protegge dai raggi solari (UVA e UVB) causa dall\u2019invecchiamento foto indotto e ottimizza il naturale ciclo di rinnovamento cellulare. Contiene un Filtro solare.  Attivi Fondamentali: Acido Mandelico, Acido Glicolico, Cellule Staminali di Vite Rossa\" \/>\n<meta property=\"og:url\" content=\"https:\/\/capribeautyline.com\/en\/prodotto\/mandelic-crema-bio-stimolante-rinnovante-ml50\/\" \/>\n<meta property=\"og:site_name\" content=\"Capri Beauty Line\" \/>\n<meta property=\"article:publisher\" content=\"https:\/\/www.facebook.com\/capribeautyline\" \/>\n<meta property=\"article:modified_time\" content=\"2026-01-22T09:50:15+00:00\" \/>\n<meta property=\"og:image\" content=\"https:\/\/capribeautyline.com\/wp-content\/uploads\/2020\/11\/54018.jpg\" \/>\n\t<meta property=\"og:image:width\" content=\"1378\" \/>\n\t<meta property=\"og:image:height\" content=\"1378\" \/>\n\t<meta property=\"og:image:type\" content=\"image\/jpeg\" \/>\n<meta name=\"twitter:card\" content=\"summary_large_image\" \/>\n<script type=\"application\/ld+json\" class=\"yoast-schema-graph\">{\"@context\":\"https:\/\/schema.org\",\"@graph\":[{\"@type\":\"WebPage\",\"@id\":\"https:\/\/capribeautyline.com\/en\/prodotto\/mandelic-crema-bio-stimolante-rinnovante-ml50\/\",\"url\":\"https:\/\/capribeautyline.com\/en\/prodotto\/mandelic-crema-bio-stimolante-rinnovante-ml50\/\",\"name\":\"Crema Bio Stimolante Rinnovante con Acido Mandelico | Capri Beauty Line\",\"isPartOf\":{\"@id\":\"https:\/\/capribeautyline.com\/en\/#website\"},\"primaryImageOfPage\":{\"@id\":\"https:\/\/capribeautyline.com\/en\/prodotto\/mandelic-crema-bio-stimolante-rinnovante-ml50\/#primaryimage\"},\"image\":{\"@id\":\"https:\/\/capribeautyline.com\/en\/prodotto\/mandelic-crema-bio-stimolante-rinnovante-ml50\/#primaryimage\"},\"thumbnailUrl\":\"https:\/\/capribeautyline.com\/wp-content\/uploads\/2020\/11\/54018.jpg\",\"datePublished\":\"2020-11-19T15:11:34+00:00\",\"dateModified\":\"2026-01-22T09:50:15+00:00\",\"description\":\"Formulata secondo le pi\u00f9 recenti acquisizioni nel campo della bio stimolazione, \u00e8 un trattamento intensivo che ricompatta e ristruttura il derma assicurando un equilibrato livello di idratazione e la giusta tonicit\u00e0, luminosit\u00e0 e vitalit\u00e0 alla pelle. Con Acido Mandelico, Acido Glicolico e Cellule Staminali di Vite Rossa, stimola la rigenerazione dell\u2019epidermide e la riparazione cutanea, protegge dai raggi solari (UVA e UVB) causa dall\u2019invecchiamento foto indotto e ottimizza il naturale ciclo di rinnovamento cellulare. Contiene un Filtro solare. Attivi Fondamentali: Acido Mandelico, Acido Glicolico, Cellule Staminali di Vite Rossa\",\"breadcrumb\":{\"@id\":\"https:\/\/capribeautyline.com\/en\/prodotto\/mandelic-crema-bio-stimolante-rinnovante-ml50\/#breadcrumb\"},\"inLanguage\":\"en-US\",\"potentialAction\":[{\"@type\":\"ReadAction\",\"target\":[\"https:\/\/capribeautyline.com\/en\/prodotto\/mandelic-crema-bio-stimolante-rinnovante-ml50\/\"]}]},{\"@type\":\"ImageObject\",\"inLanguage\":\"en-US\",\"@id\":\"https:\/\/capribeautyline.com\/en\/prodotto\/mandelic-crema-bio-stimolante-rinnovante-ml50\/#primaryimage\",\"url\":\"https:\/\/capribeautyline.com\/wp-content\/uploads\/2020\/11\/54018.jpg\",\"contentUrl\":\"https:\/\/capribeautyline.com\/wp-content\/uploads\/2020\/11\/54018.jpg\",\"width\":1378,\"height\":1378},{\"@type\":\"BreadcrumbList\",\"@id\":\"https:\/\/capribeautyline.com\/en\/prodotto\/mandelic-crema-bio-stimolante-rinnovante-ml50\/#breadcrumb\",\"itemListElement\":[{\"@type\":\"ListItem\",\"position\":1,\"name\":\"Home\",\"item\":\"https:\/\/capribeautyline.com\/en\/\"},{\"@type\":\"ListItem\",\"position\":2,\"name\":\"Shop\",\"item\":\"https:\/\/capribeautyline.com\/negozio\/\"},{\"@type\":\"ListItem\",\"position\":3,\"name\":\"Crema Bio Stimolante Rinnovante con Acido Mandelico\"}]},{\"@type\":\"WebSite\",\"@id\":\"https:\/\/capribeautyline.com\/en\/#website\",\"url\":\"https:\/\/capribeautyline.com\/en\/\",\"name\":\"Capri Beauty Line\",\"description\":\"Cosmesi mediterranea\",\"publisher\":{\"@id\":\"https:\/\/capribeautyline.com\/en\/#organization\"},\"potentialAction\":[{\"@type\":\"SearchAction\",\"target\":{\"@type\":\"EntryPoint\",\"urlTemplate\":\"https:\/\/capribeautyline.com\/en\/?s={search_term_string}\"},\"query-input\":{\"@type\":\"PropertyValueSpecification\",\"valueRequired\":true,\"valueName\":\"search_term_string\"}}],\"inLanguage\":\"en-US\"},{\"@type\":\"Organization\",\"@id\":\"https:\/\/capribeautyline.com\/en\/#organization\",\"name\":\"Capri Beauty Line\",\"url\":\"https:\/\/capribeautyline.com\/en\/\",\"logo\":{\"@type\":\"ImageObject\",\"inLanguage\":\"en-US\",\"@id\":\"https:\/\/capribeautyline.com\/en\/#\/schema\/logo\/image\/\",\"url\":\"https:\/\/capribeautyline.com\/wp-content\/uploads\/2020\/10\/logo-capri-beuaty-line.png\",\"contentUrl\":\"https:\/\/capribeautyline.com\/wp-content\/uploads\/2020\/10\/logo-capri-beuaty-line.png\",\"width\":265,\"height\":86,\"caption\":\"Capri Beauty Line\"},\"image\":{\"@id\":\"https:\/\/capribeautyline.com\/en\/#\/schema\/logo\/image\/\"},\"sameAs\":[\"https:\/\/www.facebook.com\/capribeautyline\",\"https:\/\/www.instagram.com\/capri_beauty_line\"]}]}<\/script>\n<!-- \/ Yoast SEO plugin. -->","yoast_head_json":{"title":"Crema Bio Stimolante Rinnovante con Acido Mandelico | Capri Beauty Line","description":"Formulata secondo le pi\u00f9 recenti acquisizioni nel campo della bio stimolazione, \u00e8 un trattamento intensivo che ricompatta e ristruttura il derma assicurando un equilibrato livello di idratazione e la giusta tonicit\u00e0, luminosit\u00e0 e vitalit\u00e0 alla pelle. Con Acido Mandelico, Acido Glicolico e Cellule Staminali di Vite Rossa, stimola la rigenerazione dell\u2019epidermide e la riparazione cutanea, protegge dai raggi solari (UVA e UVB) causa dall\u2019invecchiamento foto indotto e ottimizza il naturale ciclo di rinnovamento cellulare. Contiene un Filtro solare.  Attivi Fondamentali: Acido Mandelico, Acido Glicolico, Cellule Staminali di Vite Rossa","robots":{"index":"index","follow":"follow","max-snippet":"max-snippet:-1","max-image-preview":"max-image-preview:large","max-video-preview":"max-video-preview:-1"},"canonical":"https:\/\/capribeautyline.com\/en\/prodotto\/mandelic-crema-bio-stimolante-rinnovante-ml50\/","og_locale":"en_US","og_type":"article","og_title":"Crema Bio Stimolante Rinnovante con Acido Mandelico | Capri Beauty Line","og_description":"Formulata secondo le pi\u00f9 recenti acquisizioni nel campo della bio stimolazione, \u00e8 un trattamento intensivo che ricompatta e ristruttura il derma assicurando un equilibrato livello di idratazione e la giusta tonicit\u00e0, luminosit\u00e0 e vitalit\u00e0 alla pelle. Con Acido Mandelico, Acido Glicolico e Cellule Staminali di Vite Rossa, stimola la rigenerazione dell\u2019epidermide e la riparazione cutanea, protegge dai raggi solari (UVA e UVB) causa dall\u2019invecchiamento foto indotto e ottimizza il naturale ciclo di rinnovamento cellulare. Contiene un Filtro solare.  Attivi Fondamentali: Acido Mandelico, Acido Glicolico, Cellule Staminali di Vite Rossa","og_url":"https:\/\/capribeautyline.com\/en\/prodotto\/mandelic-crema-bio-stimolante-rinnovante-ml50\/","og_site_name":"Capri Beauty Line","article_publisher":"https:\/\/www.facebook.com\/capribeautyline","article_modified_time":"2026-01-22T09:50:15+00:00","og_image":[{"width":1378,"height":1378,"url":"https:\/\/capribeautyline.com\/wp-content\/uploads\/2020\/11\/54018.jpg","type":"image\/jpeg"}],"twitter_card":"summary_large_image","schema":{"@context":"https:\/\/schema.org","@graph":[{"@type":"WebPage","@id":"https:\/\/capribeautyline.com\/en\/prodotto\/mandelic-crema-bio-stimolante-rinnovante-ml50\/","url":"https:\/\/capribeautyline.com\/en\/prodotto\/mandelic-crema-bio-stimolante-rinnovante-ml50\/","name":"Crema Bio Stimolante Rinnovante con Acido Mandelico | Capri Beauty Line","isPartOf":{"@id":"https:\/\/capribeautyline.com\/en\/#website"},"primaryImageOfPage":{"@id":"https:\/\/capribeautyline.com\/en\/prodotto\/mandelic-crema-bio-stimolante-rinnovante-ml50\/#primaryimage"},"image":{"@id":"https:\/\/capribeautyline.com\/en\/prodotto\/mandelic-crema-bio-stimolante-rinnovante-ml50\/#primaryimage"},"thumbnailUrl":"https:\/\/capribeautyline.com\/wp-content\/uploads\/2020\/11\/54018.jpg","datePublished":"2020-11-19T15:11:34+00:00","dateModified":"2026-01-22T09:50:15+00:00","description":"Formulata secondo le pi\u00f9 recenti acquisizioni nel campo della bio stimolazione, \u00e8 un trattamento intensivo che ricompatta e ristruttura il derma assicurando un equilibrato livello di idratazione e la giusta tonicit\u00e0, luminosit\u00e0 e vitalit\u00e0 alla pelle. Con Acido Mandelico, Acido Glicolico e Cellule Staminali di Vite Rossa, stimola la rigenerazione dell\u2019epidermide e la riparazione cutanea, protegge dai raggi solari (UVA e UVB) causa dall\u2019invecchiamento foto indotto e ottimizza il naturale ciclo di rinnovamento cellulare. Contiene un Filtro solare. Attivi Fondamentali: Acido Mandelico, Acido Glicolico, Cellule Staminali di Vite Rossa","breadcrumb":{"@id":"https:\/\/capribeautyline.com\/en\/prodotto\/mandelic-crema-bio-stimolante-rinnovante-ml50\/#breadcrumb"},"inLanguage":"en-US","potentialAction":[{"@type":"ReadAction","target":["https:\/\/capribeautyline.com\/en\/prodotto\/mandelic-crema-bio-stimolante-rinnovante-ml50\/"]}]},{"@type":"ImageObject","inLanguage":"en-US","@id":"https:\/\/capribeautyline.com\/en\/prodotto\/mandelic-crema-bio-stimolante-rinnovante-ml50\/#primaryimage","url":"https:\/\/capribeautyline.com\/wp-content\/uploads\/2020\/11\/54018.jpg","contentUrl":"https:\/\/capribeautyline.com\/wp-content\/uploads\/2020\/11\/54018.jpg","width":1378,"height":1378},{"@type":"BreadcrumbList","@id":"https:\/\/capribeautyline.com\/en\/prodotto\/mandelic-crema-bio-stimolante-rinnovante-ml50\/#breadcrumb","itemListElement":[{"@type":"ListItem","position":1,"name":"Home","item":"https:\/\/capribeautyline.com\/en\/"},{"@type":"ListItem","position":2,"name":"Shop","item":"https:\/\/capribeautyline.com\/negozio\/"},{"@type":"ListItem","position":3,"name":"Crema Bio Stimolante Rinnovante con Acido Mandelico"}]},{"@type":"WebSite","@id":"https:\/\/capribeautyline.com\/en\/#website","url":"https:\/\/capribeautyline.com\/en\/","name":"Capri Beauty Line","description":"Cosmesi mediterranea","publisher":{"@id":"https:\/\/capribeautyline.com\/en\/#organization"},"potentialAction":[{"@type":"SearchAction","target":{"@type":"EntryPoint","urlTemplate":"https:\/\/capribeautyline.com\/en\/?s={search_term_string}"},"query-input":{"@type":"PropertyValueSpecification","valueRequired":true,"valueName":"search_term_string"}}],"inLanguage":"en-US"},{"@type":"Organization","@id":"https:\/\/capribeautyline.com\/en\/#organization","name":"Capri Beauty Line","url":"https:\/\/capribeautyline.com\/en\/","logo":{"@type":"ImageObject","inLanguage":"en-US","@id":"https:\/\/capribeautyline.com\/en\/#\/schema\/logo\/image\/","url":"https:\/\/capribeautyline.com\/wp-content\/uploads\/2020\/10\/logo-capri-beuaty-line.png","contentUrl":"https:\/\/capribeautyline.com\/wp-content\/uploads\/2020\/10\/logo-capri-beuaty-line.png","width":265,"height":86,"caption":"Capri Beauty Line"},"image":{"@id":"https:\/\/capribeautyline.com\/en\/#\/schema\/logo\/image\/"},"sameAs":["https:\/\/www.facebook.com\/capribeautyline","https:\/\/www.instagram.com\/capri_beauty_line"]}]}},"_links":{"self":[{"href":"https:\/\/capribeautyline.com\/en\/wp-json\/wp\/v2\/product\/5936","targetHints":{"allow":["GET"]}}],"collection":[{"href":"https:\/\/capribeautyline.com\/en\/wp-json\/wp\/v2\/product"}],"about":[{"href":"https:\/\/capribeautyline.com\/en\/wp-json\/wp\/v2\/types\/product"}],"wp:featuredmedia":[{"embeddable":true,"href":"https:\/\/capribeautyline.com\/en\/wp-json\/wp\/v2\/media\/4185"}],"wp:attachment":[{"href":"https:\/\/capribeautyline.com\/en\/wp-json\/wp\/v2\/media?parent=5936"}],"wp:term":[{"taxonomy":"product_brand","embeddable":true,"href":"https:\/\/capribeautyline.com\/en\/wp-json\/wp\/v2\/product_brand?post=5936"},{"taxonomy":"product_cat","embeddable":true,"href":"https:\/\/capribeautyline.com\/en\/wp-json\/wp\/v2\/product_cat?post=5936"},{"taxonomy":"product_tag","embeddable":true,"href":"https:\/\/capribeautyline.com\/en\/wp-json\/wp\/v2\/product_tag?post=5936"},{"taxonomy":"linee","embeddable":true,"href":"https:\/\/capribeautyline.com\/en\/wp-json\/wp\/v2\/linee?post=5936"},{"taxonomy":"aree","embeddable":true,"href":"https:\/\/capribeautyline.com\/en\/wp-json\/wp\/v2\/aree?post=5936"},{"taxonomy":"soluzioni","embeddable":true,"href":"https:\/\/capribeautyline.com\/en\/wp-json\/wp\/v2\/soluzioni?post=5936"}],"curies":[{"name":"wp","href":"https:\/\/api.w.org\/{rel}","templated":true}]}}