{"id":5937,"date":"2020-11-19T16:10:50","date_gmt":"2020-11-19T15:10:50","guid":{"rendered":"https:\/\/new.capribeauty.it\/prodotto\/mandelic-crema-idratante-ml50\/"},"modified":"2026-01-22T11:50:24","modified_gmt":"2026-01-22T09:50:24","slug":"mandelic-crema-idratante-ml50","status":"publish","type":"product","link":"https:\/\/capribeautyline.com\/en\/prodotto\/mandelic-crema-idratante-ml50\/","title":{"rendered":"Crema Idratante con Acido Mandelico"},"content":{"rendered":"","protected":false},"excerpt":{"rendered":"<p>Particolarmente indicata per la reidratazione della cute e per il ripristino dell\u2019integrit\u00e0 cutanea in corso di trattamenti con peeling chimici, questa emulsione soffice e setosa, \u00e8 in grado di idratare e nutrire la pelle a lungo e in profondit\u00e0, senza impedirne la naturale traspirazione. Il prodotto costituisce un trattamento nutriente e idratante completo grazie alla presenza in formula di Acido Mandelico, Jaluronico e NMF, per una pelle pi\u00f9 luminosa e distesa, vellutata e setosa al tatto. Contiene un filtro solare.<\/p>\n<p>Attivi Fondamentali: Acido Mandelico, Acido Jaluronico, NMF<\/p>\n","protected":false},"featured_media":4184,"template":"","meta":[],"product_brand":[],"product_cat":[674],"product_tag":[697,786],"linee":[620],"aree":[606],"soluzioni":[885,876,831,844,829,856,898,849,897],"class_list":{"0":"post-5937","1":"product","2":"type-product","3":"status-publish","4":"has-post-thumbnail","6":"product_cat-creams","7":"product_tag-anti-macchia-en","8":"product_tag-luminosita-en","9":"linee-mandelic-complex","10":"aree-specialist","11":"soluzioni-deep-cleaning","12":"soluzioni-peeling-en","13":"soluzioni-anti-stain","14":"soluzioni-scars","15":"soluzioni-acne-en","16":"soluzioni-exfoliating","17":"soluzioni-whitening","18":"soluzioni-detoxifying","19":"soluzioni-wrinkles","21":"first","22":"instock","23":"taxable","24":"shipping-taxable","25":"product-type-simple"},"yoast_head":"<!-- This site is optimized with the Yoast SEO plugin v25.4 - https:\/\/yoast.com\/wordpress\/plugins\/seo\/ -->\n<title>Crema Idratante con Acido Mandelico | Capri Beauty Line<\/title>\n<meta name=\"description\" content=\"Particolarmente indicata per la reidratazione della cute e per il ripristino dell\u2019integrit\u00e0 cutanea in corso di trattamenti con peeling chimici, questa emulsione soffice e setosa, \u00e8 in grado di idratare e nutrire la pelle a lungo e in profondit\u00e0, senza impedirne la naturale traspirazione. Il prodotto costituisce un trattamento nutriente e idratante completo grazie alla presenza in formula di Acido Mandelico, Jaluronico e NMF, per una pelle pi\u00f9 luminosa e distesa, vellutata e setosa al tatto. Contiene un filtro solare.  Attivi Fondamentali: Acido Mandelico, Acido Jaluronico, NMF\" \/>\n<meta name=\"robots\" content=\"index, follow, max-snippet:-1, max-image-preview:large, max-video-preview:-1\" \/>\n<link rel=\"canonical\" href=\"https:\/\/capribeautyline.com\/en\/prodotto\/mandelic-crema-idratante-ml50\/\" \/>\n<meta property=\"og:locale\" content=\"en_US\" \/>\n<meta property=\"og:type\" content=\"article\" \/>\n<meta property=\"og:title\" content=\"Crema Idratante con Acido Mandelico | Capri Beauty Line\" \/>\n<meta property=\"og:description\" content=\"Particolarmente indicata per la reidratazione della cute e per il ripristino dell\u2019integrit\u00e0 cutanea in corso di trattamenti con peeling chimici, questa emulsione soffice e setosa, \u00e8 in grado di idratare e nutrire la pelle a lungo e in profondit\u00e0, senza impedirne la naturale traspirazione. Il prodotto costituisce un trattamento nutriente e idratante completo grazie alla presenza in formula di Acido Mandelico, Jaluronico e NMF, per una pelle pi\u00f9 luminosa e distesa, vellutata e setosa al tatto. Contiene un filtro solare.  Attivi Fondamentali: Acido Mandelico, Acido Jaluronico, NMF\" \/>\n<meta property=\"og:url\" content=\"https:\/\/capribeautyline.com\/en\/prodotto\/mandelic-crema-idratante-ml50\/\" \/>\n<meta property=\"og:site_name\" content=\"Capri Beauty Line\" \/>\n<meta property=\"article:publisher\" content=\"https:\/\/www.facebook.com\/capribeautyline\" \/>\n<meta property=\"article:modified_time\" content=\"2026-01-22T09:50:24+00:00\" \/>\n<meta property=\"og:image\" content=\"https:\/\/capribeautyline.com\/wp-content\/uploads\/2020\/11\/54017.jpg\" \/>\n\t<meta property=\"og:image:width\" content=\"1378\" \/>\n\t<meta property=\"og:image:height\" content=\"1378\" \/>\n\t<meta property=\"og:image:type\" content=\"image\/jpeg\" \/>\n<meta name=\"twitter:card\" content=\"summary_large_image\" \/>\n<script type=\"application\/ld+json\" class=\"yoast-schema-graph\">{\"@context\":\"https:\/\/schema.org\",\"@graph\":[{\"@type\":\"WebPage\",\"@id\":\"https:\/\/capribeautyline.com\/en\/prodotto\/mandelic-crema-idratante-ml50\/\",\"url\":\"https:\/\/capribeautyline.com\/en\/prodotto\/mandelic-crema-idratante-ml50\/\",\"name\":\"Crema Idratante con Acido Mandelico | Capri Beauty Line\",\"isPartOf\":{\"@id\":\"https:\/\/capribeautyline.com\/en\/#website\"},\"primaryImageOfPage\":{\"@id\":\"https:\/\/capribeautyline.com\/en\/prodotto\/mandelic-crema-idratante-ml50\/#primaryimage\"},\"image\":{\"@id\":\"https:\/\/capribeautyline.com\/en\/prodotto\/mandelic-crema-idratante-ml50\/#primaryimage\"},\"thumbnailUrl\":\"https:\/\/capribeautyline.com\/wp-content\/uploads\/2020\/11\/54017.jpg\",\"datePublished\":\"2020-11-19T15:10:50+00:00\",\"dateModified\":\"2026-01-22T09:50:24+00:00\",\"description\":\"Particolarmente indicata per la reidratazione della cute e per il ripristino dell\u2019integrit\u00e0 cutanea in corso di trattamenti con peeling chimici, questa emulsione soffice e setosa, \u00e8 in grado di idratare e nutrire la pelle a lungo e in profondit\u00e0, senza impedirne la naturale traspirazione. Il prodotto costituisce un trattamento nutriente e idratante completo grazie alla presenza in formula di Acido Mandelico, Jaluronico e NMF, per una pelle pi\u00f9 luminosa e distesa, vellutata e setosa al tatto. Contiene un filtro solare. Attivi Fondamentali: Acido Mandelico, Acido Jaluronico, NMF\",\"breadcrumb\":{\"@id\":\"https:\/\/capribeautyline.com\/en\/prodotto\/mandelic-crema-idratante-ml50\/#breadcrumb\"},\"inLanguage\":\"en-US\",\"potentialAction\":[{\"@type\":\"ReadAction\",\"target\":[\"https:\/\/capribeautyline.com\/en\/prodotto\/mandelic-crema-idratante-ml50\/\"]}]},{\"@type\":\"ImageObject\",\"inLanguage\":\"en-US\",\"@id\":\"https:\/\/capribeautyline.com\/en\/prodotto\/mandelic-crema-idratante-ml50\/#primaryimage\",\"url\":\"https:\/\/capribeautyline.com\/wp-content\/uploads\/2020\/11\/54017.jpg\",\"contentUrl\":\"https:\/\/capribeautyline.com\/wp-content\/uploads\/2020\/11\/54017.jpg\",\"width\":1378,\"height\":1378},{\"@type\":\"BreadcrumbList\",\"@id\":\"https:\/\/capribeautyline.com\/en\/prodotto\/mandelic-crema-idratante-ml50\/#breadcrumb\",\"itemListElement\":[{\"@type\":\"ListItem\",\"position\":1,\"name\":\"Home\",\"item\":\"https:\/\/capribeautyline.com\/en\/\"},{\"@type\":\"ListItem\",\"position\":2,\"name\":\"Shop\",\"item\":\"https:\/\/capribeautyline.com\/negozio\/\"},{\"@type\":\"ListItem\",\"position\":3,\"name\":\"Crema Idratante con Acido Mandelico\"}]},{\"@type\":\"WebSite\",\"@id\":\"https:\/\/capribeautyline.com\/en\/#website\",\"url\":\"https:\/\/capribeautyline.com\/en\/\",\"name\":\"Capri Beauty Line\",\"description\":\"Cosmesi mediterranea\",\"publisher\":{\"@id\":\"https:\/\/capribeautyline.com\/en\/#organization\"},\"potentialAction\":[{\"@type\":\"SearchAction\",\"target\":{\"@type\":\"EntryPoint\",\"urlTemplate\":\"https:\/\/capribeautyline.com\/en\/?s={search_term_string}\"},\"query-input\":{\"@type\":\"PropertyValueSpecification\",\"valueRequired\":true,\"valueName\":\"search_term_string\"}}],\"inLanguage\":\"en-US\"},{\"@type\":\"Organization\",\"@id\":\"https:\/\/capribeautyline.com\/en\/#organization\",\"name\":\"Capri Beauty Line\",\"url\":\"https:\/\/capribeautyline.com\/en\/\",\"logo\":{\"@type\":\"ImageObject\",\"inLanguage\":\"en-US\",\"@id\":\"https:\/\/capribeautyline.com\/en\/#\/schema\/logo\/image\/\",\"url\":\"https:\/\/capribeautyline.com\/wp-content\/uploads\/2020\/10\/logo-capri-beuaty-line.png\",\"contentUrl\":\"https:\/\/capribeautyline.com\/wp-content\/uploads\/2020\/10\/logo-capri-beuaty-line.png\",\"width\":265,\"height\":86,\"caption\":\"Capri Beauty Line\"},\"image\":{\"@id\":\"https:\/\/capribeautyline.com\/en\/#\/schema\/logo\/image\/\"},\"sameAs\":[\"https:\/\/www.facebook.com\/capribeautyline\",\"https:\/\/www.instagram.com\/capri_beauty_line\"]}]}<\/script>\n<!-- \/ Yoast SEO plugin. -->","yoast_head_json":{"title":"Crema Idratante con Acido Mandelico | Capri Beauty Line","description":"Particolarmente indicata per la reidratazione della cute e per il ripristino dell\u2019integrit\u00e0 cutanea in corso di trattamenti con peeling chimici, questa emulsione soffice e setosa, \u00e8 in grado di idratare e nutrire la pelle a lungo e in profondit\u00e0, senza impedirne la naturale traspirazione. Il prodotto costituisce un trattamento nutriente e idratante completo grazie alla presenza in formula di Acido Mandelico, Jaluronico e NMF, per una pelle pi\u00f9 luminosa e distesa, vellutata e setosa al tatto. Contiene un filtro solare.  Attivi Fondamentali: Acido Mandelico, Acido Jaluronico, NMF","robots":{"index":"index","follow":"follow","max-snippet":"max-snippet:-1","max-image-preview":"max-image-preview:large","max-video-preview":"max-video-preview:-1"},"canonical":"https:\/\/capribeautyline.com\/en\/prodotto\/mandelic-crema-idratante-ml50\/","og_locale":"en_US","og_type":"article","og_title":"Crema Idratante con Acido Mandelico | Capri Beauty Line","og_description":"Particolarmente indicata per la reidratazione della cute e per il ripristino dell\u2019integrit\u00e0 cutanea in corso di trattamenti con peeling chimici, questa emulsione soffice e setosa, \u00e8 in grado di idratare e nutrire la pelle a lungo e in profondit\u00e0, senza impedirne la naturale traspirazione. Il prodotto costituisce un trattamento nutriente e idratante completo grazie alla presenza in formula di Acido Mandelico, Jaluronico e NMF, per una pelle pi\u00f9 luminosa e distesa, vellutata e setosa al tatto. Contiene un filtro solare.  Attivi Fondamentali: Acido Mandelico, Acido Jaluronico, NMF","og_url":"https:\/\/capribeautyline.com\/en\/prodotto\/mandelic-crema-idratante-ml50\/","og_site_name":"Capri Beauty Line","article_publisher":"https:\/\/www.facebook.com\/capribeautyline","article_modified_time":"2026-01-22T09:50:24+00:00","og_image":[{"width":1378,"height":1378,"url":"https:\/\/capribeautyline.com\/wp-content\/uploads\/2020\/11\/54017.jpg","type":"image\/jpeg"}],"twitter_card":"summary_large_image","schema":{"@context":"https:\/\/schema.org","@graph":[{"@type":"WebPage","@id":"https:\/\/capribeautyline.com\/en\/prodotto\/mandelic-crema-idratante-ml50\/","url":"https:\/\/capribeautyline.com\/en\/prodotto\/mandelic-crema-idratante-ml50\/","name":"Crema Idratante con Acido Mandelico | Capri Beauty Line","isPartOf":{"@id":"https:\/\/capribeautyline.com\/en\/#website"},"primaryImageOfPage":{"@id":"https:\/\/capribeautyline.com\/en\/prodotto\/mandelic-crema-idratante-ml50\/#primaryimage"},"image":{"@id":"https:\/\/capribeautyline.com\/en\/prodotto\/mandelic-crema-idratante-ml50\/#primaryimage"},"thumbnailUrl":"https:\/\/capribeautyline.com\/wp-content\/uploads\/2020\/11\/54017.jpg","datePublished":"2020-11-19T15:10:50+00:00","dateModified":"2026-01-22T09:50:24+00:00","description":"Particolarmente indicata per la reidratazione della cute e per il ripristino dell\u2019integrit\u00e0 cutanea in corso di trattamenti con peeling chimici, questa emulsione soffice e setosa, \u00e8 in grado di idratare e nutrire la pelle a lungo e in profondit\u00e0, senza impedirne la naturale traspirazione. Il prodotto costituisce un trattamento nutriente e idratante completo grazie alla presenza in formula di Acido Mandelico, Jaluronico e NMF, per una pelle pi\u00f9 luminosa e distesa, vellutata e setosa al tatto. Contiene un filtro solare. Attivi Fondamentali: Acido Mandelico, Acido Jaluronico, NMF","breadcrumb":{"@id":"https:\/\/capribeautyline.com\/en\/prodotto\/mandelic-crema-idratante-ml50\/#breadcrumb"},"inLanguage":"en-US","potentialAction":[{"@type":"ReadAction","target":["https:\/\/capribeautyline.com\/en\/prodotto\/mandelic-crema-idratante-ml50\/"]}]},{"@type":"ImageObject","inLanguage":"en-US","@id":"https:\/\/capribeautyline.com\/en\/prodotto\/mandelic-crema-idratante-ml50\/#primaryimage","url":"https:\/\/capribeautyline.com\/wp-content\/uploads\/2020\/11\/54017.jpg","contentUrl":"https:\/\/capribeautyline.com\/wp-content\/uploads\/2020\/11\/54017.jpg","width":1378,"height":1378},{"@type":"BreadcrumbList","@id":"https:\/\/capribeautyline.com\/en\/prodotto\/mandelic-crema-idratante-ml50\/#breadcrumb","itemListElement":[{"@type":"ListItem","position":1,"name":"Home","item":"https:\/\/capribeautyline.com\/en\/"},{"@type":"ListItem","position":2,"name":"Shop","item":"https:\/\/capribeautyline.com\/negozio\/"},{"@type":"ListItem","position":3,"name":"Crema Idratante con Acido Mandelico"}]},{"@type":"WebSite","@id":"https:\/\/capribeautyline.com\/en\/#website","url":"https:\/\/capribeautyline.com\/en\/","name":"Capri Beauty Line","description":"Cosmesi mediterranea","publisher":{"@id":"https:\/\/capribeautyline.com\/en\/#organization"},"potentialAction":[{"@type":"SearchAction","target":{"@type":"EntryPoint","urlTemplate":"https:\/\/capribeautyline.com\/en\/?s={search_term_string}"},"query-input":{"@type":"PropertyValueSpecification","valueRequired":true,"valueName":"search_term_string"}}],"inLanguage":"en-US"},{"@type":"Organization","@id":"https:\/\/capribeautyline.com\/en\/#organization","name":"Capri Beauty Line","url":"https:\/\/capribeautyline.com\/en\/","logo":{"@type":"ImageObject","inLanguage":"en-US","@id":"https:\/\/capribeautyline.com\/en\/#\/schema\/logo\/image\/","url":"https:\/\/capribeautyline.com\/wp-content\/uploads\/2020\/10\/logo-capri-beuaty-line.png","contentUrl":"https:\/\/capribeautyline.com\/wp-content\/uploads\/2020\/10\/logo-capri-beuaty-line.png","width":265,"height":86,"caption":"Capri Beauty Line"},"image":{"@id":"https:\/\/capribeautyline.com\/en\/#\/schema\/logo\/image\/"},"sameAs":["https:\/\/www.facebook.com\/capribeautyline","https:\/\/www.instagram.com\/capri_beauty_line"]}]}},"_links":{"self":[{"href":"https:\/\/capribeautyline.com\/en\/wp-json\/wp\/v2\/product\/5937","targetHints":{"allow":["GET"]}}],"collection":[{"href":"https:\/\/capribeautyline.com\/en\/wp-json\/wp\/v2\/product"}],"about":[{"href":"https:\/\/capribeautyline.com\/en\/wp-json\/wp\/v2\/types\/product"}],"wp:featuredmedia":[{"embeddable":true,"href":"https:\/\/capribeautyline.com\/en\/wp-json\/wp\/v2\/media\/4184"}],"wp:attachment":[{"href":"https:\/\/capribeautyline.com\/en\/wp-json\/wp\/v2\/media?parent=5937"}],"wp:term":[{"taxonomy":"product_brand","embeddable":true,"href":"https:\/\/capribeautyline.com\/en\/wp-json\/wp\/v2\/product_brand?post=5937"},{"taxonomy":"product_cat","embeddable":true,"href":"https:\/\/capribeautyline.com\/en\/wp-json\/wp\/v2\/product_cat?post=5937"},{"taxonomy":"product_tag","embeddable":true,"href":"https:\/\/capribeautyline.com\/en\/wp-json\/wp\/v2\/product_tag?post=5937"},{"taxonomy":"linee","embeddable":true,"href":"https:\/\/capribeautyline.com\/en\/wp-json\/wp\/v2\/linee?post=5937"},{"taxonomy":"aree","embeddable":true,"href":"https:\/\/capribeautyline.com\/en\/wp-json\/wp\/v2\/aree?post=5937"},{"taxonomy":"soluzioni","embeddable":true,"href":"https:\/\/capribeautyline.com\/en\/wp-json\/wp\/v2\/soluzioni?post=5937"}],"curies":[{"name":"wp","href":"https:\/\/api.w.org\/{rel}","templated":true}]}}