{"id":5961,"date":"2020-11-19T09:27:05","date_gmt":"2020-11-19T08:27:05","guid":{"rendered":"https:\/\/new.capribeauty.it\/prodotto\/detergente-viso-bifasico-per-pelli-normali-e-miste-ml200\/"},"modified":"2026-01-22T11:55:31","modified_gmt":"2026-01-22T09:55:31","slug":"detergente-viso-bifasico-per-pelli-normali-e-miste-ml200","status":"publish","type":"product","link":"https:\/\/capribeautyline.com\/en\/prodotto\/detergente-viso-bifasico-per-pelli-normali-e-miste-ml200\/","title":{"rendered":"Detergente Viso Bifasico per Pelli Normali e Miste"},"content":{"rendered":"","protected":false},"excerpt":{"rendered":"<p>Un vero e proprio elisir composto da una fase acquosa e da una oleosa che si attivano a vicenda agitando il flacone. La parte acquosa preserva l\u2019idratazione e la tonicit\u00e0 della pelle, mentre la parte oleosa, composta da una miscela di oli e da sostanze attive, \u00e8 in grado di rimuovere anche il make-up waterproof. Ideale per le pelli normali e miste, \u00e8 arricchito da estratti di Bardana, dall\u2019azione astringente, Amamelide con azione purificante e da Aloe Vera per lenire anche le pelli pi\u00f9 sensibili e arrossate.<\/p>\n<p>Attivi Fondamentali: Bardana, Amamelide, Aloe Vera<\/p>\n","protected":false},"featured_media":4160,"template":"","meta":[],"product_brand":[],"product_cat":[722],"product_tag":[746],"linee":[723],"aree":[604],"soluzioni":[848],"class_list":{"0":"post-5961","1":"product","2":"type-product","3":"status-publish","4":"has-post-thumbnail","6":"product_cat-detergents","7":"product_tag-detersione-tonificazione-en","8":"linee-basic-line-face","9":"aree-face","10":"soluzioni-cleansing","12":"first","13":"instock","14":"taxable","15":"shipping-taxable","16":"product-type-simple"},"yoast_head":"<!-- This site is optimized with the Yoast SEO plugin v25.4 - https:\/\/yoast.com\/wordpress\/plugins\/seo\/ -->\n<title>Detergente Viso Bifasico per Pelli Normali e Miste | Capri Beauty Line<\/title>\n<meta name=\"description\" content=\"Un vero e proprio elisir composto da una fase acquosa e da una oleosa che si attivano a vicenda agitando il flacone. La parte acquosa preserva l\u2019idratazione e la tonicit\u00e0 della pelle, mentre la parte oleosa, composta da una miscela di oli e da sostanze attive, \u00e8 in grado di rimuovere anche il make-up waterproof. Ideale per le pelli normali e miste, \u00e8 arricchito da estratti di Bardana, dall\u2019azione astringente, Amamelide con azione purificante e da Aloe Vera per lenire anche le pelli pi\u00f9 sensibili e arrossate.  Attivi Fondamentali: Bardana, Amamelide, Aloe Vera\" \/>\n<meta name=\"robots\" content=\"index, follow, max-snippet:-1, max-image-preview:large, max-video-preview:-1\" \/>\n<link rel=\"canonical\" href=\"https:\/\/capribeautyline.com\/en\/prodotto\/detergente-viso-bifasico-per-pelli-normali-e-miste-ml200\/\" \/>\n<meta property=\"og:locale\" content=\"en_US\" \/>\n<meta property=\"og:type\" content=\"article\" \/>\n<meta property=\"og:title\" content=\"Detergente Viso Bifasico per Pelli Normali e Miste | Capri Beauty Line\" \/>\n<meta property=\"og:description\" content=\"Un vero e proprio elisir composto da una fase acquosa e da una oleosa che si attivano a vicenda agitando il flacone. La parte acquosa preserva l\u2019idratazione e la tonicit\u00e0 della pelle, mentre la parte oleosa, composta da una miscela di oli e da sostanze attive, \u00e8 in grado di rimuovere anche il make-up waterproof. Ideale per le pelli normali e miste, \u00e8 arricchito da estratti di Bardana, dall\u2019azione astringente, Amamelide con azione purificante e da Aloe Vera per lenire anche le pelli pi\u00f9 sensibili e arrossate.  Attivi Fondamentali: Bardana, Amamelide, Aloe Vera\" \/>\n<meta property=\"og:url\" content=\"https:\/\/capribeautyline.com\/en\/prodotto\/detergente-viso-bifasico-per-pelli-normali-e-miste-ml200\/\" \/>\n<meta property=\"og:site_name\" content=\"Capri Beauty Line\" \/>\n<meta property=\"article:publisher\" content=\"https:\/\/www.facebook.com\/capribeautyline\" \/>\n<meta property=\"article:modified_time\" content=\"2026-01-22T09:55:31+00:00\" \/>\n<meta property=\"og:image\" content=\"https:\/\/capribeautyline.com\/wp-content\/uploads\/2020\/11\/51169.jpg\" \/>\n\t<meta property=\"og:image:width\" content=\"1378\" \/>\n\t<meta property=\"og:image:height\" content=\"1378\" \/>\n\t<meta property=\"og:image:type\" content=\"image\/jpeg\" \/>\n<meta name=\"twitter:card\" content=\"summary_large_image\" \/>\n<script type=\"application\/ld+json\" class=\"yoast-schema-graph\">{\"@context\":\"https:\/\/schema.org\",\"@graph\":[{\"@type\":\"WebPage\",\"@id\":\"https:\/\/capribeautyline.com\/en\/prodotto\/detergente-viso-bifasico-per-pelli-normali-e-miste-ml200\/\",\"url\":\"https:\/\/capribeautyline.com\/en\/prodotto\/detergente-viso-bifasico-per-pelli-normali-e-miste-ml200\/\",\"name\":\"Detergente Viso Bifasico per Pelli Normali e Miste | Capri Beauty Line\",\"isPartOf\":{\"@id\":\"https:\/\/capribeautyline.com\/en\/#website\"},\"primaryImageOfPage\":{\"@id\":\"https:\/\/capribeautyline.com\/en\/prodotto\/detergente-viso-bifasico-per-pelli-normali-e-miste-ml200\/#primaryimage\"},\"image\":{\"@id\":\"https:\/\/capribeautyline.com\/en\/prodotto\/detergente-viso-bifasico-per-pelli-normali-e-miste-ml200\/#primaryimage\"},\"thumbnailUrl\":\"https:\/\/capribeautyline.com\/wp-content\/uploads\/2020\/11\/51169.jpg\",\"datePublished\":\"2020-11-19T08:27:05+00:00\",\"dateModified\":\"2026-01-22T09:55:31+00:00\",\"description\":\"Un vero e proprio elisir composto da una fase acquosa e da una oleosa che si attivano a vicenda agitando il flacone. La parte acquosa preserva l\u2019idratazione e la tonicit\u00e0 della pelle, mentre la parte oleosa, composta da una miscela di oli e da sostanze attive, \u00e8 in grado di rimuovere anche il make-up waterproof. Ideale per le pelli normali e miste, \u00e8 arricchito da estratti di Bardana, dall\u2019azione astringente, Amamelide con azione purificante e da Aloe Vera per lenire anche le pelli pi\u00f9 sensibili e arrossate. Attivi Fondamentali: Bardana, Amamelide, Aloe Vera\",\"breadcrumb\":{\"@id\":\"https:\/\/capribeautyline.com\/en\/prodotto\/detergente-viso-bifasico-per-pelli-normali-e-miste-ml200\/#breadcrumb\"},\"inLanguage\":\"en-US\",\"potentialAction\":[{\"@type\":\"ReadAction\",\"target\":[\"https:\/\/capribeautyline.com\/en\/prodotto\/detergente-viso-bifasico-per-pelli-normali-e-miste-ml200\/\"]}]},{\"@type\":\"ImageObject\",\"inLanguage\":\"en-US\",\"@id\":\"https:\/\/capribeautyline.com\/en\/prodotto\/detergente-viso-bifasico-per-pelli-normali-e-miste-ml200\/#primaryimage\",\"url\":\"https:\/\/capribeautyline.com\/wp-content\/uploads\/2020\/11\/51169.jpg\",\"contentUrl\":\"https:\/\/capribeautyline.com\/wp-content\/uploads\/2020\/11\/51169.jpg\",\"width\":1378,\"height\":1378},{\"@type\":\"BreadcrumbList\",\"@id\":\"https:\/\/capribeautyline.com\/en\/prodotto\/detergente-viso-bifasico-per-pelli-normali-e-miste-ml200\/#breadcrumb\",\"itemListElement\":[{\"@type\":\"ListItem\",\"position\":1,\"name\":\"Home\",\"item\":\"https:\/\/capribeautyline.com\/en\/\"},{\"@type\":\"ListItem\",\"position\":2,\"name\":\"Shop\",\"item\":\"https:\/\/capribeautyline.com\/negozio\/\"},{\"@type\":\"ListItem\",\"position\":3,\"name\":\"Detergente Viso Bifasico per Pelli Normali e Miste\"}]},{\"@type\":\"WebSite\",\"@id\":\"https:\/\/capribeautyline.com\/en\/#website\",\"url\":\"https:\/\/capribeautyline.com\/en\/\",\"name\":\"Capri Beauty Line\",\"description\":\"Cosmesi mediterranea\",\"publisher\":{\"@id\":\"https:\/\/capribeautyline.com\/en\/#organization\"},\"potentialAction\":[{\"@type\":\"SearchAction\",\"target\":{\"@type\":\"EntryPoint\",\"urlTemplate\":\"https:\/\/capribeautyline.com\/en\/?s={search_term_string}\"},\"query-input\":{\"@type\":\"PropertyValueSpecification\",\"valueRequired\":true,\"valueName\":\"search_term_string\"}}],\"inLanguage\":\"en-US\"},{\"@type\":\"Organization\",\"@id\":\"https:\/\/capribeautyline.com\/en\/#organization\",\"name\":\"Capri Beauty Line\",\"url\":\"https:\/\/capribeautyline.com\/en\/\",\"logo\":{\"@type\":\"ImageObject\",\"inLanguage\":\"en-US\",\"@id\":\"https:\/\/capribeautyline.com\/en\/#\/schema\/logo\/image\/\",\"url\":\"https:\/\/capribeautyline.com\/wp-content\/uploads\/2020\/10\/logo-capri-beuaty-line.png\",\"contentUrl\":\"https:\/\/capribeautyline.com\/wp-content\/uploads\/2020\/10\/logo-capri-beuaty-line.png\",\"width\":265,\"height\":86,\"caption\":\"Capri Beauty Line\"},\"image\":{\"@id\":\"https:\/\/capribeautyline.com\/en\/#\/schema\/logo\/image\/\"},\"sameAs\":[\"https:\/\/www.facebook.com\/capribeautyline\",\"https:\/\/www.instagram.com\/capri_beauty_line\"]}]}<\/script>\n<!-- \/ Yoast SEO plugin. -->","yoast_head_json":{"title":"Detergente Viso Bifasico per Pelli Normali e Miste | Capri Beauty Line","description":"Un vero e proprio elisir composto da una fase acquosa e da una oleosa che si attivano a vicenda agitando il flacone. La parte acquosa preserva l\u2019idratazione e la tonicit\u00e0 della pelle, mentre la parte oleosa, composta da una miscela di oli e da sostanze attive, \u00e8 in grado di rimuovere anche il make-up waterproof. Ideale per le pelli normali e miste, \u00e8 arricchito da estratti di Bardana, dall\u2019azione astringente, Amamelide con azione purificante e da Aloe Vera per lenire anche le pelli pi\u00f9 sensibili e arrossate.  Attivi Fondamentali: Bardana, Amamelide, Aloe Vera","robots":{"index":"index","follow":"follow","max-snippet":"max-snippet:-1","max-image-preview":"max-image-preview:large","max-video-preview":"max-video-preview:-1"},"canonical":"https:\/\/capribeautyline.com\/en\/prodotto\/detergente-viso-bifasico-per-pelli-normali-e-miste-ml200\/","og_locale":"en_US","og_type":"article","og_title":"Detergente Viso Bifasico per Pelli Normali e Miste | Capri Beauty Line","og_description":"Un vero e proprio elisir composto da una fase acquosa e da una oleosa che si attivano a vicenda agitando il flacone. La parte acquosa preserva l\u2019idratazione e la tonicit\u00e0 della pelle, mentre la parte oleosa, composta da una miscela di oli e da sostanze attive, \u00e8 in grado di rimuovere anche il make-up waterproof. Ideale per le pelli normali e miste, \u00e8 arricchito da estratti di Bardana, dall\u2019azione astringente, Amamelide con azione purificante e da Aloe Vera per lenire anche le pelli pi\u00f9 sensibili e arrossate.  Attivi Fondamentali: Bardana, Amamelide, Aloe Vera","og_url":"https:\/\/capribeautyline.com\/en\/prodotto\/detergente-viso-bifasico-per-pelli-normali-e-miste-ml200\/","og_site_name":"Capri Beauty Line","article_publisher":"https:\/\/www.facebook.com\/capribeautyline","article_modified_time":"2026-01-22T09:55:31+00:00","og_image":[{"width":1378,"height":1378,"url":"https:\/\/capribeautyline.com\/wp-content\/uploads\/2020\/11\/51169.jpg","type":"image\/jpeg"}],"twitter_card":"summary_large_image","schema":{"@context":"https:\/\/schema.org","@graph":[{"@type":"WebPage","@id":"https:\/\/capribeautyline.com\/en\/prodotto\/detergente-viso-bifasico-per-pelli-normali-e-miste-ml200\/","url":"https:\/\/capribeautyline.com\/en\/prodotto\/detergente-viso-bifasico-per-pelli-normali-e-miste-ml200\/","name":"Detergente Viso Bifasico per Pelli Normali e Miste | Capri Beauty Line","isPartOf":{"@id":"https:\/\/capribeautyline.com\/en\/#website"},"primaryImageOfPage":{"@id":"https:\/\/capribeautyline.com\/en\/prodotto\/detergente-viso-bifasico-per-pelli-normali-e-miste-ml200\/#primaryimage"},"image":{"@id":"https:\/\/capribeautyline.com\/en\/prodotto\/detergente-viso-bifasico-per-pelli-normali-e-miste-ml200\/#primaryimage"},"thumbnailUrl":"https:\/\/capribeautyline.com\/wp-content\/uploads\/2020\/11\/51169.jpg","datePublished":"2020-11-19T08:27:05+00:00","dateModified":"2026-01-22T09:55:31+00:00","description":"Un vero e proprio elisir composto da una fase acquosa e da una oleosa che si attivano a vicenda agitando il flacone. La parte acquosa preserva l\u2019idratazione e la tonicit\u00e0 della pelle, mentre la parte oleosa, composta da una miscela di oli e da sostanze attive, \u00e8 in grado di rimuovere anche il make-up waterproof. Ideale per le pelli normali e miste, \u00e8 arricchito da estratti di Bardana, dall\u2019azione astringente, Amamelide con azione purificante e da Aloe Vera per lenire anche le pelli pi\u00f9 sensibili e arrossate. Attivi Fondamentali: Bardana, Amamelide, Aloe Vera","breadcrumb":{"@id":"https:\/\/capribeautyline.com\/en\/prodotto\/detergente-viso-bifasico-per-pelli-normali-e-miste-ml200\/#breadcrumb"},"inLanguage":"en-US","potentialAction":[{"@type":"ReadAction","target":["https:\/\/capribeautyline.com\/en\/prodotto\/detergente-viso-bifasico-per-pelli-normali-e-miste-ml200\/"]}]},{"@type":"ImageObject","inLanguage":"en-US","@id":"https:\/\/capribeautyline.com\/en\/prodotto\/detergente-viso-bifasico-per-pelli-normali-e-miste-ml200\/#primaryimage","url":"https:\/\/capribeautyline.com\/wp-content\/uploads\/2020\/11\/51169.jpg","contentUrl":"https:\/\/capribeautyline.com\/wp-content\/uploads\/2020\/11\/51169.jpg","width":1378,"height":1378},{"@type":"BreadcrumbList","@id":"https:\/\/capribeautyline.com\/en\/prodotto\/detergente-viso-bifasico-per-pelli-normali-e-miste-ml200\/#breadcrumb","itemListElement":[{"@type":"ListItem","position":1,"name":"Home","item":"https:\/\/capribeautyline.com\/en\/"},{"@type":"ListItem","position":2,"name":"Shop","item":"https:\/\/capribeautyline.com\/negozio\/"},{"@type":"ListItem","position":3,"name":"Detergente Viso Bifasico per Pelli Normali e Miste"}]},{"@type":"WebSite","@id":"https:\/\/capribeautyline.com\/en\/#website","url":"https:\/\/capribeautyline.com\/en\/","name":"Capri Beauty Line","description":"Cosmesi mediterranea","publisher":{"@id":"https:\/\/capribeautyline.com\/en\/#organization"},"potentialAction":[{"@type":"SearchAction","target":{"@type":"EntryPoint","urlTemplate":"https:\/\/capribeautyline.com\/en\/?s={search_term_string}"},"query-input":{"@type":"PropertyValueSpecification","valueRequired":true,"valueName":"search_term_string"}}],"inLanguage":"en-US"},{"@type":"Organization","@id":"https:\/\/capribeautyline.com\/en\/#organization","name":"Capri Beauty Line","url":"https:\/\/capribeautyline.com\/en\/","logo":{"@type":"ImageObject","inLanguage":"en-US","@id":"https:\/\/capribeautyline.com\/en\/#\/schema\/logo\/image\/","url":"https:\/\/capribeautyline.com\/wp-content\/uploads\/2020\/10\/logo-capri-beuaty-line.png","contentUrl":"https:\/\/capribeautyline.com\/wp-content\/uploads\/2020\/10\/logo-capri-beuaty-line.png","width":265,"height":86,"caption":"Capri Beauty Line"},"image":{"@id":"https:\/\/capribeautyline.com\/en\/#\/schema\/logo\/image\/"},"sameAs":["https:\/\/www.facebook.com\/capribeautyline","https:\/\/www.instagram.com\/capri_beauty_line"]}]}},"_links":{"self":[{"href":"https:\/\/capribeautyline.com\/en\/wp-json\/wp\/v2\/product\/5961","targetHints":{"allow":["GET"]}}],"collection":[{"href":"https:\/\/capribeautyline.com\/en\/wp-json\/wp\/v2\/product"}],"about":[{"href":"https:\/\/capribeautyline.com\/en\/wp-json\/wp\/v2\/types\/product"}],"wp:featuredmedia":[{"embeddable":true,"href":"https:\/\/capribeautyline.com\/en\/wp-json\/wp\/v2\/media\/4160"}],"wp:attachment":[{"href":"https:\/\/capribeautyline.com\/en\/wp-json\/wp\/v2\/media?parent=5961"}],"wp:term":[{"taxonomy":"product_brand","embeddable":true,"href":"https:\/\/capribeautyline.com\/en\/wp-json\/wp\/v2\/product_brand?post=5961"},{"taxonomy":"product_cat","embeddable":true,"href":"https:\/\/capribeautyline.com\/en\/wp-json\/wp\/v2\/product_cat?post=5961"},{"taxonomy":"product_tag","embeddable":true,"href":"https:\/\/capribeautyline.com\/en\/wp-json\/wp\/v2\/product_tag?post=5961"},{"taxonomy":"linee","embeddable":true,"href":"https:\/\/capribeautyline.com\/en\/wp-json\/wp\/v2\/linee?post=5961"},{"taxonomy":"aree","embeddable":true,"href":"https:\/\/capribeautyline.com\/en\/wp-json\/wp\/v2\/aree?post=5961"},{"taxonomy":"soluzioni","embeddable":true,"href":"https:\/\/capribeautyline.com\/en\/wp-json\/wp\/v2\/soluzioni?post=5961"}],"curies":[{"name":"wp","href":"https:\/\/api.w.org\/{rel}","templated":true}]}}